{"id":31032,"date":"2025-07-02T14:11:43","date_gmt":"2025-07-02T13:11:43","guid":{"rendered":"https:\/\/agradocosmetic.com\/?page_id=31032"},"modified":"2025-07-08T15:03:40","modified_gmt":"2025-07-08T14:03:40","slug":"hair-lovers-2","status":"publish","type":"page","link":"https:\/\/agradocosmetic.com\/en\/hair-lovers-2\/","title":{"rendered":"Hair Lovers"},"content":{"rendered":"<div data-elementor-type=\"wp-page\" data-elementor-id=\"31032\" class=\"elementor elementor-31032\" data-elementor-post-type=\"page\">\n\t\t\t\t<div class=\"elementor-element elementor-element-bac322b e-flex e-con-boxed e-con e-parent\" data-id=\"bac322b\" data-element_type=\"container\" data-e-type=\"container\" data-settings=\"{&quot;background_background&quot;:&quot;classic&quot;,&quot;jet_parallax_layout_list&quot;:[],&quot;ekit_has_onepagescroll_dot&quot;:&quot;yes&quot;}\">\n\t\t\t\t\t<div class=\"e-con-inner\">\n\t\t\t\t<div class=\"elementor-element elementor-element-6f20a9f elementor-widget elementor-widget-image\" data-id=\"6f20a9f\" data-element_type=\"widget\" data-e-type=\"widget\" data-settings=\"{&quot;ekit_we_effect_on&quot;:&quot;none&quot;}\" data-widget_type=\"image.default\">\n\t\t\t\t<div class=\"elementor-widget-container\">\n\t\t\t\t\t\t\t\t\t\t\t\t\t\t\t<img decoding=\"async\" width=\"195\" height=\"78\" src=\"https:\/\/agradocosmetic.com\/wp-content\/uploads\/2025\/07\/Agrado-Hair-Lovers.svg\" class=\"attachment-large size-large wp-image-31039\" alt=\"\" \/>\t\t\t\t\t\t\t\t\t\t\t\t\t\t\t<\/div>\n\t\t\t\t<\/div>\n\t\t\t\t<div class=\"elementor-element elementor-element-16d07fc hairlovers-heading elementor-widget elementor-widget-heading\" data-id=\"16d07fc\" data-element_type=\"widget\" data-e-type=\"widget\" data-settings=\"{&quot;ekit_we_effect_on&quot;:&quot;none&quot;}\" data-widget_type=\"heading.default\">\n\t\t\t\t<div class=\"elementor-widget-container\">\n\t\t\t\t\t<h1 class=\"elementor-heading-title elementor-size-default\">HairLovers<\/h1>\t\t\t\t<\/div>\n\t\t\t\t<\/div>\n\t\t\t\t<div class=\"elementor-element elementor-element-829d2f3 elementor-widget__width-initial gradient-text-black elementor-widget elementor-widget-text-editor\" data-id=\"829d2f3\" data-element_type=\"widget\" data-e-type=\"widget\" data-settings=\"{&quot;ekit_we_effect_on&quot;:&quot;none&quot;}\" data-widget_type=\"text-editor.default\">\n\t\t\t\t<div class=\"elementor-widget-container\">\n\t\t\t\t\t\t\t\t\t<p>Designed and developed for hair cleansing and care.<br \/>Hair is one of our most powerful identifying marks, and that&#039;s why it deserves special care.<\/p>\t\t\t\t\t\t\t\t<\/div>\n\t\t\t\t<\/div>\n\t\t\t\t\t<\/div>\n\t\t\t\t<\/div>\n\t\t<div class=\"elementor-element elementor-element-af9351f e-flex e-con-boxed e-con e-parent\" data-id=\"af9351f\" data-element_type=\"container\" data-e-type=\"container\" data-settings=\"{&quot;background_background&quot;:&quot;classic&quot;,&quot;jet_parallax_layout_list&quot;:[],&quot;ekit_has_onepagescroll_dot&quot;:&quot;yes&quot;}\">\n\t\t\t\t\t<div class=\"e-con-inner\">\n\t\t\t\t<div class=\"elementor-element elementor-element-055cc97 elementor-widget__width-initial elementor-widget elementor-widget-heading\" data-id=\"055cc97\" data-element_type=\"widget\" data-e-type=\"widget\" data-settings=\"{&quot;ekit_we_effect_on&quot;:&quot;none&quot;}\" data-widget_type=\"heading.default\">\n\t\t\t\t<div class=\"elementor-widget-container\">\n\t\t\t\t\t<h2 class=\"elementor-heading-title elementor-size-default\">At Hair Lovers, we believe in authentic and conscious beauty.<\/h2>\t\t\t\t<\/div>\n\t\t\t\t<\/div>\n\t\t\t\t<div class=\"elementor-element elementor-element-52f749e elementor-widget__width-initial elementor-widget elementor-widget-text-editor\" data-id=\"52f749e\" data-element_type=\"widget\" data-e-type=\"widget\" data-settings=\"{&quot;ekit_we_effect_on&quot;:&quot;none&quot;}\" data-widget_type=\"text-editor.default\">\n\t\t\t\t<div class=\"elementor-widget-container\">\n\t\t\t\t\t\t\t\t\tThat&#039;s why we&#039;ve created a hair care line with highly effective ingredients and technology tailored to each hair type. Active ingredients such as plant proteins, nourishing oils, and natural antioxidants\u2014care active ingredients\u2014work synergistically to hydrate, strengthen, and protect, giving your hair exactly what it needs.\t\t\t\t\t\t\t\t<\/div>\n\t\t\t\t<\/div>\n\t\t\t\t<div class=\"elementor-element elementor-element-ba22092 elementor-hidden-widescreen elementor-hidden-desktop elementor-hidden-laptop elementor-hidden-tablet_extra elementor-widget elementor-widget-image\" data-id=\"ba22092\" data-element_type=\"widget\" data-e-type=\"widget\" data-settings=\"{&quot;ekit_we_effect_on&quot;:&quot;none&quot;}\" data-widget_type=\"image.default\">\n\t\t\t\t<div class=\"elementor-widget-container\">\n\t\t\t\t\t\t\t\t\t\t\t\t\t\t\t<img fetchpriority=\"high\" decoding=\"async\" width=\"700\" height=\"588\" src=\"https:\/\/agradocosmetic.com\/wp-content\/uploads\/2025\/07\/Agrado-Hairlovers-cuidado-cabello-1.webp\" class=\"attachment-large size-large wp-image-31226\" alt=\"\" srcset=\"https:\/\/agradocosmetic.com\/wp-content\/uploads\/2025\/07\/Agrado-Hairlovers-cuidado-cabello-1.webp 700w, https:\/\/agradocosmetic.com\/wp-content\/uploads\/2025\/07\/Agrado-Hairlovers-cuidado-cabello-1-300x252.webp 300w, https:\/\/agradocosmetic.com\/wp-content\/uploads\/2025\/07\/Agrado-Hairlovers-cuidado-cabello-1-14x12.webp 14w\" sizes=\"(max-width: 700px) 100vw, 700px\" \/>\t\t\t\t\t\t\t\t\t\t\t\t\t\t\t<\/div>\n\t\t\t\t<\/div>\n\t\t\t\t\t<\/div>\n\t\t\t\t<\/div>\n\t\t<div class=\"elementor-element elementor-element-0b8b4f8 e-flex e-con-boxed e-con e-parent\" data-id=\"0b8b4f8\" data-element_type=\"container\" data-e-type=\"container\" data-settings=\"{&quot;background_background&quot;:&quot;classic&quot;,&quot;jet_parallax_layout_list&quot;:[],&quot;ekit_has_onepagescroll_dot&quot;:&quot;yes&quot;}\">\n\t\t\t\t\t<div class=\"e-con-inner\">\n\t\t<div class=\"elementor-element elementor-element-2cde38a e-con-full elementor-hidden-mobile elementor-hidden-tablet e-flex e-con e-child\" data-id=\"2cde38a\" data-element_type=\"container\" data-e-type=\"container\" data-settings=\"{&quot;jet_parallax_layout_list&quot;:[],&quot;ekit_has_onepagescroll_dot&quot;:&quot;yes&quot;}\">\n\t\t\t\t<\/div>\n\t\t<div class=\"elementor-element elementor-element-a1a1049 e-con-full e-flex e-con e-child\" data-id=\"a1a1049\" data-element_type=\"container\" data-e-type=\"container\" data-settings=\"{&quot;jet_parallax_layout_list&quot;:[],&quot;ekit_has_onepagescroll_dot&quot;:&quot;yes&quot;}\">\n\t\t\t\t<div class=\"elementor-element elementor-element-cb3094d elementor-widget__width-initial elementor-widget elementor-widget-heading\" data-id=\"cb3094d\" data-element_type=\"widget\" data-e-type=\"widget\" data-settings=\"{&quot;ekit_we_effect_on&quot;:&quot;none&quot;}\" data-widget_type=\"heading.default\">\n\t\t\t\t<div class=\"elementor-widget-container\">\n\t\t\t\t\t<h2 class=\"elementor-heading-title elementor-size-default\">Take care of your hair by taking care of what surrounds us<\/h2>\t\t\t\t<\/div>\n\t\t\t\t<\/div>\n\t\t\t\t<div class=\"elementor-element elementor-element-86e8436 elementor-widget__width-initial elementor-widget elementor-widget-text-editor\" data-id=\"86e8436\" data-element_type=\"widget\" data-e-type=\"widget\" data-settings=\"{&quot;ekit_we_effect_on&quot;:&quot;none&quot;}\" data-widget_type=\"text-editor.default\">\n\t\t\t\t<div class=\"elementor-widget-container\">\n\t\t\t\t\t\t\t\t\t<p>And because loving your hair also means caring for what surrounds us, our formulas are 100% vegan and kind to people and the planet. Plus, we use 50% recycled plastic in our 100% recyclable packaging, reducing our impact without sacrificing quality.<\/p>\t\t\t\t\t\t\t\t<\/div>\n\t\t\t\t<\/div>\n\t\t\t\t<div class=\"elementor-element elementor-element-4bdb4d1 elementor-hidden-widescreen elementor-hidden-desktop elementor-hidden-laptop elementor-hidden-tablet_extra elementor-widget elementor-widget-image\" data-id=\"4bdb4d1\" data-element_type=\"widget\" data-e-type=\"widget\" data-settings=\"{&quot;ekit_we_effect_on&quot;:&quot;none&quot;}\" data-widget_type=\"image.default\">\n\t\t\t\t<div class=\"elementor-widget-container\">\n\t\t\t\t\t\t\t\t\t\t\t\t\t\t\t<img decoding=\"async\" width=\"500\" height=\"391\" src=\"https:\/\/agradocosmetic.com\/wp-content\/uploads\/2025\/07\/Cuida-tu-cabello-Agrado-1.webp\" class=\"attachment-large size-large wp-image-31234\" alt=\"\" srcset=\"https:\/\/agradocosmetic.com\/wp-content\/uploads\/2025\/07\/Cuida-tu-cabello-Agrado-1.webp 500w, https:\/\/agradocosmetic.com\/wp-content\/uploads\/2025\/07\/Cuida-tu-cabello-Agrado-1-300x235.webp 300w, https:\/\/agradocosmetic.com\/wp-content\/uploads\/2025\/07\/Cuida-tu-cabello-Agrado-1-15x12.webp 15w\" sizes=\"(max-width: 500px) 100vw, 500px\" \/>\t\t\t\t\t\t\t\t\t\t\t\t\t\t\t<\/div>\n\t\t\t\t<\/div>\n\t\t\t\t<\/div>\n\t\t\t\t\t<\/div>\n\t\t\t\t<\/div>\n\t\t<div class=\"elementor-element elementor-element-de0d5aa e-flex e-con-boxed e-con e-parent\" data-id=\"de0d5aa\" data-element_type=\"container\" data-e-type=\"container\" data-settings=\"{&quot;background_background&quot;:&quot;classic&quot;,&quot;jet_parallax_layout_list&quot;:[],&quot;ekit_has_onepagescroll_dot&quot;:&quot;yes&quot;}\">\n\t\t\t\t\t<div class=\"e-con-inner\">\n\t\t\t\t<div class=\"elementor-element elementor-element-e906bf0 elementor-widget elementor-widget-image\" data-id=\"e906bf0\" data-element_type=\"widget\" data-e-type=\"widget\" data-settings=\"{&quot;ekit_we_effect_on&quot;:&quot;none&quot;}\" data-widget_type=\"image.default\">\n\t\t\t\t<div class=\"elementor-widget-container\">\n\t\t\t\t\t\t\t\t\t\t\t\t\t\t\t<img loading=\"lazy\" decoding=\"async\" width=\"250\" height=\"118\" src=\"https:\/\/agradocosmetic.com\/wp-content\/uploads\/2025\/07\/Somos-HairLovers-Agrado.svg\" class=\"attachment-large size-large wp-image-31249\" alt=\"\" \/>\t\t\t\t\t\t\t\t\t\t\t\t\t\t\t<\/div>\n\t\t\t\t<\/div>\n\t\t\t\t<div class=\"elementor-element elementor-element-6de47ad elementor-widget__width-initial elementor-widget elementor-widget-heading\" data-id=\"6de47ad\" data-element_type=\"widget\" data-e-type=\"widget\" data-settings=\"{&quot;ekit_we_effect_on&quot;:&quot;none&quot;}\" data-widget_type=\"heading.default\">\n\t\t\t\t<div class=\"elementor-widget-container\">\n\t\t\t\t\t<span class=\"elementor-heading-title elementor-size-default\">Visible results. \n<\/span>\t\t\t\t<\/div>\n\t\t\t\t<\/div>\n\t\t\t\t<div class=\"elementor-element elementor-element-db1cb42 elementor-widget__width-initial elementor-widget elementor-widget-heading\" data-id=\"db1cb42\" data-element_type=\"widget\" data-e-type=\"widget\" data-settings=\"{&quot;ekit_we_effect_on&quot;:&quot;none&quot;}\" data-widget_type=\"heading.default\">\n\t\t\t\t<div class=\"elementor-widget-container\">\n\t\t\t\t\t<span class=\"elementor-heading-title elementor-size-default\">Cutting-edge ingredients. \n<\/span>\t\t\t\t<\/div>\n\t\t\t\t<\/div>\n\t\t\t\t<div class=\"elementor-element elementor-element-97a44fc elementor-widget__width-initial elementor-widget elementor-widget-heading\" data-id=\"97a44fc\" data-element_type=\"widget\" data-e-type=\"widget\" data-settings=\"{&quot;ekit_we_effect_on&quot;:&quot;none&quot;}\" data-widget_type=\"heading.default\">\n\t\t\t\t<div class=\"elementor-widget-container\">\n\t\t\t\t\t<span class=\"elementor-heading-title elementor-size-default\">Real commitment. <\/span>\t\t\t\t<\/div>\n\t\t\t\t<\/div>\n\t\t\t\t<div class=\"elementor-element elementor-element-4b912c8 elementor-widget__width-initial elementor-widget elementor-widget-heading\" data-id=\"4b912c8\" data-element_type=\"widget\" data-e-type=\"widget\" data-settings=\"{&quot;ekit_we_effect_on&quot;:&quot;none&quot;}\" data-widget_type=\"heading.default\">\n\t\t\t\t<div class=\"elementor-widget-container\">\n\t\t\t\t\t<h3 class=\"elementor-heading-title elementor-size-default\">Because your hair matters, and so does the planet, we are Hair Lovers.<\/h3>\t\t\t\t<\/div>\n\t\t\t\t<\/div>\n\t\t\t\t<div class=\"elementor-element elementor-element-62d6881 elementor-hidden-widescreen elementor-hidden-desktop elementor-hidden-laptop elementor-hidden-tablet_extra elementor-widget elementor-widget-image\" data-id=\"62d6881\" data-element_type=\"widget\" data-e-type=\"widget\" data-settings=\"{&quot;ekit_we_effect_on&quot;:&quot;none&quot;}\" data-widget_type=\"image.default\">\n\t\t\t\t<div class=\"elementor-widget-container\">\n\t\t\t\t\t\t\t\t\t\t\t\t\t\t\t<img loading=\"lazy\" decoding=\"async\" width=\"750\" height=\"400\" src=\"https:\/\/agradocosmetic.com\/wp-content\/uploads\/2025\/07\/Resultados-visibles-HairLovers-Agrado-.webp\" class=\"attachment-large size-large wp-image-31264\" alt=\"\" srcset=\"https:\/\/agradocosmetic.com\/wp-content\/uploads\/2025\/07\/Resultados-visibles-HairLovers-Agrado-.webp 750w, https:\/\/agradocosmetic.com\/wp-content\/uploads\/2025\/07\/Resultados-visibles-HairLovers-Agrado--300x160.webp 300w, https:\/\/agradocosmetic.com\/wp-content\/uploads\/2025\/07\/Resultados-visibles-HairLovers-Agrado--18x10.webp 18w\" sizes=\"(max-width: 750px) 100vw, 750px\" \/>\t\t\t\t\t\t\t\t\t\t\t\t\t\t\t<\/div>\n\t\t\t\t<\/div>\n\t\t\t\t\t<\/div>\n\t\t\t\t<\/div>\n\t\t\t\t<\/div>","protected":false},"excerpt":{"rendered":"<p>HairLovers Dise\u00f1ada y desarrollada para la limpieza y cuidado capilar.El cabello es una de las se\u00f1as de identidad m\u00e1s poderosas que tenemos, y por eso merece un cuidado especial. En Hair Lovers, creemos en una belleza aut\u00e9ntica y consciente. Por eso, hemos creado una l\u00ednea capilar con ingredientes de alta eficacia y tecnolog\u00eda adaptada a [&hellip;]<\/p>\n","protected":false},"author":9,"featured_media":0,"parent":0,"menu_order":6,"comment_status":"closed","ping_status":"closed","template":"","meta":{"footnotes":"","_wp_rev_ctl_limit":""},"class_list":["post-31032","page","type-page","status-publish","hentry"],"yoast_head":"<!-- This site is optimized with the Yoast SEO plugin v26.9 - https:\/\/yoast.com\/product\/yoast-seo-wordpress\/ -->\n<title>Hair Lovers - Agrado<\/title>\n<meta name=\"robots\" content=\"index, follow, max-snippet:-1, max-image-preview:large, max-video-preview:-1\" \/>\n<link rel=\"canonical\" href=\"https:\/\/agradocosmetic.com\/en\/hair-lovers-2\/\" \/>\n<meta property=\"og:locale\" content=\"en_GB\" \/>\n<meta property=\"og:type\" content=\"article\" \/>\n<meta property=\"og:title\" content=\"Hair Lovers - Agrado\" \/>\n<meta property=\"og:description\" content=\"HairLovers Dise\u00f1ada y desarrollada para la limpieza y cuidado capilar.El cabello es una de las se\u00f1as de identidad m\u00e1s poderosas que tenemos, y por eso merece un cuidado especial. En Hair Lovers, creemos en una belleza aut\u00e9ntica y consciente. Por eso, hemos creado una l\u00ednea capilar con ingredientes de alta eficacia y tecnolog\u00eda adaptada a [&hellip;]\" \/>\n<meta property=\"og:url\" content=\"https:\/\/agradocosmetic.com\/en\/hair-lovers-2\/\" \/>\n<meta property=\"og:site_name\" content=\"Agrado\" \/>\n<meta property=\"article:modified_time\" content=\"2025-07-08T14:03:40+00:00\" \/>\n<meta name=\"twitter:card\" content=\"summary_large_image\" \/>\n<meta name=\"twitter:label1\" content=\"Estimated reading time\" \/>\n\t<meta name=\"twitter:data1\" content=\"2 minutes\" \/>\n<script type=\"application\/ld+json\" class=\"yoast-schema-graph\">{\"@context\":\"https:\/\/schema.org\",\"@graph\":[{\"@type\":\"WebPage\",\"@id\":\"https:\/\/agradocosmetic.com\/hair-lovers-2\/\",\"url\":\"https:\/\/agradocosmetic.com\/hair-lovers-2\/\",\"name\":\"Hair Lovers - Agrado\",\"isPartOf\":{\"@id\":\"https:\/\/agradocosmetic.com\/#website\"},\"primaryImageOfPage\":{\"@id\":\"https:\/\/agradocosmetic.com\/hair-lovers-2\/#primaryimage\"},\"image\":{\"@id\":\"https:\/\/agradocosmetic.com\/hair-lovers-2\/#primaryimage\"},\"thumbnailUrl\":\"https:\/\/agradocosmetic.com\/wp-content\/uploads\/2025\/07\/Agrado-Hair-Lovers.svg\",\"datePublished\":\"2025-07-02T13:11:43+00:00\",\"dateModified\":\"2025-07-08T14:03:40+00:00\",\"breadcrumb\":{\"@id\":\"https:\/\/agradocosmetic.com\/hair-lovers-2\/#breadcrumb\"},\"inLanguage\":\"en-GB\",\"potentialAction\":[{\"@type\":\"ReadAction\",\"target\":[\"https:\/\/agradocosmetic.com\/hair-lovers-2\/\"]}]},{\"@type\":\"ImageObject\",\"inLanguage\":\"en-GB\",\"@id\":\"https:\/\/agradocosmetic.com\/hair-lovers-2\/#primaryimage\",\"url\":\"https:\/\/agradocosmetic.com\/wp-content\/uploads\/2025\/07\/Agrado-Hair-Lovers.svg\",\"contentUrl\":\"https:\/\/agradocosmetic.com\/wp-content\/uploads\/2025\/07\/Agrado-Hair-Lovers.svg\"},{\"@type\":\"BreadcrumbList\",\"@id\":\"https:\/\/agradocosmetic.com\/hair-lovers-2\/#breadcrumb\",\"itemListElement\":[{\"@type\":\"ListItem\",\"position\":1,\"name\":\"Portada\",\"item\":\"https:\/\/agradocosmetic.com\/\"},{\"@type\":\"ListItem\",\"position\":2,\"name\":\"Hair Lovers\"}]},{\"@type\":\"WebSite\",\"@id\":\"https:\/\/agradocosmetic.com\/#website\",\"url\":\"https:\/\/agradocosmetic.com\/\",\"name\":\"Agrado\",\"description\":\"Cosmetic\",\"publisher\":{\"@id\":\"https:\/\/agradocosmetic.com\/#organization\"},\"potentialAction\":[{\"@type\":\"SearchAction\",\"target\":{\"@type\":\"EntryPoint\",\"urlTemplate\":\"https:\/\/agradocosmetic.com\/?s={search_term_string}\"},\"query-input\":{\"@type\":\"PropertyValueSpecification\",\"valueRequired\":true,\"valueName\":\"search_term_string\"}}],\"inLanguage\":\"en-GB\"},{\"@type\":\"Organization\",\"@id\":\"https:\/\/agradocosmetic.com\/#organization\",\"name\":\"Agrado\",\"url\":\"https:\/\/agradocosmetic.com\/\",\"logo\":{\"@type\":\"ImageObject\",\"inLanguage\":\"en-GB\",\"@id\":\"https:\/\/agradocosmetic.com\/#\/schema\/logo\/image\/\",\"url\":\"https:\/\/agradocosmetic.com\/wp-content\/uploads\/2023\/07\/LOGO-AGRADO-WEB-01.png\",\"contentUrl\":\"https:\/\/agradocosmetic.com\/wp-content\/uploads\/2023\/07\/LOGO-AGRADO-WEB-01.png\",\"width\":1632,\"height\":300,\"caption\":\"Agrado\"},\"image\":{\"@id\":\"https:\/\/agradocosmetic.com\/#\/schema\/logo\/image\/\"}}]}<\/script>\n<!-- \/ Yoast SEO plugin. -->","yoast_head_json":{"title":"Hair Lovers - Agrado","robots":{"index":"index","follow":"follow","max-snippet":"max-snippet:-1","max-image-preview":"max-image-preview:large","max-video-preview":"max-video-preview:-1"},"canonical":"https:\/\/agradocosmetic.com\/en\/hair-lovers-2\/","og_locale":"en_GB","og_type":"article","og_title":"Hair Lovers - Agrado","og_description":"HairLovers Dise\u00f1ada y desarrollada para la limpieza y cuidado capilar.El cabello es una de las se\u00f1as de identidad m\u00e1s poderosas que tenemos, y por eso merece un cuidado especial. En Hair Lovers, creemos en una belleza aut\u00e9ntica y consciente. Por eso, hemos creado una l\u00ednea capilar con ingredientes de alta eficacia y tecnolog\u00eda adaptada a [&hellip;]","og_url":"https:\/\/agradocosmetic.com\/en\/hair-lovers-2\/","og_site_name":"Agrado","article_modified_time":"2025-07-08T14:03:40+00:00","twitter_card":"summary_large_image","twitter_misc":{"Estimated reading time":"2 minutes"},"schema":{"@context":"https:\/\/schema.org","@graph":[{"@type":"WebPage","@id":"https:\/\/agradocosmetic.com\/hair-lovers-2\/","url":"https:\/\/agradocosmetic.com\/hair-lovers-2\/","name":"Hair Lovers - Agrado","isPartOf":{"@id":"https:\/\/agradocosmetic.com\/#website"},"primaryImageOfPage":{"@id":"https:\/\/agradocosmetic.com\/hair-lovers-2\/#primaryimage"},"image":{"@id":"https:\/\/agradocosmetic.com\/hair-lovers-2\/#primaryimage"},"thumbnailUrl":"https:\/\/agradocosmetic.com\/wp-content\/uploads\/2025\/07\/Agrado-Hair-Lovers.svg","datePublished":"2025-07-02T13:11:43+00:00","dateModified":"2025-07-08T14:03:40+00:00","breadcrumb":{"@id":"https:\/\/agradocosmetic.com\/hair-lovers-2\/#breadcrumb"},"inLanguage":"en-GB","potentialAction":[{"@type":"ReadAction","target":["https:\/\/agradocosmetic.com\/hair-lovers-2\/"]}]},{"@type":"ImageObject","inLanguage":"en-GB","@id":"https:\/\/agradocosmetic.com\/hair-lovers-2\/#primaryimage","url":"https:\/\/agradocosmetic.com\/wp-content\/uploads\/2025\/07\/Agrado-Hair-Lovers.svg","contentUrl":"https:\/\/agradocosmetic.com\/wp-content\/uploads\/2025\/07\/Agrado-Hair-Lovers.svg"},{"@type":"BreadcrumbList","@id":"https:\/\/agradocosmetic.com\/hair-lovers-2\/#breadcrumb","itemListElement":[{"@type":"ListItem","position":1,"name":"Portada","item":"https:\/\/agradocosmetic.com\/"},{"@type":"ListItem","position":2,"name":"Hair Lovers"}]},{"@type":"WebSite","@id":"https:\/\/agradocosmetic.com\/#website","url":"https:\/\/agradocosmetic.com\/","name":"Liking","description":"cosmetic","publisher":{"@id":"https:\/\/agradocosmetic.com\/#organization"},"potentialAction":[{"@type":"SearchAction","target":{"@type":"EntryPoint","urlTemplate":"https:\/\/agradocosmetic.com\/?s={search_term_string}"},"query-input":{"@type":"PropertyValueSpecification","valueRequired":true,"valueName":"search_term_string"}}],"inLanguage":"en-GB"},{"@type":"Organization","@id":"https:\/\/agradocosmetic.com\/#organization","name":"Liking","url":"https:\/\/agradocosmetic.com\/","logo":{"@type":"ImageObject","inLanguage":"en-GB","@id":"https:\/\/agradocosmetic.com\/#\/schema\/logo\/image\/","url":"https:\/\/agradocosmetic.com\/wp-content\/uploads\/2023\/07\/LOGO-AGRADO-WEB-01.png","contentUrl":"https:\/\/agradocosmetic.com\/wp-content\/uploads\/2023\/07\/LOGO-AGRADO-WEB-01.png","width":1632,"height":300,"caption":"Agrado"},"image":{"@id":"https:\/\/agradocosmetic.com\/#\/schema\/logo\/image\/"}}]}},"_links":{"self":[{"href":"https:\/\/agradocosmetic.com\/en\/wp-json\/wp\/v2\/pages\/31032","targetHints":{"allow":["GET"]}}],"collection":[{"href":"https:\/\/agradocosmetic.com\/en\/wp-json\/wp\/v2\/pages"}],"about":[{"href":"https:\/\/agradocosmetic.com\/en\/wp-json\/wp\/v2\/types\/page"}],"author":[{"embeddable":true,"href":"https:\/\/agradocosmetic.com\/en\/wp-json\/wp\/v2\/users\/9"}],"replies":[{"embeddable":true,"href":"https:\/\/agradocosmetic.com\/en\/wp-json\/wp\/v2\/comments?post=31032"}],"version-history":[{"count":10,"href":"https:\/\/agradocosmetic.com\/en\/wp-json\/wp\/v2\/pages\/31032\/revisions"}],"predecessor-version":[{"id":32584,"href":"https:\/\/agradocosmetic.com\/en\/wp-json\/wp\/v2\/pages\/31032\/revisions\/32584"}],"wp:attachment":[{"href":"https:\/\/agradocosmetic.com\/en\/wp-json\/wp\/v2\/media?parent=31032"}],"curies":[{"name":"wp","href":"https:\/\/api.w.org\/{rel}","templated":true}]}}