{"id":934,"date":"2023-09-11T18:36:58","date_gmt":"2023-09-11T18:36:58","guid":{"rendered":"https:\/\/dev-freelancerweb.site\/?page_id=934"},"modified":"2025-07-09T12:34:11","modified_gmt":"2025-07-09T11:34:11","slug":"politica-de-calidad","status":"publish","type":"page","link":"https:\/\/agradocosmetic.com\/en\/politica-de-calidad\/","title":{"rendered":"Quality politics"},"content":{"rendered":"<div data-elementor-type=\"wp-page\" data-elementor-id=\"934\" class=\"elementor elementor-934\" data-elementor-post-type=\"page\">\n\t\t\t\t<div class=\"elementor-element elementor-element-cc36e93 e-flex e-con-boxed e-con e-parent\" data-id=\"cc36e93\" data-element_type=\"container\" data-e-type=\"container\" data-settings=\"{&quot;jet_parallax_layout_list&quot;:[],&quot;ekit_has_onepagescroll_dot&quot;:&quot;yes&quot;}\">\n\t\t\t\t\t<div class=\"e-con-inner\">\n\t\t\t\t<div class=\"elementor-element elementor-element-ae2df97 elementor-widget elementor-widget-heading\" data-id=\"ae2df97\" data-element_type=\"widget\" data-e-type=\"widget\" data-settings=\"{&quot;ekit_we_effect_on&quot;:&quot;none&quot;}\" data-widget_type=\"heading.default\">\n\t\t\t\t<div class=\"elementor-widget-container\">\n\t\t\t\t\t<h2 class=\"elementor-heading-title elementor-size-default\">Quality politics\n<\/h2>\t\t\t\t<\/div>\n\t\t\t\t<\/div>\n\t\t\t\t<div class=\"elementor-element elementor-element-6e9e876 elementor-widget elementor-widget-text-editor\" data-id=\"6e9e876\" data-element_type=\"widget\" data-e-type=\"widget\" data-settings=\"{&quot;ekit_we_effect_on&quot;:&quot;none&quot;}\" data-widget_type=\"text-editor.default\">\n\t\t\t\t<div class=\"elementor-widget-container\">\n\t\t\t\t\t\t\t\t\t<p><span style=\"font-weight: 400;\">The Board of Directors of the <strong>Romar Global Care Group (RGC)<\/strong>, established by the Company <strong>QUIMI ROMAR, SL<\/strong>, the Society <strong>AGRADO COSMETICS CARE 3000 SL<\/strong> and SOCIETY <strong>XIOMARA PACKAGING SL<\/strong>, maintains a Quality Management System (QMS) based on the Company&#039;s Quality Policy that considers the social, economic and environmental context, as well as the interested parties related to our activity (environment, workers, competition, etc.) and generates confidence, both in our Clients and internally, that the Company has the capacity to design and supply compliant products that achieve the satisfaction of said Clients, expanding the Company&#039;s markets.<\/span><\/p><p><span style=\"font-weight: 400;\">The Board of Directors of the<strong> RGC Group<\/strong>, as the person most responsible for the application of the Quality Policy, undertakes to support the implementation and maintenance of said Quality Management System to achieve continuous improvement, and to comply and enforce at all levels of the Company the responsibilities and activities assigned in the QMS documentation.<\/span><\/p><p><span style=\"font-weight: 400;\">The company&#039;s management, through its President, assumes responsibility for compliance with Good Manufacturing Practices (GMP) and undertakes to use all means at its disposal; achieving these objectives requires the participation and commitment of all company staff as well as visiting staff.<\/span><\/p><p><span style=\"font-weight: 400;\">The Quality Policy of <strong>RGC Group<\/strong> it&#039;s based on:<\/span><\/p><ul><li><span style=\"font-weight: 400;\">Design, establish and maintain a Quality System adapted to our activities and <\/span><span style=\"font-weight: 400;\">nature of personal hygiene products, cleaning products and insecticides and in particular in the <\/span><span style=\"font-weight: 400;\">cosmetic lines that meet the needs and expectations of customers, with the <\/span><span style=\"font-weight: 400;\">best possible technology.\u00a0<\/span><\/li><li><span style=\"font-weight: 400;\">Comply with applicable legislative and regulatory requirements.\u00a0<\/span><\/li><li><span style=\"font-weight: 400;\">Ensure that raw material suppliers meet quality, price and service expectations.\u00a0<\/span><\/li><li><span style=\"font-weight: 400;\">Deliver products at competitive prices and in an appropriate time frame, achieving and maintaining a reputation for quality with good service and price.<\/span><\/li><li><span style=\"font-weight: 400;\">Enjoy an innovative spirit supported by a continuous training plan.<\/span><\/li><li><span style=\"font-weight: 400;\">Product Defense: Preventing Intentional Adulteration<\/span><\/li><\/ul><p><span style=\"font-weight: 400;\">The ultimate goal of the RGC Group is to achieve a prominent position in the market and for our customers to benefit from the improvements obtained from the correct application of the Quality Management System and compliance with GMP. Likewise, the Group is committed to informing its customers as soon as possible of any problem related to the safety or legality of the product, including deviations and non-conformities identified by the competent authorities.<\/span><\/p><p><span style=\"font-weight: 400;\">The different physical, chemical and microbiological risks have been considered in the HACCP study, as well as all aspects of product safety. In this way, the RGC Group guarantees the safety and harmlessness of its products placed on the market, providing itself with technical and human resources to ensure the sanitary suitability of its products and the requirements specified by customers and consumers. In this sense, the necessary resources will be available to address any aspect required by regulations and by customers, contributing to the continuous improvement of the company and of <\/span><span style=\"font-weight: 400;\">its products and services offered. The aim is to improve processes and their management in a sustainable way and respect the environment and the social environment in which the company operates, assuming its environmental, ethical and labour responsibilities in its development.<\/span><\/p><p><span style=\"font-weight: 400;\">The RGC Group Management wishes to convey the importance of the proper understanding, implementation and updating of this policy at all levels of the company and undertakes to provide the appropriate resources for its development and implementation, as well as to carry out the corresponding monitoring of its effectiveness.<\/span><\/p><p><span style=\"font-weight: 400;\">In Sagunto, August 26, 2024.<\/span><\/p><p><span style=\"font-weight: 400;\">Pablo Rodr\u00edguez-Gimeno<\/span><\/p><p><span style=\"font-weight: 400;\">Managing Director<\/span><\/p><p><span style=\"font-weight: 400;\">ROMAR GLOBAL CARE GROUP<\/span><\/p>\t\t\t\t\t\t\t\t<\/div>\n\t\t\t\t<\/div>\n\t\t\t\t\t<\/div>\n\t\t\t\t<\/div>\n\t\t\t\t<\/div>","protected":false},"excerpt":{"rendered":"<p>Pol\u00edtica de calidad El Consejo de Administraci\u00f3n del Grupo Romar Global Care (RGC), constituido por la Sociedad QUIMI ROMAR, S.L., la Sociedad AGRADO COSMETICS CARE 3000 S.L. y la SOCIEDAD ENVASADO XIOMARA S.L., mantiene un Sistema de Gesti\u00f3n de la Calidad (SGC) fundamentado en la Pol\u00edtica de la Calidad de la Empresa que considera el [&hellip;]<\/p>\n","protected":false},"author":1,"featured_media":22230,"parent":0,"menu_order":49,"comment_status":"closed","ping_status":"closed","template":"","meta":{"footnotes":"","_wp_rev_ctl_limit":""},"class_list":["post-934","page","type-page","status-publish","has-post-thumbnail","hentry"],"yoast_head":"<!-- This site is optimized with the Yoast SEO plugin v27.4 - https:\/\/yoast.com\/product\/yoast-seo-wordpress\/ -->\n<title>Pol\u00edtica de calidad - Agrado<\/title>\n<meta name=\"robots\" content=\"index, follow, max-snippet:-1, max-image-preview:large, max-video-preview:-1\" \/>\n<link rel=\"canonical\" href=\"https:\/\/agradocosmetic.com\/en\/politica-de-calidad\/\" \/>\n<meta property=\"og:locale\" content=\"en_GB\" \/>\n<meta property=\"og:type\" content=\"article\" \/>\n<meta property=\"og:title\" content=\"Pol\u00edtica de calidad - Agrado\" \/>\n<meta property=\"og:description\" content=\"Pol\u00edtica de calidad El Consejo de Administraci\u00f3n del Grupo Romar Global Care (RGC), constituido por la Sociedad QUIMI ROMAR, S.L., la Sociedad AGRADO COSMETICS CARE 3000 S.L. y la SOCIEDAD ENVASADO XIOMARA S.L., mantiene un Sistema de Gesti\u00f3n de la Calidad (SGC) fundamentado en la Pol\u00edtica de la Calidad de la Empresa que considera el [&hellip;]\" \/>\n<meta property=\"og:url\" content=\"https:\/\/agradocosmetic.com\/en\/politica-de-calidad\/\" \/>\n<meta property=\"og:site_name\" content=\"Agrado\" \/>\n<meta property=\"article:modified_time\" content=\"2025-07-09T11:34:11+00:00\" \/>\n<meta property=\"og:image\" content=\"https:\/\/agradocosmetic.com\/wp-content\/uploads\/2023\/10\/Distribuidores-contacto.jpg\" \/>\n\t<meta property=\"og:image:width\" content=\"353\" \/>\n\t<meta property=\"og:image:height\" content=\"224\" \/>\n\t<meta property=\"og:image:type\" content=\"image\/jpeg\" \/>\n<meta name=\"twitter:card\" content=\"summary_large_image\" \/>\n<meta name=\"twitter:label1\" content=\"Estimated reading time\" \/>\n\t<meta name=\"twitter:data1\" content=\"3 minutes\" \/>\n<script type=\"application\/ld+json\" class=\"yoast-schema-graph\">{\"@context\":\"https:\\\/\\\/schema.org\",\"@graph\":[{\"@type\":\"WebPage\",\"@id\":\"https:\\\/\\\/agradocosmetic.com\\\/politica-de-calidad\\\/\",\"url\":\"https:\\\/\\\/agradocosmetic.com\\\/politica-de-calidad\\\/\",\"name\":\"Pol\u00edtica de calidad - Agrado\",\"isPartOf\":{\"@id\":\"https:\\\/\\\/agradocosmetic.com\\\/#website\"},\"primaryImageOfPage\":{\"@id\":\"https:\\\/\\\/agradocosmetic.com\\\/politica-de-calidad\\\/#primaryimage\"},\"image\":{\"@id\":\"https:\\\/\\\/agradocosmetic.com\\\/politica-de-calidad\\\/#primaryimage\"},\"thumbnailUrl\":\"https:\\\/\\\/agradocosmetic.com\\\/wp-content\\\/uploads\\\/2023\\\/10\\\/Distribuidores-contacto.jpg\",\"datePublished\":\"2023-09-11T18:36:58+00:00\",\"dateModified\":\"2025-07-09T11:34:11+00:00\",\"breadcrumb\":{\"@id\":\"https:\\\/\\\/agradocosmetic.com\\\/politica-de-calidad\\\/#breadcrumb\"},\"inLanguage\":\"en-GB\",\"potentialAction\":[{\"@type\":\"ReadAction\",\"target\":[\"https:\\\/\\\/agradocosmetic.com\\\/politica-de-calidad\\\/\"]}]},{\"@type\":\"ImageObject\",\"inLanguage\":\"en-GB\",\"@id\":\"https:\\\/\\\/agradocosmetic.com\\\/politica-de-calidad\\\/#primaryimage\",\"url\":\"https:\\\/\\\/agradocosmetic.com\\\/wp-content\\\/uploads\\\/2023\\\/10\\\/Distribuidores-contacto.jpg\",\"contentUrl\":\"https:\\\/\\\/agradocosmetic.com\\\/wp-content\\\/uploads\\\/2023\\\/10\\\/Distribuidores-contacto.jpg\",\"width\":353,\"height\":224},{\"@type\":\"BreadcrumbList\",\"@id\":\"https:\\\/\\\/agradocosmetic.com\\\/politica-de-calidad\\\/#breadcrumb\",\"itemListElement\":[{\"@type\":\"ListItem\",\"position\":1,\"name\":\"Portada\",\"item\":\"https:\\\/\\\/agradocosmetic.com\\\/\"},{\"@type\":\"ListItem\",\"position\":2,\"name\":\"Pol\u00edtica de calidad\"}]},{\"@type\":\"WebSite\",\"@id\":\"https:\\\/\\\/agradocosmetic.com\\\/#website\",\"url\":\"https:\\\/\\\/agradocosmetic.com\\\/\",\"name\":\"Agrado\",\"description\":\"Cosmetic\",\"publisher\":{\"@id\":\"https:\\\/\\\/agradocosmetic.com\\\/#organization\"},\"potentialAction\":[{\"@type\":\"SearchAction\",\"target\":{\"@type\":\"EntryPoint\",\"urlTemplate\":\"https:\\\/\\\/agradocosmetic.com\\\/?s={search_term_string}\"},\"query-input\":{\"@type\":\"PropertyValueSpecification\",\"valueRequired\":true,\"valueName\":\"search_term_string\"}}],\"inLanguage\":\"en-GB\"},{\"@type\":\"Organization\",\"@id\":\"https:\\\/\\\/agradocosmetic.com\\\/#organization\",\"name\":\"Agrado\",\"url\":\"https:\\\/\\\/agradocosmetic.com\\\/\",\"logo\":{\"@type\":\"ImageObject\",\"inLanguage\":\"en-GB\",\"@id\":\"https:\\\/\\\/agradocosmetic.com\\\/#\\\/schema\\\/logo\\\/image\\\/\",\"url\":\"https:\\\/\\\/agradocosmetic.com\\\/wp-content\\\/uploads\\\/2023\\\/07\\\/LOGO-AGRADO-WEB-01.png\",\"contentUrl\":\"https:\\\/\\\/agradocosmetic.com\\\/wp-content\\\/uploads\\\/2023\\\/07\\\/LOGO-AGRADO-WEB-01.png\",\"width\":1632,\"height\":300,\"caption\":\"Agrado\"},\"image\":{\"@id\":\"https:\\\/\\\/agradocosmetic.com\\\/#\\\/schema\\\/logo\\\/image\\\/\"}}]}<\/script>\n<!-- \/ Yoast SEO plugin. -->","yoast_head_json":{"title":"Pol\u00edtica de calidad - Agrado","robots":{"index":"index","follow":"follow","max-snippet":"max-snippet:-1","max-image-preview":"max-image-preview:large","max-video-preview":"max-video-preview:-1"},"canonical":"https:\/\/agradocosmetic.com\/en\/politica-de-calidad\/","og_locale":"en_GB","og_type":"article","og_title":"Pol\u00edtica de calidad - Agrado","og_description":"Pol\u00edtica de calidad El Consejo de Administraci\u00f3n del Grupo Romar Global Care (RGC), constituido por la Sociedad QUIMI ROMAR, S.L., la Sociedad AGRADO COSMETICS CARE 3000 S.L. y la SOCIEDAD ENVASADO XIOMARA S.L., mantiene un Sistema de Gesti\u00f3n de la Calidad (SGC) fundamentado en la Pol\u00edtica de la Calidad de la Empresa que considera el [&hellip;]","og_url":"https:\/\/agradocosmetic.com\/en\/politica-de-calidad\/","og_site_name":"Agrado","article_modified_time":"2025-07-09T11:34:11+00:00","og_image":[{"width":353,"height":224,"url":"https:\/\/agradocosmetic.com\/wp-content\/uploads\/2023\/10\/Distribuidores-contacto.jpg","type":"image\/jpeg"}],"twitter_card":"summary_large_image","twitter_misc":{"Estimated reading time":"3 minutes"},"schema":{"@context":"https:\/\/schema.org","@graph":[{"@type":"WebPage","@id":"https:\/\/agradocosmetic.com\/politica-de-calidad\/","url":"https:\/\/agradocosmetic.com\/politica-de-calidad\/","name":"Pol\u00edtica de calidad - Agrado","isPartOf":{"@id":"https:\/\/agradocosmetic.com\/#website"},"primaryImageOfPage":{"@id":"https:\/\/agradocosmetic.com\/politica-de-calidad\/#primaryimage"},"image":{"@id":"https:\/\/agradocosmetic.com\/politica-de-calidad\/#primaryimage"},"thumbnailUrl":"https:\/\/agradocosmetic.com\/wp-content\/uploads\/2023\/10\/Distribuidores-contacto.jpg","datePublished":"2023-09-11T18:36:58+00:00","dateModified":"2025-07-09T11:34:11+00:00","breadcrumb":{"@id":"https:\/\/agradocosmetic.com\/politica-de-calidad\/#breadcrumb"},"inLanguage":"en-GB","potentialAction":[{"@type":"ReadAction","target":["https:\/\/agradocosmetic.com\/politica-de-calidad\/"]}]},{"@type":"ImageObject","inLanguage":"en-GB","@id":"https:\/\/agradocosmetic.com\/politica-de-calidad\/#primaryimage","url":"https:\/\/agradocosmetic.com\/wp-content\/uploads\/2023\/10\/Distribuidores-contacto.jpg","contentUrl":"https:\/\/agradocosmetic.com\/wp-content\/uploads\/2023\/10\/Distribuidores-contacto.jpg","width":353,"height":224},{"@type":"BreadcrumbList","@id":"https:\/\/agradocosmetic.com\/politica-de-calidad\/#breadcrumb","itemListElement":[{"@type":"ListItem","position":1,"name":"Portada","item":"https:\/\/agradocosmetic.com\/"},{"@type":"ListItem","position":2,"name":"Pol\u00edtica de calidad"}]},{"@type":"WebSite","@id":"https:\/\/agradocosmetic.com\/#website","url":"https:\/\/agradocosmetic.com\/","name":"Liking","description":"cosmetic","publisher":{"@id":"https:\/\/agradocosmetic.com\/#organization"},"potentialAction":[{"@type":"SearchAction","target":{"@type":"EntryPoint","urlTemplate":"https:\/\/agradocosmetic.com\/?s={search_term_string}"},"query-input":{"@type":"PropertyValueSpecification","valueRequired":true,"valueName":"search_term_string"}}],"inLanguage":"en-GB"},{"@type":"Organization","@id":"https:\/\/agradocosmetic.com\/#organization","name":"Liking","url":"https:\/\/agradocosmetic.com\/","logo":{"@type":"ImageObject","inLanguage":"en-GB","@id":"https:\/\/agradocosmetic.com\/#\/schema\/logo\/image\/","url":"https:\/\/agradocosmetic.com\/wp-content\/uploads\/2023\/07\/LOGO-AGRADO-WEB-01.png","contentUrl":"https:\/\/agradocosmetic.com\/wp-content\/uploads\/2023\/07\/LOGO-AGRADO-WEB-01.png","width":1632,"height":300,"caption":"Agrado"},"image":{"@id":"https:\/\/agradocosmetic.com\/#\/schema\/logo\/image\/"}}]}},"_links":{"self":[{"href":"https:\/\/agradocosmetic.com\/en\/wp-json\/wp\/v2\/pages\/934","targetHints":{"allow":["GET"]}}],"collection":[{"href":"https:\/\/agradocosmetic.com\/en\/wp-json\/wp\/v2\/pages"}],"about":[{"href":"https:\/\/agradocosmetic.com\/en\/wp-json\/wp\/v2\/types\/page"}],"author":[{"embeddable":true,"href":"https:\/\/agradocosmetic.com\/en\/wp-json\/wp\/v2\/users\/1"}],"replies":[{"embeddable":true,"href":"https:\/\/agradocosmetic.com\/en\/wp-json\/wp\/v2\/comments?post=934"}],"version-history":[{"count":10,"href":"https:\/\/agradocosmetic.com\/en\/wp-json\/wp\/v2\/pages\/934\/revisions"}],"predecessor-version":[{"id":32715,"href":"https:\/\/agradocosmetic.com\/en\/wp-json\/wp\/v2\/pages\/934\/revisions\/32715"}],"wp:featuredmedia":[{"embeddable":true,"href":"https:\/\/agradocosmetic.com\/en\/wp-json\/wp\/v2\/media\/22230"}],"wp:attachment":[{"href":"https:\/\/agradocosmetic.com\/en\/wp-json\/wp\/v2\/media?parent=934"}],"curies":[{"name":"wp","href":"https:\/\/api.w.org\/{rel}","templated":true}]}}