{"id":28776,"date":"2024-12-03T10:02:25","date_gmt":"2024-12-03T09:02:25","guid":{"rendered":"https:\/\/agradocosmetic.com\/?page_id=28776"},"modified":"2025-05-05T11:56:24","modified_gmt":"2025-05-05T10:56:24","slug":"skin-positive-storytelling","status":"publish","type":"page","link":"https:\/\/agradocosmetic.com\/fr\/skin-positive-storytelling\/","title":{"rendered":"Histoires de peau"},"content":{"rendered":"<div data-elementor-type=\"wp-page\" data-elementor-id=\"28776\" class=\"elementor elementor-28776\" data-elementor-post-type=\"page\">\n\t\t\t\t<div class=\"elementor-element elementor-element-f1b286b e-flex e-con-boxed e-con e-parent\" data-id=\"f1b286b\" data-element_type=\"container\" data-e-type=\"container\" data-settings=\"{&quot;background_background&quot;:&quot;classic&quot;,&quot;jet_parallax_layout_list&quot;:[],&quot;ekit_has_onepagescroll_dot&quot;:&quot;yes&quot;}\">\n\t\t\t\t\t<div class=\"e-con-inner\">\n\t\t<div class=\"elementor-element elementor-element-651e10d e-con-full e-flex e-con e-child\" data-id=\"651e10d\" data-element_type=\"container\" data-e-type=\"container\" data-settings=\"{&quot;jet_parallax_layout_list&quot;:[],&quot;ekit_has_onepagescroll_dot&quot;:&quot;yes&quot;}\">\n\t\t\t\t<div class=\"elementor-element elementor-element-007394c elementor-widget elementor-widget-text-editor\" data-id=\"007394c\" data-element_type=\"widget\" data-e-type=\"widget\" data-settings=\"{&quot;ekit_we_effect_on&quot;:&quot;none&quot;}\" data-widget_type=\"text-editor.default\">\n\t\t\t\t<div class=\"elementor-widget-container\">\n\t\t\t\t\t\t\t\t\tskin positive\t\t\t\t\t\t\t\t<\/div>\n\t\t\t\t<\/div>\n\t\t\t\t<\/div>\n\t\t<div class=\"elementor-element elementor-element-d5f4d86 e-con-full e-flex e-con e-child\" data-id=\"d5f4d86\" data-element_type=\"container\" data-e-type=\"container\" data-settings=\"{&quot;jet_parallax_layout_list&quot;:[],&quot;ekit_has_onepagescroll_dot&quot;:&quot;yes&quot;}\">\n\t\t\t\t<div class=\"elementor-element elementor-element-f5d5c9d elementor-widget elementor-widget-heading\" data-id=\"f5d5c9d\" data-element_type=\"widget\" data-e-type=\"widget\" data-settings=\"{&quot;ekit_we_effect_on&quot;:&quot;none&quot;}\" data-widget_type=\"heading.default\">\n\t\t\t\t<div class=\"elementor-widget-container\">\n\t\t\t\t\t<h2 class=\"elementor-heading-title elementor-size-default\">Love my skin<\/h2>\t\t\t\t<\/div>\n\t\t\t\t<\/div>\n\t\t\t\t<\/div>\n\t\t<div class=\"elementor-element elementor-element-62f87f9 e-con-full e-flex e-con e-child\" data-id=\"62f87f9\" data-element_type=\"container\" data-e-type=\"container\" data-settings=\"{&quot;jet_parallax_layout_list&quot;:[],&quot;ekit_has_onepagescroll_dot&quot;:&quot;yes&quot;}\">\n\t\t\t\t<div class=\"elementor-element elementor-element-98fff15 elementor-widget__width-initial elementor-widget elementor-widget-text-editor\" data-id=\"98fff15\" data-element_type=\"widget\" data-e-type=\"widget\" data-settings=\"{&quot;ekit_we_effect_on&quot;:&quot;none&quot;}\" data-widget_type=\"text-editor.default\">\n\t\t\t\t<div class=\"elementor-widget-container\">\n\t\t\t\t\t\t\t\t\t<p class=\"translation-block\">Accepter sa peau, c\u2019est s\u2019accepter soi-m\u00eame. Accepter ses diff\u00e9rents \u00e9tats, c\u2019est les admettre. En prendre soin et lui offrir ce dont elle a besoin, c\u2019est une mani\u00e8re de s\u2019aimer.\nBienvenue \u00e0 Skin Positive, une nouvelle mani\u00e8re de prendre soin de votre peau qui fait ressortir le meilleur de vous-m\u00eame en r\u00e9pondant \u00e0 son \u00e9tat.<\/p>\t\t\t\t\t\t\t\t<\/div>\n\t\t\t\t<\/div>\n\t\t\t\t<\/div>\n\t\t<div class=\"elementor-element elementor-element-b1859c1 e-con-full e-flex e-con e-child\" data-id=\"b1859c1\" data-element_type=\"container\" data-e-type=\"container\" data-settings=\"{&quot;jet_parallax_layout_list&quot;:[],&quot;ekit_has_onepagescroll_dot&quot;:&quot;yes&quot;}\">\n\t\t\t\t<div class=\"elementor-element elementor-element-c0dd075 elementor-widget-mobile__width-initial elementor-widget elementor-widget-image\" data-id=\"c0dd075\" data-element_type=\"widget\" data-e-type=\"widget\" data-settings=\"{&quot;ekit_we_effect_on&quot;:&quot;none&quot;}\" data-widget_type=\"image.default\">\n\t\t\t\t<div class=\"elementor-widget-container\">\n\t\t\t\t\t\t\t\t\t\t\t\t\t\t\t<img decoding=\"async\" src=\"https:\/\/agradocosmetic.com\/wp-content\/uploads\/2024\/11\/by-agrado.webp\" title=\"\" alt=\"\" loading=\"lazy\" \/>\t\t\t\t\t\t\t\t\t\t\t\t\t\t\t<\/div>\n\t\t\t\t<\/div>\n\t\t\t\t<\/div>\n\t\t\t\t\t<\/div>\n\t\t\t\t<\/div>\n\t\t<div class=\"elementor-element elementor-element-4d9c786 e-flex e-con-boxed e-con e-parent\" data-id=\"4d9c786\" data-element_type=\"container\" data-e-type=\"container\" data-settings=\"{&quot;background_background&quot;:&quot;classic&quot;,&quot;jet_parallax_layout_list&quot;:[],&quot;ekit_has_onepagescroll_dot&quot;:&quot;yes&quot;}\">\n\t\t\t\t\t<div class=\"e-con-inner\">\n\t\t<div class=\"elementor-element elementor-element-3ca3283 e-con-full e-flex e-con e-child\" data-id=\"3ca3283\" data-element_type=\"container\" data-e-type=\"container\" data-settings=\"{&quot;jet_parallax_layout_list&quot;:[],&quot;ekit_has_onepagescroll_dot&quot;:&quot;yes&quot;}\">\n\t\t\t\t<div class=\"elementor-element elementor-element-3c5d54a elementor-widget elementor-widget-heading\" data-id=\"3c5d54a\" data-element_type=\"widget\" data-e-type=\"widget\" data-settings=\"{&quot;ekit_we_effect_on&quot;:&quot;none&quot;}\" data-widget_type=\"heading.default\">\n\t\t\t\t<div class=\"elementor-widget-container\">\n\t\t\t\t\t<h3 class=\"elementor-heading-title elementor-size-default translation-block\">Vers une <br>\nbeaut\u00e9 positive<\/h3>\t\t\t\t<\/div>\n\t\t\t\t<\/div>\n\t\t\t\t<\/div>\n\t\t<div class=\"elementor-element elementor-element-b0c4dd6 e-con-full e-flex e-con e-child\" data-id=\"b0c4dd6\" data-element_type=\"container\" data-e-type=\"container\" data-settings=\"{&quot;jet_parallax_layout_list&quot;:[],&quot;ekit_has_onepagescroll_dot&quot;:&quot;yes&quot;}\">\n\t\t\t\t<div class=\"elementor-element elementor-element-6c58b3c elementor-widget__width-initial elementor-widget elementor-widget-text-editor\" data-id=\"6c58b3c\" data-element_type=\"widget\" data-e-type=\"widget\" data-settings=\"{&quot;ekit_we_effect_on&quot;:&quot;none&quot;}\" data-widget_type=\"text-editor.default\">\n\t\t\t\t<div class=\"elementor-widget-container\">\n\t\t\t\t\t\t\t\t\t<p class=\"translation-block\">La beaut\u00e9 positive est une r\u00e9alit\u00e9 qui se manifeste en se choyant et en s\u2019acceptant tel que l\u2019on est. Chaque peau, avec ses particularit\u00e9s, ses phases et son histoire, est d\u2019une beaut\u00e9 singuli\u00e8re.\nChez Agrado Skin Positive, nous f\u00eatons ce qui vous rend unique dans un geste d\u2019acceptation de votre essence.<\/p>\t\t\t\t\t\t\t\t<\/div>\n\t\t\t\t<\/div>\n\t\t\t\t<\/div>\n\t\t\t\t\t<\/div>\n\t\t\t\t<\/div>\n\t\t<div class=\"elementor-element elementor-element-0f69ec6 e-flex e-con-boxed e-con e-parent\" data-id=\"0f69ec6\" data-element_type=\"container\" data-e-type=\"container\" data-settings=\"{&quot;background_background&quot;:&quot;classic&quot;,&quot;jet_parallax_layout_list&quot;:[],&quot;ekit_has_onepagescroll_dot&quot;:&quot;yes&quot;}\">\n\t\t\t\t\t<div class=\"e-con-inner\">\n\t\t<div class=\"elementor-element elementor-element-95e07b3 e-con-full elementor-hidden-mobile e-flex e-con e-child\" data-id=\"95e07b3\" data-element_type=\"container\" data-e-type=\"container\" data-settings=\"{&quot;jet_parallax_layout_list&quot;:[],&quot;ekit_has_onepagescroll_dot&quot;:&quot;yes&quot;}\">\n\t\t\t\t<\/div>\n\t\t<div class=\"elementor-element elementor-element-5f8dd76 e-con-full e-flex e-con e-child\" data-id=\"5f8dd76\" data-element_type=\"container\" data-e-type=\"container\" data-settings=\"{&quot;jet_parallax_layout_list&quot;:[],&quot;ekit_has_onepagescroll_dot&quot;:&quot;yes&quot;}\">\n\t\t\t\t<div class=\"elementor-element elementor-element-af77049 elementor-widget elementor-widget-heading\" data-id=\"af77049\" data-element_type=\"widget\" data-e-type=\"widget\" data-settings=\"{&quot;ekit_we_effect_on&quot;:&quot;none&quot;}\" data-widget_type=\"heading.default\">\n\t\t\t\t<div class=\"elementor-widget-container\">\n\t\t\t\t\t<h3 class=\"elementor-heading-title elementor-size-default translation-block\">Nous sommes uniques <br>\nnous sommes sp\u00e9ciaux<\/h3>\t\t\t\t<\/div>\n\t\t\t\t<\/div>\n\t\t\t\t<div class=\"elementor-element elementor-element-2c3c29f elementor-widget__width-initial elementor-widget elementor-widget-text-editor\" data-id=\"2c3c29f\" data-element_type=\"widget\" data-e-type=\"widget\" data-settings=\"{&quot;ekit_we_effect_on&quot;:&quot;none&quot;}\" data-widget_type=\"text-editor.default\">\n\t\t\t\t<div class=\"elementor-widget-container\">\n\t\t\t\t\t\t\t\t\t<p>Imaginez des visages r\u00e9els : des peaux pr\u00e9sentant des petites lignes, des textures uniques ou des marques derri\u00e8res lesquelles se cache une histoire. Chaque peau nous rappelle que nous sommes uniques et sp\u00e9ciaux. Prendre soin de votre peau, ce n\u2019est pas rechercher la perfection mais faire ressortir le meilleur de soi-m\u00eame, en ayant conscience que chaque \u00e9tape et chaque besoin m\u00e9ritent attention et soin.<\/p>\t\t\t\t\t\t\t\t<\/div>\n\t\t\t\t<\/div>\n\t\t\t\t<\/div>\n\t\t\t\t\t<\/div>\n\t\t\t\t<\/div>\n\t\t<div class=\"elementor-element elementor-element-e3ecac4 e-flex e-con-boxed e-con e-parent\" data-id=\"e3ecac4\" data-element_type=\"container\" data-e-type=\"container\" data-settings=\"{&quot;background_background&quot;:&quot;classic&quot;,&quot;jet_parallax_layout_list&quot;:[],&quot;ekit_has_onepagescroll_dot&quot;:&quot;yes&quot;}\">\n\t\t\t\t\t<div class=\"e-con-inner\">\n\t\t<div class=\"elementor-element elementor-element-1774840 e-con-full e-flex e-con e-child\" data-id=\"1774840\" data-element_type=\"container\" data-e-type=\"container\" data-settings=\"{&quot;jet_parallax_layout_list&quot;:[],&quot;ekit_has_onepagescroll_dot&quot;:&quot;yes&quot;}\">\n\t\t\t\t<div class=\"elementor-element elementor-element-6d36d73 elementor-widget elementor-widget-heading\" data-id=\"6d36d73\" data-element_type=\"widget\" data-e-type=\"widget\" data-settings=\"{&quot;ekit_we_effect_on&quot;:&quot;none&quot;}\" data-widget_type=\"heading.default\">\n\t\t\t\t<div class=\"elementor-widget-container\">\n\t\t\t\t\t<h3 class=\"elementor-heading-title elementor-size-default translation-block\">Peau positive<br> par Agrado<\/h3>\t\t\t\t<\/div>\n\t\t\t\t<\/div>\n\t\t\t\t<\/div>\n\t\t<div class=\"elementor-element elementor-element-091582e e-con-full e-flex e-con e-child\" data-id=\"091582e\" data-element_type=\"container\" data-e-type=\"container\" data-settings=\"{&quot;jet_parallax_layout_list&quot;:[],&quot;ekit_has_onepagescroll_dot&quot;:&quot;yes&quot;}\">\n\t\t\t\t<div class=\"elementor-element elementor-element-81570fc elementor-widget__width-initial elementor-widget elementor-widget-text-editor\" data-id=\"81570fc\" data-element_type=\"widget\" data-e-type=\"widget\" data-settings=\"{&quot;ekit_we_effect_on&quot;:&quot;none&quot;}\" data-widget_type=\"text-editor.default\">\n\t\t\t\t<div class=\"elementor-widget-container\">\n\t\t\t\t\t\t\t\t\t<p class=\"translation-block\">Agrado Skin Positive est bien plus qu\u2019une ligne de produits pour le nettoyage et le soin du visage, c\u2019est un engagement pour votre bien-\u00eatre. Con\u00e7ue pour s\u2019adapter aux besoins de chaque peau, notre gamme nettoie, hydrate, soigne et prot\u00e8ge.\nDes peaux jeunes aux peaux plus matures, en qu\u00eate d\u2019hydratation, d\u2019\u00e9quilibre, d\u2019\u00e9lasticit\u00e9 et de fermet\u00e9. Chacune de nos formules agit pour votre bien, pour que vous soyez \u00e9panouie.<\/p>\t\t\t\t\t\t\t\t<\/div>\n\t\t\t\t<\/div>\n\t\t\t\t<\/div>\n\t\t\t\t\t<\/div>\n\t\t\t\t<\/div>\n\t\t\t\t<\/div>","protected":false},"excerpt":{"rendered":"<p>skin positive Love my skin Aceptar nuestra piel es aceptarnos. Aceptar sus diferentes estados es incluirnos. Cuidarla y darle lo que necesita es querernos. Bienvenid@ a Skin Positive una nueva forma de cuidar tu piel, que resalta lo mejor de ti respondiendo a sus estados Hacia una belleza positiva La belleza positiva es una realidad [&hellip;]<\/p>\n","protected":false},"author":5,"featured_media":0,"parent":0,"menu_order":12,"comment_status":"closed","ping_status":"closed","template":"","meta":{"footnotes":"","_wp_rev_ctl_limit":""},"class_list":["post-28776","page","type-page","status-publish","hentry"],"yoast_head":"<!-- This site is optimized with the Yoast SEO plugin v27.4 - https:\/\/yoast.com\/product\/yoast-seo-wordpress\/ -->\n<title>Skin Stories - Agrado<\/title>\n<meta name=\"robots\" content=\"index, follow, max-snippet:-1, max-image-preview:large, max-video-preview:-1\" \/>\n<link rel=\"canonical\" href=\"https:\/\/agradocosmetic.com\/fr\/skin-positive-storytelling\/\" \/>\n<meta property=\"og:locale\" content=\"fr_FR\" \/>\n<meta property=\"og:type\" content=\"article\" \/>\n<meta property=\"og:title\" content=\"Skin Stories - Agrado\" \/>\n<meta property=\"og:description\" content=\"skin positive Love my skin Aceptar nuestra piel es aceptarnos. Aceptar sus diferentes estados es incluirnos. Cuidarla y darle lo que necesita es querernos. Bienvenid@ a Skin Positive una nueva forma de cuidar tu piel, que resalta lo mejor de ti respondiendo a sus estados Hacia una belleza positiva La belleza positiva es una realidad [&hellip;]\" \/>\n<meta property=\"og:url\" content=\"https:\/\/agradocosmetic.com\/fr\/skin-positive-storytelling\/\" \/>\n<meta property=\"og:site_name\" content=\"Agrado\" \/>\n<meta property=\"article:modified_time\" content=\"2025-05-05T10:56:24+00:00\" \/>\n<meta property=\"og:image\" content=\"https:\/\/agradocosmetic.com\/wp-content\/uploads\/2024\/11\/by-agrado.webp\" \/>\n<meta name=\"twitter:card\" content=\"summary_large_image\" \/>\n<meta name=\"twitter:label1\" content=\"Dur\u00e9e de lecture estim\u00e9e\" \/>\n\t<meta name=\"twitter:data1\" content=\"2 minutes\" \/>\n<script type=\"application\/ld+json\" class=\"yoast-schema-graph\">{\"@context\":\"https:\\\/\\\/schema.org\",\"@graph\":[{\"@type\":\"WebPage\",\"@id\":\"https:\\\/\\\/agradocosmetic.com\\\/skin-positive-storytelling\\\/\",\"url\":\"https:\\\/\\\/agradocosmetic.com\\\/skin-positive-storytelling\\\/\",\"name\":\"Skin Stories - Agrado\",\"isPartOf\":{\"@id\":\"https:\\\/\\\/agradocosmetic.com\\\/#website\"},\"primaryImageOfPage\":{\"@id\":\"https:\\\/\\\/agradocosmetic.com\\\/skin-positive-storytelling\\\/#primaryimage\"},\"image\":{\"@id\":\"https:\\\/\\\/agradocosmetic.com\\\/skin-positive-storytelling\\\/#primaryimage\"},\"thumbnailUrl\":\"https:\\\/\\\/agradocosmetic.com\\\/wp-content\\\/uploads\\\/2024\\\/11\\\/by-agrado.webp\",\"datePublished\":\"2024-12-03T09:02:25+00:00\",\"dateModified\":\"2025-05-05T10:56:24+00:00\",\"breadcrumb\":{\"@id\":\"https:\\\/\\\/agradocosmetic.com\\\/skin-positive-storytelling\\\/#breadcrumb\"},\"inLanguage\":\"fr-FR\",\"potentialAction\":[{\"@type\":\"ReadAction\",\"target\":[\"https:\\\/\\\/agradocosmetic.com\\\/skin-positive-storytelling\\\/\"]}]},{\"@type\":\"ImageObject\",\"inLanguage\":\"fr-FR\",\"@id\":\"https:\\\/\\\/agradocosmetic.com\\\/skin-positive-storytelling\\\/#primaryimage\",\"url\":\"https:\\\/\\\/agradocosmetic.com\\\/wp-content\\\/uploads\\\/2024\\\/11\\\/by-agrado.webp\",\"contentUrl\":\"https:\\\/\\\/agradocosmetic.com\\\/wp-content\\\/uploads\\\/2024\\\/11\\\/by-agrado.webp\"},{\"@type\":\"BreadcrumbList\",\"@id\":\"https:\\\/\\\/agradocosmetic.com\\\/skin-positive-storytelling\\\/#breadcrumb\",\"itemListElement\":[{\"@type\":\"ListItem\",\"position\":1,\"name\":\"Portada\",\"item\":\"https:\\\/\\\/agradocosmetic.com\\\/\"},{\"@type\":\"ListItem\",\"position\":2,\"name\":\"Skin Stories\"}]},{\"@type\":\"WebSite\",\"@id\":\"https:\\\/\\\/agradocosmetic.com\\\/#website\",\"url\":\"https:\\\/\\\/agradocosmetic.com\\\/\",\"name\":\"Agrado\",\"description\":\"Cosmetic\",\"publisher\":{\"@id\":\"https:\\\/\\\/agradocosmetic.com\\\/#organization\"},\"potentialAction\":[{\"@type\":\"SearchAction\",\"target\":{\"@type\":\"EntryPoint\",\"urlTemplate\":\"https:\\\/\\\/agradocosmetic.com\\\/?s={search_term_string}\"},\"query-input\":{\"@type\":\"PropertyValueSpecification\",\"valueRequired\":true,\"valueName\":\"search_term_string\"}}],\"inLanguage\":\"fr-FR\"},{\"@type\":\"Organization\",\"@id\":\"https:\\\/\\\/agradocosmetic.com\\\/#organization\",\"name\":\"Agrado\",\"url\":\"https:\\\/\\\/agradocosmetic.com\\\/\",\"logo\":{\"@type\":\"ImageObject\",\"inLanguage\":\"fr-FR\",\"@id\":\"https:\\\/\\\/agradocosmetic.com\\\/#\\\/schema\\\/logo\\\/image\\\/\",\"url\":\"https:\\\/\\\/agradocosmetic.com\\\/wp-content\\\/uploads\\\/2023\\\/07\\\/LOGO-AGRADO-WEB-01.png\",\"contentUrl\":\"https:\\\/\\\/agradocosmetic.com\\\/wp-content\\\/uploads\\\/2023\\\/07\\\/LOGO-AGRADO-WEB-01.png\",\"width\":1632,\"height\":300,\"caption\":\"Agrado\"},\"image\":{\"@id\":\"https:\\\/\\\/agradocosmetic.com\\\/#\\\/schema\\\/logo\\\/image\\\/\"}}]}<\/script>\n<!-- \/ Yoast SEO plugin. -->","yoast_head_json":{"title":"Skin Stories - Agrado","robots":{"index":"index","follow":"follow","max-snippet":"max-snippet:-1","max-image-preview":"max-image-preview:large","max-video-preview":"max-video-preview:-1"},"canonical":"https:\/\/agradocosmetic.com\/fr\/skin-positive-storytelling\/","og_locale":"fr_FR","og_type":"article","og_title":"Skin Stories - Agrado","og_description":"skin positive Love my skin Aceptar nuestra piel es aceptarnos. Aceptar sus diferentes estados es incluirnos. Cuidarla y darle lo que necesita es querernos. Bienvenid@ a Skin Positive una nueva forma de cuidar tu piel, que resalta lo mejor de ti respondiendo a sus estados Hacia una belleza positiva La belleza positiva es una realidad [&hellip;]","og_url":"https:\/\/agradocosmetic.com\/fr\/skin-positive-storytelling\/","og_site_name":"Agrado","article_modified_time":"2025-05-05T10:56:24+00:00","og_image":[{"url":"https:\/\/agradocosmetic.com\/wp-content\/uploads\/2024\/11\/by-agrado.webp","type":"","width":"","height":""}],"twitter_card":"summary_large_image","twitter_misc":{"Dur\u00e9e de lecture estim\u00e9e":"2 minutes"},"schema":{"@context":"https:\/\/schema.org","@graph":[{"@type":"WebPage","@id":"https:\/\/agradocosmetic.com\/skin-positive-storytelling\/","url":"https:\/\/agradocosmetic.com\/skin-positive-storytelling\/","name":"Skin Stories - Agrado","isPartOf":{"@id":"https:\/\/agradocosmetic.com\/#website"},"primaryImageOfPage":{"@id":"https:\/\/agradocosmetic.com\/skin-positive-storytelling\/#primaryimage"},"image":{"@id":"https:\/\/agradocosmetic.com\/skin-positive-storytelling\/#primaryimage"},"thumbnailUrl":"https:\/\/agradocosmetic.com\/wp-content\/uploads\/2024\/11\/by-agrado.webp","datePublished":"2024-12-03T09:02:25+00:00","dateModified":"2025-05-05T10:56:24+00:00","breadcrumb":{"@id":"https:\/\/agradocosmetic.com\/skin-positive-storytelling\/#breadcrumb"},"inLanguage":"fr-FR","potentialAction":[{"@type":"ReadAction","target":["https:\/\/agradocosmetic.com\/skin-positive-storytelling\/"]}]},{"@type":"ImageObject","inLanguage":"fr-FR","@id":"https:\/\/agradocosmetic.com\/skin-positive-storytelling\/#primaryimage","url":"https:\/\/agradocosmetic.com\/wp-content\/uploads\/2024\/11\/by-agrado.webp","contentUrl":"https:\/\/agradocosmetic.com\/wp-content\/uploads\/2024\/11\/by-agrado.webp"},{"@type":"BreadcrumbList","@id":"https:\/\/agradocosmetic.com\/skin-positive-storytelling\/#breadcrumb","itemListElement":[{"@type":"ListItem","position":1,"name":"Portada","item":"https:\/\/agradocosmetic.com\/"},{"@type":"ListItem","position":2,"name":"Skin Stories"}]},{"@type":"WebSite","@id":"https:\/\/agradocosmetic.com\/#website","url":"https:\/\/agradocosmetic.com\/","name":"Aimer","description":"cosm\u00e9tique","publisher":{"@id":"https:\/\/agradocosmetic.com\/#organization"},"potentialAction":[{"@type":"SearchAction","target":{"@type":"EntryPoint","urlTemplate":"https:\/\/agradocosmetic.com\/?s={search_term_string}"},"query-input":{"@type":"PropertyValueSpecification","valueRequired":true,"valueName":"search_term_string"}}],"inLanguage":"fr-FR"},{"@type":"Organization","@id":"https:\/\/agradocosmetic.com\/#organization","name":"Aimer","url":"https:\/\/agradocosmetic.com\/","logo":{"@type":"ImageObject","inLanguage":"fr-FR","@id":"https:\/\/agradocosmetic.com\/#\/schema\/logo\/image\/","url":"https:\/\/agradocosmetic.com\/wp-content\/uploads\/2023\/07\/LOGO-AGRADO-WEB-01.png","contentUrl":"https:\/\/agradocosmetic.com\/wp-content\/uploads\/2023\/07\/LOGO-AGRADO-WEB-01.png","width":1632,"height":300,"caption":"Agrado"},"image":{"@id":"https:\/\/agradocosmetic.com\/#\/schema\/logo\/image\/"}}]}},"_links":{"self":[{"href":"https:\/\/agradocosmetic.com\/fr\/wp-json\/wp\/v2\/pages\/28776","targetHints":{"allow":["GET"]}}],"collection":[{"href":"https:\/\/agradocosmetic.com\/fr\/wp-json\/wp\/v2\/pages"}],"about":[{"href":"https:\/\/agradocosmetic.com\/fr\/wp-json\/wp\/v2\/types\/page"}],"author":[{"embeddable":true,"href":"https:\/\/agradocosmetic.com\/fr\/wp-json\/wp\/v2\/users\/5"}],"replies":[{"embeddable":true,"href":"https:\/\/agradocosmetic.com\/fr\/wp-json\/wp\/v2\/comments?post=28776"}],"version-history":[{"count":10,"href":"https:\/\/agradocosmetic.com\/fr\/wp-json\/wp\/v2\/pages\/28776\/revisions"}],"predecessor-version":[{"id":30073,"href":"https:\/\/agradocosmetic.com\/fr\/wp-json\/wp\/v2\/pages\/28776\/revisions\/30073"}],"wp:attachment":[{"href":"https:\/\/agradocosmetic.com\/fr\/wp-json\/wp\/v2\/media?parent=28776"}],"curies":[{"name":"wp","href":"https:\/\/api.w.org\/{rel}","templated":true}]}}