{"id":934,"date":"2023-09-11T18:36:58","date_gmt":"2023-09-11T18:36:58","guid":{"rendered":"https:\/\/dev-freelancerweb.site\/?page_id=934"},"modified":"2025-07-09T12:34:11","modified_gmt":"2025-07-09T11:34:11","slug":"politica-de-calidad","status":"publish","type":"page","link":"https:\/\/agradocosmetic.com\/fr\/politica-de-calidad\/","title":{"rendered":"Politique de qualit\u00e9"},"content":{"rendered":"<div data-elementor-type=\"wp-page\" data-elementor-id=\"934\" class=\"elementor elementor-934\" data-elementor-post-type=\"page\">\n\t\t\t\t<div class=\"elementor-element elementor-element-cc36e93 e-flex e-con-boxed e-con e-parent\" data-id=\"cc36e93\" data-element_type=\"container\" data-e-type=\"container\" data-settings=\"{&quot;jet_parallax_layout_list&quot;:[],&quot;ekit_has_onepagescroll_dot&quot;:&quot;yes&quot;}\">\n\t\t\t\t\t<div class=\"e-con-inner\">\n\t\t\t\t<div class=\"elementor-element elementor-element-ae2df97 elementor-widget elementor-widget-heading\" data-id=\"ae2df97\" data-element_type=\"widget\" data-e-type=\"widget\" data-settings=\"{&quot;ekit_we_effect_on&quot;:&quot;none&quot;}\" data-widget_type=\"heading.default\">\n\t\t\t\t<div class=\"elementor-widget-container\">\n\t\t\t\t\t<h2 class=\"elementor-heading-title elementor-size-default\">Politique de qualit\u00e9\n<\/h2>\t\t\t\t<\/div>\n\t\t\t\t<\/div>\n\t\t\t\t<div class=\"elementor-element elementor-element-6e9e876 elementor-widget elementor-widget-text-editor\" data-id=\"6e9e876\" data-element_type=\"widget\" data-e-type=\"widget\" data-settings=\"{&quot;ekit_we_effect_on&quot;:&quot;none&quot;}\" data-widget_type=\"text-editor.default\">\n\t\t\t\t<div class=\"elementor-widget-container\">\n\t\t\t\t\t\t\t\t\t<p><span style=\"font-weight: 400;\">Le conseil d&#039;administration du <strong>Groupe Romar Global Care (RGC)<\/strong>, constitu\u00e9e par la Soci\u00e9t\u00e9 <strong>QUIMI ROMAR, SL<\/strong>, la Soci\u00e9t\u00e9 <strong>AGRADO COSM\u00c9TIQUE CARE 3000 SL<\/strong> et SOCI\u00c9T\u00c9 <strong>ENVASADO XIOMARA SL<\/strong>, maintient un syst\u00e8me de gestion de la qualit\u00e9 (QMS) bas\u00e9 sur la politique de qualit\u00e9 de l&#039;entreprise qui prend en compte le contexte social, \u00e9conomique et environnemental, ainsi que les parties int\u00e9ress\u00e9es li\u00e9es \u00e0 notre activit\u00e9 (environnement, travailleurs, concurrence...) et g\u00e9n\u00e8re la confiance, tant parmi nos Clients et en interne, que la Soci\u00e9t\u00e9 a la capacit\u00e9 de concevoir et de fournir des produits conformes qui obtiennent la satisfaction desdits Clients, \u00e9largissant ainsi les march\u00e9s de la Soci\u00e9t\u00e9.<\/span><\/p><p><span style=\"font-weight: 400;\">Le conseil d&#039;administration du<strong> Groupe RGC<\/strong>, en tant que personne la plus responsable de l&#039;application de la Politique Qualit\u00e9, s&#039;engage \u00e0 soutenir la mise en \u0153uvre et le maintien dudit Syst\u00e8me de Gestion de la Qualit\u00e9 pour parvenir \u00e0 une am\u00e9lioration continue, et \u00e0 respecter et faire respecter \u00e0 tous les niveaux de l&#039;Entreprise les responsabilit\u00e9s et activit\u00e9s assign\u00e9es dans le SMQ. Documentation.<\/span><\/p><p><span style=\"font-weight: 400;\">La direction de l&#039;entreprise, \u00e0 travers son Pr\u00e9sident, assume la responsabilit\u00e9 du respect des Bonnes Pratiques de Fabrication (GMP-Good Manufacturing Practices) et s&#039;engage \u00e0 utiliser tous les moyens \u00e0 sa port\u00e9e ; Atteindre ces objectifs n\u00e9cessite la participation et l\u2019engagement de tout le personnel de l\u2019entreprise ainsi que du personnel en visite.<\/span><\/p><p><span style=\"font-weight: 400;\">La Politique Qualit\u00e9 de <strong>Groupe RGC<\/strong> se base sur:<\/span><\/p><ul><li><span style=\"font-weight: 400;\">Concevoir, \u00e9tablir et maintenir un Syst\u00e8me Qualit\u00e9 adapt\u00e9 \u00e0 nos activit\u00e9s et <\/span><span style=\"font-weight: 400;\">nature des produits d\u2019hygi\u00e8ne personnelle, de nettoyage et insecticides et particuli\u00e8rement dans le <\/span><span style=\"font-weight: 400;\">des lignes cosm\u00e9tiques qui r\u00e9pondent aux besoins et aux attentes des clients, avec le <\/span><span style=\"font-weight: 400;\">meilleure technologie possible.\u00a0<\/span><\/li><li><span style=\"font-weight: 400;\">Se conformer aux exigences l\u00e9gislatives et r\u00e9glementaires applicables.\u00a0<\/span><\/li><li><span style=\"font-weight: 400;\">Veiller \u00e0 ce que les fournisseurs de mati\u00e8res premi\u00e8res r\u00e9pondent aux attentes en mati\u00e8re de qualit\u00e9, de prix et de service.\u00a0<\/span><\/li><li><span style=\"font-weight: 400;\">Livrer des produits \u00e0 des prix comp\u00e9titifs et dans des d\u00e9lais appropri\u00e9s, en obtenant et en maintenant une r\u00e9putation de qualit\u00e9 avec un bon service et un bon prix.<\/span><\/li><li><span style=\"font-weight: 400;\">B\u00e9n\u00e9ficiez d&#039;un esprit d&#039;innovation soutenu par un plan de formation continue.<\/span><\/li><li><span style=\"font-weight: 400;\">D\u00e9fense des produits\u00a0:\u00a0pr\u00e9vention de la falsification intentionnelle<\/span><\/li><\/ul><p><span style=\"font-weight: 400;\">L&#039;objectif final du Groupe RGC est d&#039;atteindre une place de premier plan sur le march\u00e9 et de faire b\u00e9n\u00e9ficier nos clients des am\u00e9liorations obtenues gr\u00e2ce \u00e0 l&#039;application correcte du syst\u00e8me de gestion de la qualit\u00e9 et au respect des BPF. De m\u00eame, elle s&#039;engage \u00e0 informer ses clients dans les plus brefs d\u00e9lais de tout probl\u00e8me li\u00e9 \u00e0 la s\u00e9curit\u00e9 ou \u00e0 la l\u00e9galit\u00e9 du produit, y compris les \u00e9carts et non-conformit\u00e9s identifi\u00e9s par les autorit\u00e9s comp\u00e9tentes.<\/span><\/p><p><span style=\"font-weight: 400;\">Les diff\u00e9rents risques physiques, chimiques et microbiologiques ont \u00e9t\u00e9 pris en compte dans l&#039;\u00e9tude HACCP, ainsi que tous les aspects de s\u00e9curit\u00e9 des produits. Le Groupe RGC garantit ainsi la s\u00e9curit\u00e9 et l&#039;innocuit\u00e9 de ses produits mis sur le march\u00e9, en se dotant des moyens techniques et humains pour garantir l&#039;ad\u00e9quation sanitaire de ses produits et les exigences sp\u00e9cifi\u00e9es par les clients et les consommateurs. En ce sens, les moyens n\u00e9cessaires seront disponibles pour aborder tout aspect requis par la r\u00e9glementation et par les clients, contribuant ainsi \u00e0 l&#039;am\u00e9lioration continue de l&#039;entreprise et de <\/span><span style=\"font-weight: 400;\">ses produits et services offerts. Il est pr\u00e9vu que l&#039;am\u00e9lioration des processus et leur gestion soient durables et respectueuses de l&#039;environnement et du milieu social dans lequel l&#039;entreprise exerce son activit\u00e9, en assumant ses responsabilit\u00e9s environnementales, \u00e9thiques et sociales dans son d\u00e9veloppement.<\/span><\/p><p><span style=\"font-weight: 400;\">La Direction du Groupe RGC souhaite transmettre l&#039;importance de la bonne compr\u00e9hension, de la mise en \u0153uvre et de la mise \u00e0 jour de cette politique \u00e0 tous les niveaux de l&#039;entreprise et s&#039;engage \u00e0 fournir les ressources ad\u00e9quates pour son \u00e9laboration et sa mise en \u0153uvre, ainsi qu&#039;\u00e0 effectuer le suivi correspondant. de son efficacit\u00e9.<\/span><\/p><p><span style=\"font-weight: 400;\">\u00c0 Sagonte, le 26 ao\u00fbt 2024.<\/span><\/p><p><span style=\"font-weight: 400;\">Pablo Rodr\u00edguez-Gimeno<\/span><\/p><p><span style=\"font-weight: 400;\">Directeur g\u00e9n\u00e9ral<\/span><\/p><p><span style=\"font-weight: 400;\">GROUPE DE SOINS GLOBAUX ROMAR<\/span><\/p>\t\t\t\t\t\t\t\t<\/div>\n\t\t\t\t<\/div>\n\t\t\t\t\t<\/div>\n\t\t\t\t<\/div>\n\t\t\t\t<\/div>","protected":false},"excerpt":{"rendered":"<p>Pol\u00edtica de calidad El Consejo de Administraci\u00f3n del Grupo Romar Global Care (RGC), constituido por la Sociedad QUIMI ROMAR, S.L., la Sociedad AGRADO COSMETICS CARE 3000 S.L. y la SOCIEDAD ENVASADO XIOMARA S.L., mantiene un Sistema de Gesti\u00f3n de la Calidad (SGC) fundamentado en la Pol\u00edtica de la Calidad de la Empresa que considera el [&hellip;]<\/p>\n","protected":false},"author":1,"featured_media":22230,"parent":0,"menu_order":49,"comment_status":"closed","ping_status":"closed","template":"","meta":{"footnotes":"","_wp_rev_ctl_limit":""},"class_list":["post-934","page","type-page","status-publish","has-post-thumbnail","hentry"],"yoast_head":"<!-- This site is optimized with the Yoast SEO plugin v27.4 - https:\/\/yoast.com\/product\/yoast-seo-wordpress\/ -->\n<title>Pol\u00edtica de calidad - Agrado<\/title>\n<meta name=\"robots\" content=\"index, follow, max-snippet:-1, max-image-preview:large, max-video-preview:-1\" \/>\n<link rel=\"canonical\" href=\"https:\/\/agradocosmetic.com\/fr\/politica-de-calidad\/\" \/>\n<meta property=\"og:locale\" content=\"fr_FR\" \/>\n<meta property=\"og:type\" content=\"article\" \/>\n<meta property=\"og:title\" content=\"Pol\u00edtica de calidad - Agrado\" \/>\n<meta property=\"og:description\" content=\"Pol\u00edtica de calidad El Consejo de Administraci\u00f3n del Grupo Romar Global Care (RGC), constituido por la Sociedad QUIMI ROMAR, S.L., la Sociedad AGRADO COSMETICS CARE 3000 S.L. y la SOCIEDAD ENVASADO XIOMARA S.L., mantiene un Sistema de Gesti\u00f3n de la Calidad (SGC) fundamentado en la Pol\u00edtica de la Calidad de la Empresa que considera el [&hellip;]\" \/>\n<meta property=\"og:url\" content=\"https:\/\/agradocosmetic.com\/fr\/politica-de-calidad\/\" \/>\n<meta property=\"og:site_name\" content=\"Agrado\" \/>\n<meta property=\"article:modified_time\" content=\"2025-07-09T11:34:11+00:00\" \/>\n<meta property=\"og:image\" content=\"https:\/\/agradocosmetic.com\/wp-content\/uploads\/2023\/10\/Distribuidores-contacto.jpg\" \/>\n\t<meta property=\"og:image:width\" content=\"353\" \/>\n\t<meta property=\"og:image:height\" content=\"224\" \/>\n\t<meta property=\"og:image:type\" content=\"image\/jpeg\" \/>\n<meta name=\"twitter:card\" content=\"summary_large_image\" \/>\n<meta name=\"twitter:label1\" content=\"Dur\u00e9e de lecture estim\u00e9e\" \/>\n\t<meta name=\"twitter:data1\" content=\"3 minutes\" \/>\n<script type=\"application\/ld+json\" class=\"yoast-schema-graph\">{\"@context\":\"https:\\\/\\\/schema.org\",\"@graph\":[{\"@type\":\"WebPage\",\"@id\":\"https:\\\/\\\/agradocosmetic.com\\\/politica-de-calidad\\\/\",\"url\":\"https:\\\/\\\/agradocosmetic.com\\\/politica-de-calidad\\\/\",\"name\":\"Pol\u00edtica de calidad - Agrado\",\"isPartOf\":{\"@id\":\"https:\\\/\\\/agradocosmetic.com\\\/#website\"},\"primaryImageOfPage\":{\"@id\":\"https:\\\/\\\/agradocosmetic.com\\\/politica-de-calidad\\\/#primaryimage\"},\"image\":{\"@id\":\"https:\\\/\\\/agradocosmetic.com\\\/politica-de-calidad\\\/#primaryimage\"},\"thumbnailUrl\":\"https:\\\/\\\/agradocosmetic.com\\\/wp-content\\\/uploads\\\/2023\\\/10\\\/Distribuidores-contacto.jpg\",\"datePublished\":\"2023-09-11T18:36:58+00:00\",\"dateModified\":\"2025-07-09T11:34:11+00:00\",\"breadcrumb\":{\"@id\":\"https:\\\/\\\/agradocosmetic.com\\\/politica-de-calidad\\\/#breadcrumb\"},\"inLanguage\":\"fr-FR\",\"potentialAction\":[{\"@type\":\"ReadAction\",\"target\":[\"https:\\\/\\\/agradocosmetic.com\\\/politica-de-calidad\\\/\"]}]},{\"@type\":\"ImageObject\",\"inLanguage\":\"fr-FR\",\"@id\":\"https:\\\/\\\/agradocosmetic.com\\\/politica-de-calidad\\\/#primaryimage\",\"url\":\"https:\\\/\\\/agradocosmetic.com\\\/wp-content\\\/uploads\\\/2023\\\/10\\\/Distribuidores-contacto.jpg\",\"contentUrl\":\"https:\\\/\\\/agradocosmetic.com\\\/wp-content\\\/uploads\\\/2023\\\/10\\\/Distribuidores-contacto.jpg\",\"width\":353,\"height\":224},{\"@type\":\"BreadcrumbList\",\"@id\":\"https:\\\/\\\/agradocosmetic.com\\\/politica-de-calidad\\\/#breadcrumb\",\"itemListElement\":[{\"@type\":\"ListItem\",\"position\":1,\"name\":\"Portada\",\"item\":\"https:\\\/\\\/agradocosmetic.com\\\/\"},{\"@type\":\"ListItem\",\"position\":2,\"name\":\"Pol\u00edtica de calidad\"}]},{\"@type\":\"WebSite\",\"@id\":\"https:\\\/\\\/agradocosmetic.com\\\/#website\",\"url\":\"https:\\\/\\\/agradocosmetic.com\\\/\",\"name\":\"Agrado\",\"description\":\"Cosmetic\",\"publisher\":{\"@id\":\"https:\\\/\\\/agradocosmetic.com\\\/#organization\"},\"potentialAction\":[{\"@type\":\"SearchAction\",\"target\":{\"@type\":\"EntryPoint\",\"urlTemplate\":\"https:\\\/\\\/agradocosmetic.com\\\/?s={search_term_string}\"},\"query-input\":{\"@type\":\"PropertyValueSpecification\",\"valueRequired\":true,\"valueName\":\"search_term_string\"}}],\"inLanguage\":\"fr-FR\"},{\"@type\":\"Organization\",\"@id\":\"https:\\\/\\\/agradocosmetic.com\\\/#organization\",\"name\":\"Agrado\",\"url\":\"https:\\\/\\\/agradocosmetic.com\\\/\",\"logo\":{\"@type\":\"ImageObject\",\"inLanguage\":\"fr-FR\",\"@id\":\"https:\\\/\\\/agradocosmetic.com\\\/#\\\/schema\\\/logo\\\/image\\\/\",\"url\":\"https:\\\/\\\/agradocosmetic.com\\\/wp-content\\\/uploads\\\/2023\\\/07\\\/LOGO-AGRADO-WEB-01.png\",\"contentUrl\":\"https:\\\/\\\/agradocosmetic.com\\\/wp-content\\\/uploads\\\/2023\\\/07\\\/LOGO-AGRADO-WEB-01.png\",\"width\":1632,\"height\":300,\"caption\":\"Agrado\"},\"image\":{\"@id\":\"https:\\\/\\\/agradocosmetic.com\\\/#\\\/schema\\\/logo\\\/image\\\/\"}}]}<\/script>\n<!-- \/ Yoast SEO plugin. -->","yoast_head_json":{"title":"Pol\u00edtica de calidad - Agrado","robots":{"index":"index","follow":"follow","max-snippet":"max-snippet:-1","max-image-preview":"max-image-preview:large","max-video-preview":"max-video-preview:-1"},"canonical":"https:\/\/agradocosmetic.com\/fr\/politica-de-calidad\/","og_locale":"fr_FR","og_type":"article","og_title":"Pol\u00edtica de calidad - Agrado","og_description":"Pol\u00edtica de calidad El Consejo de Administraci\u00f3n del Grupo Romar Global Care (RGC), constituido por la Sociedad QUIMI ROMAR, S.L., la Sociedad AGRADO COSMETICS CARE 3000 S.L. y la SOCIEDAD ENVASADO XIOMARA S.L., mantiene un Sistema de Gesti\u00f3n de la Calidad (SGC) fundamentado en la Pol\u00edtica de la Calidad de la Empresa que considera el [&hellip;]","og_url":"https:\/\/agradocosmetic.com\/fr\/politica-de-calidad\/","og_site_name":"Agrado","article_modified_time":"2025-07-09T11:34:11+00:00","og_image":[{"width":353,"height":224,"url":"https:\/\/agradocosmetic.com\/wp-content\/uploads\/2023\/10\/Distribuidores-contacto.jpg","type":"image\/jpeg"}],"twitter_card":"summary_large_image","twitter_misc":{"Dur\u00e9e de lecture estim\u00e9e":"3 minutes"},"schema":{"@context":"https:\/\/schema.org","@graph":[{"@type":"WebPage","@id":"https:\/\/agradocosmetic.com\/politica-de-calidad\/","url":"https:\/\/agradocosmetic.com\/politica-de-calidad\/","name":"Pol\u00edtica de calidad - Agrado","isPartOf":{"@id":"https:\/\/agradocosmetic.com\/#website"},"primaryImageOfPage":{"@id":"https:\/\/agradocosmetic.com\/politica-de-calidad\/#primaryimage"},"image":{"@id":"https:\/\/agradocosmetic.com\/politica-de-calidad\/#primaryimage"},"thumbnailUrl":"https:\/\/agradocosmetic.com\/wp-content\/uploads\/2023\/10\/Distribuidores-contacto.jpg","datePublished":"2023-09-11T18:36:58+00:00","dateModified":"2025-07-09T11:34:11+00:00","breadcrumb":{"@id":"https:\/\/agradocosmetic.com\/politica-de-calidad\/#breadcrumb"},"inLanguage":"fr-FR","potentialAction":[{"@type":"ReadAction","target":["https:\/\/agradocosmetic.com\/politica-de-calidad\/"]}]},{"@type":"ImageObject","inLanguage":"fr-FR","@id":"https:\/\/agradocosmetic.com\/politica-de-calidad\/#primaryimage","url":"https:\/\/agradocosmetic.com\/wp-content\/uploads\/2023\/10\/Distribuidores-contacto.jpg","contentUrl":"https:\/\/agradocosmetic.com\/wp-content\/uploads\/2023\/10\/Distribuidores-contacto.jpg","width":353,"height":224},{"@type":"BreadcrumbList","@id":"https:\/\/agradocosmetic.com\/politica-de-calidad\/#breadcrumb","itemListElement":[{"@type":"ListItem","position":1,"name":"Portada","item":"https:\/\/agradocosmetic.com\/"},{"@type":"ListItem","position":2,"name":"Pol\u00edtica de calidad"}]},{"@type":"WebSite","@id":"https:\/\/agradocosmetic.com\/#website","url":"https:\/\/agradocosmetic.com\/","name":"Aimer","description":"cosm\u00e9tique","publisher":{"@id":"https:\/\/agradocosmetic.com\/#organization"},"potentialAction":[{"@type":"SearchAction","target":{"@type":"EntryPoint","urlTemplate":"https:\/\/agradocosmetic.com\/?s={search_term_string}"},"query-input":{"@type":"PropertyValueSpecification","valueRequired":true,"valueName":"search_term_string"}}],"inLanguage":"fr-FR"},{"@type":"Organization","@id":"https:\/\/agradocosmetic.com\/#organization","name":"Aimer","url":"https:\/\/agradocosmetic.com\/","logo":{"@type":"ImageObject","inLanguage":"fr-FR","@id":"https:\/\/agradocosmetic.com\/#\/schema\/logo\/image\/","url":"https:\/\/agradocosmetic.com\/wp-content\/uploads\/2023\/07\/LOGO-AGRADO-WEB-01.png","contentUrl":"https:\/\/agradocosmetic.com\/wp-content\/uploads\/2023\/07\/LOGO-AGRADO-WEB-01.png","width":1632,"height":300,"caption":"Agrado"},"image":{"@id":"https:\/\/agradocosmetic.com\/#\/schema\/logo\/image\/"}}]}},"_links":{"self":[{"href":"https:\/\/agradocosmetic.com\/fr\/wp-json\/wp\/v2\/pages\/934","targetHints":{"allow":["GET"]}}],"collection":[{"href":"https:\/\/agradocosmetic.com\/fr\/wp-json\/wp\/v2\/pages"}],"about":[{"href":"https:\/\/agradocosmetic.com\/fr\/wp-json\/wp\/v2\/types\/page"}],"author":[{"embeddable":true,"href":"https:\/\/agradocosmetic.com\/fr\/wp-json\/wp\/v2\/users\/1"}],"replies":[{"embeddable":true,"href":"https:\/\/agradocosmetic.com\/fr\/wp-json\/wp\/v2\/comments?post=934"}],"version-history":[{"count":10,"href":"https:\/\/agradocosmetic.com\/fr\/wp-json\/wp\/v2\/pages\/934\/revisions"}],"predecessor-version":[{"id":32715,"href":"https:\/\/agradocosmetic.com\/fr\/wp-json\/wp\/v2\/pages\/934\/revisions\/32715"}],"wp:featuredmedia":[{"embeddable":true,"href":"https:\/\/agradocosmetic.com\/fr\/wp-json\/wp\/v2\/media\/22230"}],"wp:attachment":[{"href":"https:\/\/agradocosmetic.com\/fr\/wp-json\/wp\/v2\/media?parent=934"}],"curies":[{"name":"wp","href":"https:\/\/api.w.org\/{rel}","templated":true}]}}