{"id":30279,"date":"2025-05-14T12:58:46","date_gmt":"2025-05-14T11:58:46","guid":{"rendered":"https:\/\/agradocosmetic.com\/?page_id=30279"},"modified":"2025-05-15T10:27:14","modified_gmt":"2025-05-15T09:27:14","slug":"gas-compensado","status":"publish","type":"page","link":"https:\/\/agradocosmetic.com\/it\/gas-compensado\/","title":{"rendered":"Compensazione del gas"},"content":{"rendered":"<div data-elementor-type=\"wp-page\" data-elementor-id=\"30279\" class=\"elementor elementor-30279\" data-elementor-post-type=\"page\">\n\t\t\t\t<div class=\"elementor-element elementor-element-2cf9b02d e-flex e-con-boxed e-con e-parent\" data-id=\"2cf9b02d\" data-element_type=\"container\" data-e-type=\"container\" data-settings=\"{&quot;background_background&quot;:&quot;video&quot;,&quot;background_video_link&quot;:&quot;https:\\\/\\\/soyjulia.xyz\\\/wp-content\\\/uploads\\\/2025\\\/05\\\/selva-verde.mp4&quot;,&quot;background_play_on_mobile&quot;:&quot;yes&quot;,&quot;jet_parallax_layout_list&quot;:[],&quot;ekit_has_onepagescroll_dot&quot;:&quot;yes&quot;}\">\n\t\t\t\t\t<div class=\"e-con-inner\">\n\t\t<div class=\"elementor-background-video-container\">\n\t\t\t\t\t\t\t<video class=\"elementor-background-video-hosted\" role=\"presentation\" autoplay muted playsinline loop><\/video>\n\t\t\t\t\t<\/div><div class=\"elementor-element elementor-element-65fff3c4 e-con-full e-flex e-con e-child\" data-id=\"65fff3c4\" data-element_type=\"container\" data-e-type=\"container\" data-settings=\"{&quot;background_background&quot;:&quot;classic&quot;,&quot;jet_parallax_layout_list&quot;:[],&quot;ekit_has_onepagescroll_dot&quot;:&quot;yes&quot;}\">\n\t\t\t\t<div class=\"elementor-element elementor-element-7a308e4b elementor-widget__width-initial elementor-widget elementor-widget-image\" data-id=\"7a308e4b\" data-element_type=\"widget\" data-e-type=\"widget\" data-settings=\"{&quot;ekit_we_effect_on&quot;:&quot;none&quot;}\" data-widget_type=\"image.default\">\n\t\t\t\t<div class=\"elementor-widget-container\">\n\t\t\t\t\t\t\t\t\t\t\t\t\t\t\t<img fetchpriority=\"high\" decoding=\"async\" width=\"800\" height=\"622\" src=\"https:\/\/agradocosmetic.com\/wp-content\/uploads\/2025\/05\/Agrado-Gas-Compensado.webp\" class=\"attachment-large size-large wp-image-30281\" alt=\"\" srcset=\"https:\/\/agradocosmetic.com\/wp-content\/uploads\/2025\/05\/Agrado-Gas-Compensado.webp 1000w, https:\/\/agradocosmetic.com\/wp-content\/uploads\/2025\/05\/Agrado-Gas-Compensado-300x233.webp 300w, https:\/\/agradocosmetic.com\/wp-content\/uploads\/2025\/05\/Agrado-Gas-Compensado-768x598.webp 768w, https:\/\/agradocosmetic.com\/wp-content\/uploads\/2025\/05\/Agrado-Gas-Compensado-15x12.webp 15w\" sizes=\"(max-width: 800px) 100vw, 800px\" \/>\t\t\t\t\t\t\t\t\t\t\t\t\t\t\t<\/div>\n\t\t\t\t<\/div>\n\t\t\t\t<\/div>\n\t\t<div class=\"elementor-element elementor-element-41ea84d6 e-con-full caja-blur e-flex e-con e-child\" data-id=\"41ea84d6\" data-element_type=\"container\" data-e-type=\"container\" data-settings=\"{&quot;background_background&quot;:&quot;classic&quot;,&quot;jet_parallax_layout_list&quot;:[],&quot;ekit_has_onepagescroll_dot&quot;:&quot;yes&quot;}\">\n\t\t\t\t<div class=\"elementor-element elementor-element-7a8b58b6 elementor-widget__width-inherit .titulo-huella elementor-hidden-mobile elementor-widget elementor-widget-heading\" data-id=\"7a8b58b6\" data-element_type=\"widget\" data-e-type=\"widget\" data-settings=\"{&quot;ekit_we_effect_on&quot;:&quot;none&quot;}\" data-widget_type=\"heading.default\">\n\t\t\t\t<div class=\"elementor-widget-container\">\n\t\t\t\t\t<h2 class=\"elementor-heading-title elementor-size-default\"><h2 class=\"titulo-huella\">\n  <span class=\"linea1\">Verso un&#039;impronta pi\u00f9 positiva<\/span><br>\n  <span class=\"linea2\">per il pianeta<\/span>\n<\/h2><\/h2>\t\t\t\t<\/div>\n\t\t\t\t<\/div>\n\t\t\t\t<div class=\"elementor-element elementor-element-3847f7d6 elementor-widget-mobile__width-initial elementor-hidden-widescreen elementor-hidden-desktop elementor-hidden-laptop elementor-hidden-tablet_extra elementor-hidden-tablet elementor-widget elementor-widget-heading\" data-id=\"3847f7d6\" data-element_type=\"widget\" data-e-type=\"widget\" data-settings=\"{&quot;ekit_we_effect_on&quot;:&quot;none&quot;}\" data-widget_type=\"heading.default\">\n\t\t\t\t<div class=\"elementor-widget-container\">\n\t\t\t\t\t<h2 class=\"elementor-heading-title elementor-size-default\">Verso un&#039;impronta <br> pi\u00f9 positivo <\/h2>\t\t\t\t<\/div>\n\t\t\t\t<\/div>\n\t\t\t\t<div class=\"elementor-element elementor-element-7f252a2f elementor-widget-mobile__width-initial elementor-hidden-widescreen elementor-hidden-desktop elementor-hidden-laptop elementor-hidden-tablet_extra elementor-widget elementor-widget-heading\" data-id=\"7f252a2f\" data-element_type=\"widget\" data-e-type=\"widget\" data-settings=\"{&quot;ekit_we_effect_on&quot;:&quot;none&quot;}\" data-widget_type=\"heading.default\">\n\t\t\t\t<div class=\"elementor-widget-container\">\n\t\t\t\t\t<h2 class=\"elementor-heading-title elementor-size-default\">per il pianeta<\/h2>\t\t\t\t<\/div>\n\t\t\t\t<\/div>\n\t\t\t\t<div class=\"elementor-element elementor-element-18c76e5f elementor-widget__width-initial elementor-widget elementor-widget-text-editor\" data-id=\"18c76e5f\" data-element_type=\"widget\" data-e-type=\"widget\" data-settings=\"{&quot;ekit_we_effect_on&quot;:&quot;none&quot;}\" data-widget_type=\"text-editor.default\">\n\t\t\t\t<div class=\"elementor-widget-container\">\n\t\t\t\t\t\t\t\t\tCi impegniamo per un&#039;innovazione responsabile, per le persone e per l&#039;ambiente. Sappiamo che le emissioni non possono essere ridotte completamente, ma possiamo compensarne l&#039;impatto attraverso l&#039;utilizzo di gas di compensazione.\t\t\t\t\t\t\t\t<\/div>\n\t\t\t\t<\/div>\n\t\t\t\t<div class=\"elementor-element elementor-element-26167266 gradient-text elementor-widget elementor-widget-heading\" data-id=\"26167266\" data-element_type=\"widget\" data-e-type=\"widget\" data-settings=\"{&quot;ekit_we_effect_on&quot;:&quot;none&quot;}\" data-widget_type=\"heading.default\">\n\t\t\t\t<div class=\"elementor-widget-container\">\n\t\t\t\t\t<h2 class=\"elementor-heading-title elementor-size-default\">Che cosa \u00e8 il gas compensato?<\/h2>\t\t\t\t<\/div>\n\t\t\t\t<\/div>\n\t\t\t\t<div class=\"elementor-element elementor-element-11643fc8 elementor-widget__width-initial elementor-widget elementor-widget-text-editor\" data-id=\"11643fc8\" data-element_type=\"widget\" data-e-type=\"widget\" data-settings=\"{&quot;ekit_we_effect_on&quot;:&quot;none&quot;}\" data-widget_type=\"text-editor.default\">\n\t\t\t\t<div class=\"elementor-widget-container\">\n\t\t\t\t\t\t\t\t\tIl gas di compensazione \u00e8 un modo per compensare le emissioni di CO2 generate dall&#039;uso di aerosol.\t\t\t\t\t\t\t\t<\/div>\n\t\t\t\t<\/div>\n\t\t\t\t<div class=\"elementor-element elementor-element-43c67971 gradient-text elementor-widget elementor-widget-heading\" data-id=\"43c67971\" data-element_type=\"widget\" data-e-type=\"widget\" data-settings=\"{&quot;ekit_we_effect_on&quot;:&quot;none&quot;}\" data-widget_type=\"heading.default\">\n\t\t\t\t<div class=\"elementor-widget-container\">\n\t\t\t\t\t<h2 class=\"elementor-heading-title elementor-size-default\">E come si ottiene questo risultato?<\/h2>\t\t\t\t<\/div>\n\t\t\t\t<\/div>\n\t\t\t\t<div class=\"elementor-element elementor-element-c8061d0 elementor-widget__width-initial elementor-widget elementor-widget-text-editor\" data-id=\"c8061d0\" data-element_type=\"widget\" data-e-type=\"widget\" data-settings=\"{&quot;ekit_we_effect_on&quot;:&quot;none&quot;}\" data-widget_type=\"text-editor.default\">\n\t\t\t\t<div class=\"elementor-widget-container\">\n\t\t\t\t\t\t\t\t\tLe emissioni di CO2 vengono compensate acquistando e annullando crediti di CO2 in progetti sostenibili.\t\t\t\t\t\t\t\t<\/div>\n\t\t\t\t<\/div>\n\t\t\t\t<div class=\"elementor-element elementor-element-1a5a1d8f elementor-widget__width-initial elementor-widget elementor-widget-text-editor\" data-id=\"1a5a1d8f\" data-element_type=\"widget\" data-e-type=\"widget\" data-settings=\"{&quot;ekit_we_effect_on&quot;:&quot;none&quot;}\" data-widget_type=\"text-editor.default\">\n\t\t\t\t<div class=\"elementor-widget-container\">\n\t\t\t\t\t\t\t\t\tCon ogni applicazione, non solo proteggi la tua pelle, ma contribuisci anche a salvaguardare l&#039;ambiente utilizzando i nostri deodoranti spray a emissioni di carbonio bilanciate.\t\t\t\t\t\t\t\t<\/div>\n\t\t\t\t<\/div>\n\t\t\t\t<\/div>\n\t\t<div class=\"elementor-element elementor-element-e8752d2 e-con-full e-flex e-con e-child\" data-id=\"e8752d2\" data-element_type=\"container\" data-e-type=\"container\" data-settings=\"{&quot;jet_parallax_layout_list&quot;:[],&quot;ekit_has_onepagescroll_dot&quot;:&quot;yes&quot;}\">\n\t\t\t\t<div class=\"elementor-element elementor-element-5ff2a33b elementor-widget elementor-widget-image\" data-id=\"5ff2a33b\" data-element_type=\"widget\" data-e-type=\"widget\" data-settings=\"{&quot;ekit_we_effect_on&quot;:&quot;none&quot;}\" data-widget_type=\"image.default\">\n\t\t\t\t<div class=\"elementor-widget-container\">\n\t\t\t\t\t\t\t\t\t\t\t\t\t\t\t<img decoding=\"async\" width=\"516\" height=\"1024\" src=\"https:\/\/agradocosmetic.com\/wp-content\/uploads\/2025\/05\/Agrado-Gas-Compensado-copia-516x1024.webp\" class=\"attachment-large size-large wp-image-30282\" alt=\"\" srcset=\"https:\/\/agradocosmetic.com\/wp-content\/uploads\/2025\/05\/Agrado-Gas-Compensado-copia-516x1024.webp 516w, https:\/\/agradocosmetic.com\/wp-content\/uploads\/2025\/05\/Agrado-Gas-Compensado-copia-151x300.webp 151w, https:\/\/agradocosmetic.com\/wp-content\/uploads\/2025\/05\/Agrado-Gas-Compensado-copia-768x1525.webp 768w, https:\/\/agradocosmetic.com\/wp-content\/uploads\/2025\/05\/Agrado-Gas-Compensado-copia-773x1536.webp 773w, https:\/\/agradocosmetic.com\/wp-content\/uploads\/2025\/05\/Agrado-Gas-Compensado-copia-6x12.webp 6w, https:\/\/agradocosmetic.com\/wp-content\/uploads\/2025\/05\/Agrado-Gas-Compensado-copia.webp 800w\" sizes=\"(max-width: 516px) 100vw, 516px\" \/>\t\t\t\t\t\t\t\t\t\t\t\t\t\t\t<\/div>\n\t\t\t\t<\/div>\n\t\t\t\t<\/div>\n\t\t\t\t\t<\/div>\n\t\t\t\t<\/div>\n\t\t\t\t<\/div>","protected":false},"excerpt":{"rendered":"<p>Hacia una huella m\u00e1s positiva por el planeta Hacia una huella m\u00e1s positiva por el planeta Estamos comprometidos con la innovaci\u00f3n responsable, con las personas y con el medio ambiente. Sabemos que las emisiones no se pueden reducir al completo, pero si podemos compensar su impacto mediante el empleo de gas compensado. \u00bfQu\u00e9 es el [&hellip;]<\/p>\n","protected":false},"author":5,"featured_media":0,"parent":0,"menu_order":8,"comment_status":"closed","ping_status":"closed","template":"","meta":{"footnotes":"","_wp_rev_ctl_limit":""},"class_list":["post-30279","page","type-page","status-publish","hentry"],"yoast_head":"<!-- This site is optimized with the Yoast SEO plugin v27.4 - https:\/\/yoast.com\/product\/yoast-seo-wordpress\/ -->\n<title>Gas compensado - Agrado<\/title>\n<meta name=\"robots\" content=\"index, follow, max-snippet:-1, max-image-preview:large, max-video-preview:-1\" \/>\n<link rel=\"canonical\" href=\"https:\/\/agradocosmetic.com\/it\/gas-compensado\/\" \/>\n<meta property=\"og:locale\" content=\"it_IT\" \/>\n<meta property=\"og:type\" content=\"article\" \/>\n<meta property=\"og:title\" content=\"Gas compensado - Agrado\" \/>\n<meta property=\"og:description\" content=\"Hacia una huella m\u00e1s positiva por el planeta Hacia una huella m\u00e1s positiva por el planeta Estamos comprometidos con la innovaci\u00f3n responsable, con las personas y con el medio ambiente. Sabemos que las emisiones no se pueden reducir al completo, pero si podemos compensar su impacto mediante el empleo de gas compensado. \u00bfQu\u00e9 es el [&hellip;]\" \/>\n<meta property=\"og:url\" content=\"https:\/\/agradocosmetic.com\/it\/gas-compensado\/\" \/>\n<meta property=\"og:site_name\" content=\"Agrado\" \/>\n<meta property=\"article:modified_time\" content=\"2025-05-15T09:27:14+00:00\" \/>\n<meta property=\"og:image\" content=\"https:\/\/agradocosmetic.com\/wp-content\/uploads\/2025\/05\/Agrado-Gas-Compensado.webp\" \/>\n\t<meta property=\"og:image:width\" content=\"1000\" \/>\n\t<meta property=\"og:image:height\" content=\"778\" \/>\n\t<meta property=\"og:image:type\" content=\"image\/webp\" \/>\n<meta name=\"twitter:card\" content=\"summary_large_image\" \/>\n<meta name=\"twitter:label1\" content=\"Tempo di lettura stimato\" \/>\n\t<meta name=\"twitter:data1\" content=\"1 minuto\" \/>\n<script type=\"application\/ld+json\" class=\"yoast-schema-graph\">{\"@context\":\"https:\\\/\\\/schema.org\",\"@graph\":[{\"@type\":\"WebPage\",\"@id\":\"https:\\\/\\\/agradocosmetic.com\\\/gas-compensado\\\/\",\"url\":\"https:\\\/\\\/agradocosmetic.com\\\/gas-compensado\\\/\",\"name\":\"Gas compensado - Agrado\",\"isPartOf\":{\"@id\":\"https:\\\/\\\/agradocosmetic.com\\\/#website\"},\"primaryImageOfPage\":{\"@id\":\"https:\\\/\\\/agradocosmetic.com\\\/gas-compensado\\\/#primaryimage\"},\"image\":{\"@id\":\"https:\\\/\\\/agradocosmetic.com\\\/gas-compensado\\\/#primaryimage\"},\"thumbnailUrl\":\"https:\\\/\\\/agradocosmetic.com\\\/wp-content\\\/uploads\\\/2025\\\/05\\\/Agrado-Gas-Compensado.webp\",\"datePublished\":\"2025-05-14T11:58:46+00:00\",\"dateModified\":\"2025-05-15T09:27:14+00:00\",\"breadcrumb\":{\"@id\":\"https:\\\/\\\/agradocosmetic.com\\\/gas-compensado\\\/#breadcrumb\"},\"inLanguage\":\"it-IT\",\"potentialAction\":[{\"@type\":\"ReadAction\",\"target\":[\"https:\\\/\\\/agradocosmetic.com\\\/gas-compensado\\\/\"]}]},{\"@type\":\"ImageObject\",\"inLanguage\":\"it-IT\",\"@id\":\"https:\\\/\\\/agradocosmetic.com\\\/gas-compensado\\\/#primaryimage\",\"url\":\"https:\\\/\\\/agradocosmetic.com\\\/wp-content\\\/uploads\\\/2025\\\/05\\\/Agrado-Gas-Compensado.webp\",\"contentUrl\":\"https:\\\/\\\/agradocosmetic.com\\\/wp-content\\\/uploads\\\/2025\\\/05\\\/Agrado-Gas-Compensado.webp\"},{\"@type\":\"BreadcrumbList\",\"@id\":\"https:\\\/\\\/agradocosmetic.com\\\/gas-compensado\\\/#breadcrumb\",\"itemListElement\":[{\"@type\":\"ListItem\",\"position\":1,\"name\":\"Portada\",\"item\":\"https:\\\/\\\/agradocosmetic.com\\\/\"},{\"@type\":\"ListItem\",\"position\":2,\"name\":\"Gas compensado\"}]},{\"@type\":\"WebSite\",\"@id\":\"https:\\\/\\\/agradocosmetic.com\\\/#website\",\"url\":\"https:\\\/\\\/agradocosmetic.com\\\/\",\"name\":\"Agrado\",\"description\":\"Cosmetic\",\"publisher\":{\"@id\":\"https:\\\/\\\/agradocosmetic.com\\\/#organization\"},\"potentialAction\":[{\"@type\":\"SearchAction\",\"target\":{\"@type\":\"EntryPoint\",\"urlTemplate\":\"https:\\\/\\\/agradocosmetic.com\\\/?s={search_term_string}\"},\"query-input\":{\"@type\":\"PropertyValueSpecification\",\"valueRequired\":true,\"valueName\":\"search_term_string\"}}],\"inLanguage\":\"it-IT\"},{\"@type\":\"Organization\",\"@id\":\"https:\\\/\\\/agradocosmetic.com\\\/#organization\",\"name\":\"Agrado\",\"url\":\"https:\\\/\\\/agradocosmetic.com\\\/\",\"logo\":{\"@type\":\"ImageObject\",\"inLanguage\":\"it-IT\",\"@id\":\"https:\\\/\\\/agradocosmetic.com\\\/#\\\/schema\\\/logo\\\/image\\\/\",\"url\":\"https:\\\/\\\/agradocosmetic.com\\\/wp-content\\\/uploads\\\/2023\\\/07\\\/LOGO-AGRADO-WEB-01.png\",\"contentUrl\":\"https:\\\/\\\/agradocosmetic.com\\\/wp-content\\\/uploads\\\/2023\\\/07\\\/LOGO-AGRADO-WEB-01.png\",\"width\":1632,\"height\":300,\"caption\":\"Agrado\"},\"image\":{\"@id\":\"https:\\\/\\\/agradocosmetic.com\\\/#\\\/schema\\\/logo\\\/image\\\/\"}}]}<\/script>\n<!-- \/ Yoast SEO plugin. -->","yoast_head_json":{"title":"Gas compensado - Agrado","robots":{"index":"index","follow":"follow","max-snippet":"max-snippet:-1","max-image-preview":"max-image-preview:large","max-video-preview":"max-video-preview:-1"},"canonical":"https:\/\/agradocosmetic.com\/it\/gas-compensado\/","og_locale":"it_IT","og_type":"article","og_title":"Gas compensado - Agrado","og_description":"Hacia una huella m\u00e1s positiva por el planeta Hacia una huella m\u00e1s positiva por el planeta Estamos comprometidos con la innovaci\u00f3n responsable, con las personas y con el medio ambiente. Sabemos que las emisiones no se pueden reducir al completo, pero si podemos compensar su impacto mediante el empleo de gas compensado. \u00bfQu\u00e9 es el [&hellip;]","og_url":"https:\/\/agradocosmetic.com\/it\/gas-compensado\/","og_site_name":"Agrado","article_modified_time":"2025-05-15T09:27:14+00:00","og_image":[{"width":1000,"height":778,"url":"https:\/\/agradocosmetic.com\/wp-content\/uploads\/2025\/05\/Agrado-Gas-Compensado.webp","type":"image\/webp"}],"twitter_card":"summary_large_image","twitter_misc":{"Tempo di lettura stimato":"1 minuto"},"schema":{"@context":"https:\/\/schema.org","@graph":[{"@type":"WebPage","@id":"https:\/\/agradocosmetic.com\/gas-compensado\/","url":"https:\/\/agradocosmetic.com\/gas-compensado\/","name":"Gas compensado - Agrado","isPartOf":{"@id":"https:\/\/agradocosmetic.com\/#website"},"primaryImageOfPage":{"@id":"https:\/\/agradocosmetic.com\/gas-compensado\/#primaryimage"},"image":{"@id":"https:\/\/agradocosmetic.com\/gas-compensado\/#primaryimage"},"thumbnailUrl":"https:\/\/agradocosmetic.com\/wp-content\/uploads\/2025\/05\/Agrado-Gas-Compensado.webp","datePublished":"2025-05-14T11:58:46+00:00","dateModified":"2025-05-15T09:27:14+00:00","breadcrumb":{"@id":"https:\/\/agradocosmetic.com\/gas-compensado\/#breadcrumb"},"inLanguage":"it-IT","potentialAction":[{"@type":"ReadAction","target":["https:\/\/agradocosmetic.com\/gas-compensado\/"]}]},{"@type":"ImageObject","inLanguage":"it-IT","@id":"https:\/\/agradocosmetic.com\/gas-compensado\/#primaryimage","url":"https:\/\/agradocosmetic.com\/wp-content\/uploads\/2025\/05\/Agrado-Gas-Compensado.webp","contentUrl":"https:\/\/agradocosmetic.com\/wp-content\/uploads\/2025\/05\/Agrado-Gas-Compensado.webp"},{"@type":"BreadcrumbList","@id":"https:\/\/agradocosmetic.com\/gas-compensado\/#breadcrumb","itemListElement":[{"@type":"ListItem","position":1,"name":"Portada","item":"https:\/\/agradocosmetic.com\/"},{"@type":"ListItem","position":2,"name":"Gas compensado"}]},{"@type":"WebSite","@id":"https:\/\/agradocosmetic.com\/#website","url":"https:\/\/agradocosmetic.com\/","name":"Mi piace","description":"cosmetico","publisher":{"@id":"https:\/\/agradocosmetic.com\/#organization"},"potentialAction":[{"@type":"SearchAction","target":{"@type":"EntryPoint","urlTemplate":"https:\/\/agradocosmetic.com\/?s={search_term_string}"},"query-input":{"@type":"PropertyValueSpecification","valueRequired":true,"valueName":"search_term_string"}}],"inLanguage":"it-IT"},{"@type":"Organization","@id":"https:\/\/agradocosmetic.com\/#organization","name":"Mi piace","url":"https:\/\/agradocosmetic.com\/","logo":{"@type":"ImageObject","inLanguage":"it-IT","@id":"https:\/\/agradocosmetic.com\/#\/schema\/logo\/image\/","url":"https:\/\/agradocosmetic.com\/wp-content\/uploads\/2023\/07\/LOGO-AGRADO-WEB-01.png","contentUrl":"https:\/\/agradocosmetic.com\/wp-content\/uploads\/2023\/07\/LOGO-AGRADO-WEB-01.png","width":1632,"height":300,"caption":"Agrado"},"image":{"@id":"https:\/\/agradocosmetic.com\/#\/schema\/logo\/image\/"}}]}},"_links":{"self":[{"href":"https:\/\/agradocosmetic.com\/it\/wp-json\/wp\/v2\/pages\/30279","targetHints":{"allow":["GET"]}}],"collection":[{"href":"https:\/\/agradocosmetic.com\/it\/wp-json\/wp\/v2\/pages"}],"about":[{"href":"https:\/\/agradocosmetic.com\/it\/wp-json\/wp\/v2\/types\/page"}],"author":[{"embeddable":true,"href":"https:\/\/agradocosmetic.com\/it\/wp-json\/wp\/v2\/users\/5"}],"replies":[{"embeddable":true,"href":"https:\/\/agradocosmetic.com\/it\/wp-json\/wp\/v2\/comments?post=30279"}],"version-history":[{"count":10,"href":"https:\/\/agradocosmetic.com\/it\/wp-json\/wp\/v2\/pages\/30279\/revisions"}],"predecessor-version":[{"id":30378,"href":"https:\/\/agradocosmetic.com\/it\/wp-json\/wp\/v2\/pages\/30279\/revisions\/30378"}],"wp:attachment":[{"href":"https:\/\/agradocosmetic.com\/it\/wp-json\/wp\/v2\/media?parent=30279"}],"curies":[{"name":"parola chiave","href":"https:\/\/api.w.org\/{rel}","templated":true}]}}