{"id":917,"date":"2023-09-11T15:38:22","date_gmt":"2023-09-11T15:38:22","guid":{"rendered":"https:\/\/dev-freelancerweb.site\/?page_id=917"},"modified":"2025-07-01T12:39:13","modified_gmt":"2025-07-01T11:39:13","slug":"aviso-legal","status":"publish","type":"page","link":"https:\/\/agradocosmetic.com\/it\/aviso-legal\/","title":{"rendered":"Avviso legale"},"content":{"rendered":"<div data-elementor-type=\"wp-page\" data-elementor-id=\"917\" class=\"elementor elementor-917\" data-elementor-post-type=\"page\">\n\t\t\t\t<div class=\"elementor-element elementor-element-d2dd4fd e-flex e-con-boxed e-con e-parent\" data-id=\"d2dd4fd\" data-element_type=\"container\" data-e-type=\"container\" data-settings=\"{&quot;jet_parallax_layout_list&quot;:[],&quot;ekit_has_onepagescroll_dot&quot;:&quot;yes&quot;}\">\n\t\t\t\t\t<div class=\"e-con-inner\">\n\t\t\t\t<div class=\"elementor-element elementor-element-166f604 elementor-widget elementor-widget-heading\" data-id=\"166f604\" data-element_type=\"widget\" data-e-type=\"widget\" data-settings=\"{&quot;ekit_we_effect_on&quot;:&quot;none&quot;}\" data-widget_type=\"heading.default\">\n\t\t\t\t<div class=\"elementor-widget-container\">\n\t\t\t\t\t<h2 class=\"elementor-heading-title elementor-size-default\">Avviso legale<\/h2>\t\t\t\t<\/div>\n\t\t\t\t<\/div>\n\t\t\t\t<div class=\"elementor-element elementor-element-23b1ca7 elementor-widget elementor-widget-text-editor\" data-id=\"23b1ca7\" data-element_type=\"widget\" data-e-type=\"widget\" data-settings=\"{&quot;ekit_we_effect_on&quot;:&quot;none&quot;}\" data-widget_type=\"text-editor.default\">\n\t\t\t\t<div class=\"elementor-widget-container\">\n\t\t\t\t\t\t\t\t\t<p>AGRADO COSMETIC CARE 3000 SLU si riserva il diritto di modificare qualsiasi tipo di informazione che possa apparire sul sito web, senza che vi sia alcun obbligo di notificare o informare gli utenti di tali obblighi, ritenendosi sufficiente la pubblicazione sul sito web di AGRADO COSMETIC CARE 3000 SLU<\/p><p>In conformit\u00e0 con l&#039;articolo 10 della legge 34\/2002, dell&#039;11 luglio, sui servizi della societ\u00e0 dell&#039;informazione e del commercio elettronico, i dati identificativi della societ\u00e0 proprietaria del dominio www.agradocosmetic.com sono riportati di seguito:<\/p><p><strong>1. Dati identificativi:<\/strong><br \/>\u2013 Nome del dominio: www.aradocosmetic.com<br \/>\u2013 Ragione sociale: AGRADO COSMETIC CARE 3000 SLU<br \/>\u2013 NIF: B98150766<br \/>\u2013 Sede legale: Carrer Isaac Newton, 2, 46520 Sagunto, Valencia<br \/>\u2013 Telefono: 961399241<br \/>\u2013 E-mail: info@agradocosmetic.com<br \/>\u2013 Dati anagrafici: Registro delle imprese di Valencia. Volume 2726, Generale 44 della sezione Generale del Libro delle Imprese, Foglio 95, Foglio N. V-680, Iscrizione 1.<\/p><p><strong>2. Diritti di propriet\u00e0 intellettuale e industriale:<br \/><\/strong><br \/>Il sito web, inclusi ma non limitati alla sua programmazione, modifica, compilazione e altri elementi necessari per il suo funzionamento, i disegni, i loghi, i testi e\/o la grafica, sono di propriet\u00e0 della persona responsabile o, se applicabile, dispongono di una licenza. o espressa autorizzazione degli autori.<\/p><p>Tutti i contenuti del sito web sono debitamente protetti dalle norme sulla propriet\u00e0 intellettuale e industriale, nonch\u00e9 registrati nei corrispondenti registri pubblici. Indipendentemente dallo scopo per cui sono destinati, la riproduzione, l&#039;uso, lo sfruttamento, la distribuzione e la commercializzazione totale o parziale richiedono in ogni caso la previa autorizzazione scritta della persona responsabile. Qualsiasi utilizzo non preventivamente autorizzato \u00e8 considerato una grave violazione dei diritti di propriet\u00e0 intellettuale o industriale dell&#039;autore. I disegni, i loghi, i testi e\/o la grafica diversi da quelli responsabili e che potrebbero apparire sul sito appartengono ai rispettivi proprietari, i quali sono essi stessi responsabili di ogni eventuale controversia che possa sorgere al riguardo.<\/p><p>Il responsabile riconosce ai suoi titolari i corrispondenti diritti di propriet\u00e0 intellettuale e industriale, la sua semplice menzione o apparizione sul sito web non implica l&#039;esistenza di alcun diritto o responsabilit\u00e0 sugli stessi, n\u00e9 l&#039;approvazione, sponsorizzazione o raccomandazione da parte degli stessi.<\/p><p>Per effettuare qualsiasi tipo di osservazione riguardante possibili violazioni dei diritti di propriet\u00e0 intellettuale o industriale, nonch\u00e9 di qualsiasi contenuto del sito Web, \u00e8 possibile farlo tramite e-mail info@agradocosmetic.com o al seguente indirizzo postale: C\/ ZEFIR, PI NUMERO 16 PLOT., \u2013 46119 NAQUERA (Val\u00e8ncia).<\/p><p><strong>3. Navigazione, accesso e sicurezza:<br \/><\/strong><br \/>L&#039;accesso, la navigazione e l&#039;utilizzo di questo sito Web implicano l&#039;accettazione espressa e senza riserve di tutti i termini della presente Politica sulla privacy e sulla protezione dei dati, avente la stessa validit\u00e0 ed efficacia di qualsiasi contratto stipulato per iscritto e firmato. In questo senso, per Utente si intender\u00e0 la persona che accede, naviga, utilizza o partecipa ai servizi e alle attivit\u00e0, gratuite o costose, sviluppate sul Sito.<\/p><p>L&#039;accesso, la navigazione e l&#039;utilizzo di questo sito Web implicano l&#039;accettazione espressa e senza riserve di tutte le avvertenze legali, condizioni e termini di utilizzo contenuti nella presente Informativa sulla privacy e sulla protezione dei dati. AGRADO COSMETIC CARE 3000 SLU compie ogni sforzo per garantire che la navigazione si svolga nelle migliori condizioni e per evitare danni di qualsiasi tipo che potrebbero essere causati durante la stessa. AGRADO COSMETIC CARE 3000 SLU non \u00e8 responsabile n\u00e9 garantisce che l&#039;accesso a questo sito Web sar\u00e0 ininterrotto o privo di errori. N\u00e9 \u00e8 responsabile o garantito che il contenuto o il software a cui \u00e8 possibile accedere tramite questo sito Web siano privi di errori o causino danni. In nessun caso AGRADO COSMETIC CARE 3000 SLU sar\u00e0 responsabile per perdite, danni o perdite di qualsiasi tipo derivanti dall&#039;accesso e dall&#039;uso del sito Web, inclusi, ma non limitati a, quelli causati ai sistemi informatici o quelli causati dall&#039;introduzione di virus, n\u00e9 \u00e8 responsabile per eventuali danni che dovessero derivare agli utenti a causa dell&#039;uso improprio del presente Sito. I servizi offerti su questo Sito possono essere utilizzati correttamente solo se vengono rispettate le specifiche tecniche per le quali \u00e8 stato progettato.<\/p><p>L&#039;accesso a questo sito Web ai minori di 14 anni \u00e8 vietato, a meno che non abbiano la previa ed espressa autorizzazione dei genitori, tutori o rappresentanti legali, che saranno considerati responsabili degli atti compiuti dai minori.la sua posizione, in conformit\u00e0 con normative attuali. In ogni caso, si presumer\u00e0 che l&#039;accesso da parte di un minore al Sito sia avvenuto previa ed espressa autorizzazione dei suoi genitori, tutori o rappresentanti legali.<\/p><p><strong>4. Esenzione di responsabilit\u00e0 del responsabile:<br \/><\/strong><br \/>\u00c8 esente da qualsiasi tipo di responsabilit\u00e0 derivante dalle informazioni pubblicate sul suo sito web ogni volta che tali informazioni siano state manipolate o introdotte da terzi estranei ad esso. Politica sui collegamenti dal sito Web, \u00e8 possibile che verrai reindirizzato a contenuti di siti Web di terzi. Poich\u00e9 il responsabile non pu\u00f2 sempre controllare i contenuti introdotti da terzi sui rispettivi siti web, non si assume alcun tipo di responsabilit\u00e0 rispetto a tali contenuti. In ogni caso, proceder\u00e0 al ritiro immediato di qualsiasi contenuto che possa contravvenire alla legislazione nazionale o internazionale, alla moralit\u00e0 o all&#039;ordine pubblico, procedendo al ritiro immediato del reindirizzamento a detto sito web, portando il contenuto all&#039;attenzione delle autorit\u00e0 competenti. in questione. Il responsabile non \u00e8 responsabile delle informazioni e dei contenuti archiviati, a titolo esemplificativo ma non esaustivo, in forum, chat, generatori di blog, commenti, social network o qualsiasi altro mezzo che consenta a terzi di pubblicare contenuti in modo indipendente sulla pagina sito web della persona responsabile. Tuttavia, e in conformit\u00e0 con le disposizioni degli articoli 11 e 16 della LSSICE, \u00e8 messo a disposizione di tutti gli utenti, autorit\u00e0 e forze di sicurezza, collaborando attivamente al ritiro o, se del caso, al blocco di tutti quei contenuti che potrebbero influenzare o contravvenire legislazione nazionale o internazionale, diritti di terzi o moralit\u00e0 e ordine pubblico.<\/p><p>Se l&#039;utente ritiene che sul sito web siano presenti contenuti che potrebbero essere suscettibili di questa classificazione, \u00e8 pregato di avvisare immediatamente l&#039;amministratore del sito web. Questo sito web \u00e8 stato rivisto e testato per funzionare correttamente. In linea di principio \u00e8 possibile garantire il corretto funzionamento 365 giorni all&#039;anno, 24 ore su 24. Tuttavia, il responsabile non esclude la possibilit\u00e0 che si verifichino determinati errori di programmazione o che si verifichino cause di forza maggiore, catastrofi naturali, scioperi o circostanze simili che rendano impossibile l&#039;accesso al sito web.<\/p><p><b>5. Condizioni aggiuntive:<\/b><\/p><p>L&#039;utente che inserisce i dati \u00e8 l&#039;unico ed ultimo responsabile della veridicit\u00e0 delle informazioni fornite nel servizio e di eventuali modifiche che dovessero essere apportate fino alla fine del servizio.<\/p><p><b>6. Aggiornamento e modifica delle informazioni:<\/b><\/p><p>Le informazioni visualizzate su questo sito Web sono aggiornate alla data del suo ultimo aggiornamento. AGRADO COSMETIC CARE 3000 SLU si riserva il diritto di aggiornare, modificare o cancellare le informazioni contenute in questo sito web e pu\u00f2 limitare o non consentirne l&#039;accesso. Questo sito web non pu\u00f2 essere alterato, cambiato, modificato o adattato. Tuttavia, AGRADO COSMETIC CARE 3000 SLU si riserva il diritto di apportare, in qualsiasi momento, tutti i cambiamenti e le modifiche che ritiene opportune e pu\u00f2 avvalersi di tale potere in qualsiasi momento e senza preavviso.<\/p><p><b>7. Legge applicabile e giurisdizione:<br \/><\/b>Le presenti Condizioni saranno regolate e interpretate in conformit\u00e0 con il diritto comune spagnolo. Per qualsiasi questione che possa sorgere in merito all&#039;interpretazione, conformit\u00e0, risoluzione o risoluzione delle Condizioni Generali, le Parti si sottopongono alla giurisdizione e alla competenza delle Corti e dei Tribunali della sede legale del Responsabile del sito web. Tuttavia, in conformit\u00e0 con la legislazione spagnola, per qualsiasi questione che possa sorgere in relazione alle presenti Condizioni Generali, saranno competenti le corti e i tribunali del domicilio applicabile, ai sensi dell&#039;articolo 52 della Legge di Procedura Civile o norma sostitutiva. applicabile in ogni momento.<\/p><p>Avviso legale scritto e fornito da PROTECTION REPORT SOLUTIONS, SL, <a href=\"http:\/\/www.protectionreport.com\" target=\"_blank\" rel=\"noopener\">Azienda GDPR<\/a> che si riserva le opportune azioni legali contro chiunque copi e utilizzi illegittimamente i contenuti.<\/p>\t\t\t\t\t\t\t\t<\/div>\n\t\t\t\t<\/div>\n\t\t\t\t\t<\/div>\n\t\t\t\t<\/div>\n\t\t\t\t<\/div>","protected":false},"excerpt":{"rendered":"<p>Aviso Legal AGRADO COSMETIC CARE 3000 S.L.U. se reserva el derecho de modificar cualquier tipo de informaci\u00f3n que pudiera aparecer en el sitio web, sin que exista obligaci\u00f3n de preavisar o poner en conocimiento de los usuarios dichas obligaciones, entendi\u00e9ndose como suficiente con la publicaci\u00f3n en el sitio web de AGRADO COSMETIC CARE 3000 S.L.U. [&hellip;]<\/p>\n","protected":false},"author":1,"featured_media":0,"parent":0,"menu_order":21,"comment_status":"closed","ping_status":"closed","template":"","meta":{"footnotes":"","_wp_rev_ctl_limit":"5"},"class_list":["post-917","page","type-page","status-publish","hentry"],"yoast_head":"<!-- This site is optimized with the Yoast SEO plugin v26.9 - https:\/\/yoast.com\/product\/yoast-seo-wordpress\/ -->\n<title>Aviso Legal - Agrado<\/title>\n<meta name=\"robots\" content=\"noindex, nofollow\" \/>\n<meta property=\"og:locale\" content=\"it_IT\" \/>\n<meta property=\"og:type\" content=\"article\" \/>\n<meta property=\"og:title\" content=\"Aviso Legal - Agrado\" \/>\n<meta property=\"og:description\" content=\"Aviso Legal AGRADO COSMETIC CARE 3000 S.L.U. se reserva el derecho de modificar cualquier tipo de informaci\u00f3n que pudiera aparecer en el sitio web, sin que exista obligaci\u00f3n de preavisar o poner en conocimiento de los usuarios dichas obligaciones, entendi\u00e9ndose como suficiente con la publicaci\u00f3n en el sitio web de AGRADO COSMETIC CARE 3000 S.L.U. [&hellip;]\" \/>\n<meta property=\"og:url\" content=\"https:\/\/agradocosmetic.com\/it\/aviso-legal\/\" \/>\n<meta property=\"og:site_name\" content=\"Agrado\" \/>\n<meta property=\"article:modified_time\" content=\"2025-07-01T11:39:13+00:00\" \/>\n<meta name=\"twitter:card\" content=\"summary_large_image\" \/>\n<meta name=\"twitter:label1\" content=\"Tempo di lettura stimato\" \/>\n\t<meta name=\"twitter:data1\" content=\"7 minuti\" \/>\n<script type=\"application\/ld+json\" class=\"yoast-schema-graph\">{\"@context\":\"https:\/\/schema.org\",\"@graph\":[{\"@type\":\"WebPage\",\"@id\":\"https:\/\/agradocosmetic.com\/aviso-legal\/\",\"url\":\"https:\/\/agradocosmetic.com\/aviso-legal\/\",\"name\":\"Aviso Legal - Agrado\",\"isPartOf\":{\"@id\":\"https:\/\/agradocosmetic.com\/#website\"},\"datePublished\":\"2023-09-11T15:38:22+00:00\",\"dateModified\":\"2025-07-01T11:39:13+00:00\",\"breadcrumb\":{\"@id\":\"https:\/\/agradocosmetic.com\/aviso-legal\/#breadcrumb\"},\"inLanguage\":\"it-IT\",\"potentialAction\":[{\"@type\":\"ReadAction\",\"target\":[\"https:\/\/agradocosmetic.com\/aviso-legal\/\"]}]},{\"@type\":\"BreadcrumbList\",\"@id\":\"https:\/\/agradocosmetic.com\/aviso-legal\/#breadcrumb\",\"itemListElement\":[{\"@type\":\"ListItem\",\"position\":1,\"name\":\"Portada\",\"item\":\"https:\/\/agradocosmetic.com\/\"},{\"@type\":\"ListItem\",\"position\":2,\"name\":\"Aviso Legal\"}]},{\"@type\":\"WebSite\",\"@id\":\"https:\/\/agradocosmetic.com\/#website\",\"url\":\"https:\/\/agradocosmetic.com\/\",\"name\":\"Agrado\",\"description\":\"Cosmetic\",\"publisher\":{\"@id\":\"https:\/\/agradocosmetic.com\/#organization\"},\"potentialAction\":[{\"@type\":\"SearchAction\",\"target\":{\"@type\":\"EntryPoint\",\"urlTemplate\":\"https:\/\/agradocosmetic.com\/?s={search_term_string}\"},\"query-input\":{\"@type\":\"PropertyValueSpecification\",\"valueRequired\":true,\"valueName\":\"search_term_string\"}}],\"inLanguage\":\"it-IT\"},{\"@type\":\"Organization\",\"@id\":\"https:\/\/agradocosmetic.com\/#organization\",\"name\":\"Agrado\",\"url\":\"https:\/\/agradocosmetic.com\/\",\"logo\":{\"@type\":\"ImageObject\",\"inLanguage\":\"it-IT\",\"@id\":\"https:\/\/agradocosmetic.com\/#\/schema\/logo\/image\/\",\"url\":\"https:\/\/agradocosmetic.com\/wp-content\/uploads\/2023\/07\/LOGO-AGRADO-WEB-01.png\",\"contentUrl\":\"https:\/\/agradocosmetic.com\/wp-content\/uploads\/2023\/07\/LOGO-AGRADO-WEB-01.png\",\"width\":1632,\"height\":300,\"caption\":\"Agrado\"},\"image\":{\"@id\":\"https:\/\/agradocosmetic.com\/#\/schema\/logo\/image\/\"}}]}<\/script>\n<!-- \/ Yoast SEO plugin. -->","yoast_head_json":{"title":"Aviso Legal - Agrado","robots":{"index":"noindex","follow":"nofollow"},"og_locale":"it_IT","og_type":"article","og_title":"Aviso Legal - Agrado","og_description":"Aviso Legal AGRADO COSMETIC CARE 3000 S.L.U. se reserva el derecho de modificar cualquier tipo de informaci\u00f3n que pudiera aparecer en el sitio web, sin que exista obligaci\u00f3n de preavisar o poner en conocimiento de los usuarios dichas obligaciones, entendi\u00e9ndose como suficiente con la publicaci\u00f3n en el sitio web de AGRADO COSMETIC CARE 3000 S.L.U. [&hellip;]","og_url":"https:\/\/agradocosmetic.com\/it\/aviso-legal\/","og_site_name":"Agrado","article_modified_time":"2025-07-01T11:39:13+00:00","twitter_card":"summary_large_image","twitter_misc":{"Tempo di lettura stimato":"7 minuti"},"schema":{"@context":"https:\/\/schema.org","@graph":[{"@type":"WebPage","@id":"https:\/\/agradocosmetic.com\/aviso-legal\/","url":"https:\/\/agradocosmetic.com\/aviso-legal\/","name":"Aviso Legal - Agrado","isPartOf":{"@id":"https:\/\/agradocosmetic.com\/#website"},"datePublished":"2023-09-11T15:38:22+00:00","dateModified":"2025-07-01T11:39:13+00:00","breadcrumb":{"@id":"https:\/\/agradocosmetic.com\/aviso-legal\/#breadcrumb"},"inLanguage":"it-IT","potentialAction":[{"@type":"ReadAction","target":["https:\/\/agradocosmetic.com\/aviso-legal\/"]}]},{"@type":"BreadcrumbList","@id":"https:\/\/agradocosmetic.com\/aviso-legal\/#breadcrumb","itemListElement":[{"@type":"ListItem","position":1,"name":"Portada","item":"https:\/\/agradocosmetic.com\/"},{"@type":"ListItem","position":2,"name":"Aviso Legal"}]},{"@type":"WebSite","@id":"https:\/\/agradocosmetic.com\/#website","url":"https:\/\/agradocosmetic.com\/","name":"Mi piace","description":"cosmetico","publisher":{"@id":"https:\/\/agradocosmetic.com\/#organization"},"potentialAction":[{"@type":"SearchAction","target":{"@type":"EntryPoint","urlTemplate":"https:\/\/agradocosmetic.com\/?s={search_term_string}"},"query-input":{"@type":"PropertyValueSpecification","valueRequired":true,"valueName":"search_term_string"}}],"inLanguage":"it-IT"},{"@type":"Organization","@id":"https:\/\/agradocosmetic.com\/#organization","name":"Mi piace","url":"https:\/\/agradocosmetic.com\/","logo":{"@type":"ImageObject","inLanguage":"it-IT","@id":"https:\/\/agradocosmetic.com\/#\/schema\/logo\/image\/","url":"https:\/\/agradocosmetic.com\/wp-content\/uploads\/2023\/07\/LOGO-AGRADO-WEB-01.png","contentUrl":"https:\/\/agradocosmetic.com\/wp-content\/uploads\/2023\/07\/LOGO-AGRADO-WEB-01.png","width":1632,"height":300,"caption":"Agrado"},"image":{"@id":"https:\/\/agradocosmetic.com\/#\/schema\/logo\/image\/"}}]}},"_links":{"self":[{"href":"https:\/\/agradocosmetic.com\/it\/wp-json\/wp\/v2\/pages\/917","targetHints":{"allow":["GET"]}}],"collection":[{"href":"https:\/\/agradocosmetic.com\/it\/wp-json\/wp\/v2\/pages"}],"about":[{"href":"https:\/\/agradocosmetic.com\/it\/wp-json\/wp\/v2\/types\/page"}],"author":[{"embeddable":true,"href":"https:\/\/agradocosmetic.com\/it\/wp-json\/wp\/v2\/users\/1"}],"replies":[{"embeddable":true,"href":"https:\/\/agradocosmetic.com\/it\/wp-json\/wp\/v2\/comments?post=917"}],"version-history":[{"count":5,"href":"https:\/\/agradocosmetic.com\/it\/wp-json\/wp\/v2\/pages\/917\/revisions"}],"predecessor-version":[{"id":30929,"href":"https:\/\/agradocosmetic.com\/it\/wp-json\/wp\/v2\/pages\/917\/revisions\/30929"}],"wp:attachment":[{"href":"https:\/\/agradocosmetic.com\/it\/wp-json\/wp\/v2\/media?parent=917"}],"curies":[{"name":"parola chiave","href":"https:\/\/api.w.org\/{rel}","templated":true}]}}