{"id":934,"date":"2023-09-11T18:36:58","date_gmt":"2023-09-11T18:36:58","guid":{"rendered":"https:\/\/dev-freelancerweb.site\/?page_id=934"},"modified":"2025-07-09T12:34:11","modified_gmt":"2025-07-09T11:34:11","slug":"politica-de-calidad","status":"publish","type":"page","link":"https:\/\/agradocosmetic.com\/it\/politica-de-calidad\/","title":{"rendered":"Politica di qualit\u00e0"},"content":{"rendered":"<div data-elementor-type=\"wp-page\" data-elementor-id=\"934\" class=\"elementor elementor-934\" data-elementor-post-type=\"page\">\n\t\t\t\t<div class=\"elementor-element elementor-element-cc36e93 e-flex e-con-boxed e-con e-parent\" data-id=\"cc36e93\" data-element_type=\"container\" data-e-type=\"container\" data-settings=\"{&quot;jet_parallax_layout_list&quot;:[],&quot;ekit_has_onepagescroll_dot&quot;:&quot;yes&quot;}\">\n\t\t\t\t\t<div class=\"e-con-inner\">\n\t\t\t\t<div class=\"elementor-element elementor-element-ae2df97 elementor-widget elementor-widget-heading\" data-id=\"ae2df97\" data-element_type=\"widget\" data-e-type=\"widget\" data-settings=\"{&quot;ekit_we_effect_on&quot;:&quot;none&quot;}\" data-widget_type=\"heading.default\">\n\t\t\t\t<div class=\"elementor-widget-container\">\n\t\t\t\t\t<h2 class=\"elementor-heading-title elementor-size-default\">Politica di qualit\u00e0\n<\/h2>\t\t\t\t<\/div>\n\t\t\t\t<\/div>\n\t\t\t\t<div class=\"elementor-element elementor-element-6e9e876 elementor-widget elementor-widget-text-editor\" data-id=\"6e9e876\" data-element_type=\"widget\" data-e-type=\"widget\" data-settings=\"{&quot;ekit_we_effect_on&quot;:&quot;none&quot;}\" data-widget_type=\"text-editor.default\">\n\t\t\t\t<div class=\"elementor-widget-container\">\n\t\t\t\t\t\t\t\t\t<p><span style=\"font-weight: 400;\">Il Consiglio di Amministrazione della <strong>Romar Global Care Group (RGC)<\/strong>, costituita dalla Societ\u00e0 <strong>QUIMI ROMAR, SL<\/strong>, la Societ\u00e0 <strong>AGRADO COSMETICI CURA 3000 SL<\/strong> e SOCIET\u00c0 <strong>ENVASADO XIOMARA SL<\/strong>, mantiene un Sistema di Gestione della Qualit\u00e0 (SGQ) basato sulla Politica della Qualit\u00e0 Aziendale che considera il contesto sociale, economico e ambientale, nonch\u00e9 le parti interessate legate alla nostra attivit\u00e0 (ambiente, lavoratori, concorrenza...) e genera fiducia, sia tra i nostri Clienti e internamente, che la Societ\u00e0 ha la capacit\u00e0 di progettare e fornire prodotti conformi che raggiungano la soddisfazione di detti Clienti, espandendo i mercati della Societ\u00e0.<\/span><\/p><p><span style=\"font-weight: 400;\">Il Consiglio di Amministrazione della<strong> Gruppo RGC<\/strong>, in quanto soggetto maggiormente responsabile dell&#039;applicazione della Politica della Qualit\u00e0, si impegna a supportare l&#039;attuazione e il mantenimento di detto Sistema di Gestione per la Qualit\u00e0 per conseguire il miglioramento continuo, e a rispettare e far rispettare a tutti i livelli aziendali le responsabilit\u00e0 e le attivit\u00e0 assegnate nel SGQ documentazione.<\/span><\/p><p><span style=\"font-weight: 400;\">Il management dell&#039;azienda, attraverso il suo Presidente, si assume la responsabilit\u00e0 del rispetto delle Buone Pratiche di Fabbricazione (GMP-Good Manufacturing Practices) e si impegna ad utilizzare tutti i mezzi alla sua portata; Il raggiungimento di questi obiettivi richiede la partecipazione e l&#039;impegno di tutto il personale aziendale nonch\u00e9 del personale in visita.<\/span><\/p><p><span style=\"font-weight: 400;\">La Politica della Qualit\u00e0 di <strong>Gruppo RGC<\/strong> \u00e8 basato su:<\/span><\/p><ul><li><span style=\"font-weight: 400;\">Progettare, stabilire e mantenere un Sistema di Qualit\u00e0 adatto alle nostre attivit\u00e0 e <\/span><span style=\"font-weight: 400;\">natura dei prodotti per l&#039;igiene personale, la pulizia e gli insetticidi e in particolare nel <\/span><span style=\"font-weight: 400;\">linee cosmetiche che soddisfano le esigenze e le aspettative dei clienti, con il <\/span><span style=\"font-weight: 400;\">migliore tecnologia possibile.\u00a0<\/span><\/li><li><span style=\"font-weight: 400;\">Rispettare i requisiti legislativi e normativi applicabili.\u00a0<\/span><\/li><li><span style=\"font-weight: 400;\">Garantire che i fornitori di materie prime soddisfino le aspettative di qualit\u00e0, prezzo e servizio.\u00a0<\/span><\/li><li><span style=\"font-weight: 400;\">Fornire prodotti a prezzi competitivi e in tempi adeguati, raggiungendo e mantenendo una reputazione di qualit\u00e0 con un buon servizio e prezzo.<\/span><\/li><li><span style=\"font-weight: 400;\">Goditi uno spirito innovativo supportato da un piano di formazione continua.<\/span><\/li><li><span style=\"font-weight: 400;\">Difesa del prodotto: prevenzione dell&#039;adulterazione intenzionale<\/span><\/li><\/ul><p><span style=\"font-weight: 400;\">L&#039;obiettivo finale del Gruppo RGC \u00e8 raggiungere un posto di rilievo nel mercato e far s\u00ec che i nostri clienti possano beneficiare dei miglioramenti ottenuti dalla corretta applicazione del Sistema di Gestione della Qualit\u00e0 e dal rispetto delle GMP. Allo stesso modo, si impegna a informare i propri clienti il prima possibile di qualsiasi problema relativo alla sicurezza o alla legalit\u00e0 del prodotto, comprese le deviazioni e le non conformit\u00e0 identificate dalle autorit\u00e0 competenti.<\/span><\/p><p><span style=\"font-weight: 400;\">Nello studio HACCP sono stati considerati i diversi rischi fisici, chimici e microbiologici, nonch\u00e9 tutti gli aspetti della sicurezza del prodotto. In questo modo, il Gruppo RGC garantisce la sicurezza e l&#039;innocuit\u00e0 dei propri prodotti immessi sul mercato, dotandosi di mezzi tecnici e umani per garantire l&#039;idoneit\u00e0 sanitaria dei propri prodotti e i requisiti specificati dai clienti e dai consumatori. In questo senso saranno disponibili i mezzi necessari per affrontare ogni aspetto richiesto dalle normative e dai clienti, contribuendo al miglioramento continuo dell\u2019azienda e della societ\u00e0. <\/span><span style=\"font-weight: 400;\">i suoi prodotti e servizi offerti. Si intende che il miglioramento dei processi e la loro gestione sia sostenibile e rispettoso dell&#039;ambiente e dell&#039;ambiente sociale in cui l&#039;azienda svolge la propria attivit\u00e0, assumendo nel proprio sviluppo le proprie responsabilit\u00e0 ambientali, etiche e lavorative.<\/span><\/p><p><span style=\"font-weight: 400;\">La Direzione del Gruppo RGC desidera trasmettere l&#039;importanza dell&#039;adeguata comprensione, attuazione e aggiornamento della presente politica a tutti i livelli aziendali e si impegna a fornire risorse adeguate per il suo sviluppo e attuazione, nonch\u00e9 ad effettuare il relativo monitoraggio della sua efficacia.<\/span><\/p><p><span style=\"font-weight: 400;\">A Sagunto, il 26 agosto 2024.<\/span><\/p><p><span style=\"font-weight: 400;\">Pablo Rodr\u00edguez-Gimeno<\/span><\/p><p><span style=\"font-weight: 400;\">Consigliere delegato<\/span><\/p><p><span style=\"font-weight: 400;\">GRUPPO ROMAR GLOBAL CARE<\/span><\/p>\t\t\t\t\t\t\t\t<\/div>\n\t\t\t\t<\/div>\n\t\t\t\t\t<\/div>\n\t\t\t\t<\/div>\n\t\t\t\t<\/div>","protected":false},"excerpt":{"rendered":"<p>Pol\u00edtica de calidad El Consejo de Administraci\u00f3n del Grupo Romar Global Care (RGC), constituido por la Sociedad QUIMI ROMAR, S.L., la Sociedad AGRADO COSMETICS CARE 3000 S.L. y la SOCIEDAD ENVASADO XIOMARA S.L., mantiene un Sistema de Gesti\u00f3n de la Calidad (SGC) fundamentado en la Pol\u00edtica de la Calidad de la Empresa que considera el [&hellip;]<\/p>\n","protected":false},"author":1,"featured_media":22230,"parent":0,"menu_order":49,"comment_status":"closed","ping_status":"closed","template":"","meta":{"footnotes":"","_wp_rev_ctl_limit":""},"class_list":["post-934","page","type-page","status-publish","has-post-thumbnail","hentry"],"yoast_head":"<!-- This site is optimized with the Yoast SEO plugin v27.4 - https:\/\/yoast.com\/product\/yoast-seo-wordpress\/ -->\n<title>Pol\u00edtica de calidad - Agrado<\/title>\n<meta name=\"robots\" content=\"index, follow, max-snippet:-1, max-image-preview:large, max-video-preview:-1\" \/>\n<link rel=\"canonical\" href=\"https:\/\/agradocosmetic.com\/it\/politica-de-calidad\/\" \/>\n<meta property=\"og:locale\" content=\"it_IT\" \/>\n<meta property=\"og:type\" content=\"article\" \/>\n<meta property=\"og:title\" content=\"Pol\u00edtica de calidad - Agrado\" \/>\n<meta property=\"og:description\" content=\"Pol\u00edtica de calidad El Consejo de Administraci\u00f3n del Grupo Romar Global Care (RGC), constituido por la Sociedad QUIMI ROMAR, S.L., la Sociedad AGRADO COSMETICS CARE 3000 S.L. y la SOCIEDAD ENVASADO XIOMARA S.L., mantiene un Sistema de Gesti\u00f3n de la Calidad (SGC) fundamentado en la Pol\u00edtica de la Calidad de la Empresa que considera el [&hellip;]\" \/>\n<meta property=\"og:url\" content=\"https:\/\/agradocosmetic.com\/it\/politica-de-calidad\/\" \/>\n<meta property=\"og:site_name\" content=\"Agrado\" \/>\n<meta property=\"article:modified_time\" content=\"2025-07-09T11:34:11+00:00\" \/>\n<meta property=\"og:image\" content=\"https:\/\/agradocosmetic.com\/wp-content\/uploads\/2023\/10\/Distribuidores-contacto.jpg\" \/>\n\t<meta property=\"og:image:width\" content=\"353\" \/>\n\t<meta property=\"og:image:height\" content=\"224\" \/>\n\t<meta property=\"og:image:type\" content=\"image\/jpeg\" \/>\n<meta name=\"twitter:card\" content=\"summary_large_image\" \/>\n<meta name=\"twitter:label1\" content=\"Tempo di lettura stimato\" \/>\n\t<meta name=\"twitter:data1\" content=\"3 minuti\" \/>\n<script type=\"application\/ld+json\" class=\"yoast-schema-graph\">{\"@context\":\"https:\\\/\\\/schema.org\",\"@graph\":[{\"@type\":\"WebPage\",\"@id\":\"https:\\\/\\\/agradocosmetic.com\\\/politica-de-calidad\\\/\",\"url\":\"https:\\\/\\\/agradocosmetic.com\\\/politica-de-calidad\\\/\",\"name\":\"Pol\u00edtica de calidad - Agrado\",\"isPartOf\":{\"@id\":\"https:\\\/\\\/agradocosmetic.com\\\/#website\"},\"primaryImageOfPage\":{\"@id\":\"https:\\\/\\\/agradocosmetic.com\\\/politica-de-calidad\\\/#primaryimage\"},\"image\":{\"@id\":\"https:\\\/\\\/agradocosmetic.com\\\/politica-de-calidad\\\/#primaryimage\"},\"thumbnailUrl\":\"https:\\\/\\\/agradocosmetic.com\\\/wp-content\\\/uploads\\\/2023\\\/10\\\/Distribuidores-contacto.jpg\",\"datePublished\":\"2023-09-11T18:36:58+00:00\",\"dateModified\":\"2025-07-09T11:34:11+00:00\",\"breadcrumb\":{\"@id\":\"https:\\\/\\\/agradocosmetic.com\\\/politica-de-calidad\\\/#breadcrumb\"},\"inLanguage\":\"it-IT\",\"potentialAction\":[{\"@type\":\"ReadAction\",\"target\":[\"https:\\\/\\\/agradocosmetic.com\\\/politica-de-calidad\\\/\"]}]},{\"@type\":\"ImageObject\",\"inLanguage\":\"it-IT\",\"@id\":\"https:\\\/\\\/agradocosmetic.com\\\/politica-de-calidad\\\/#primaryimage\",\"url\":\"https:\\\/\\\/agradocosmetic.com\\\/wp-content\\\/uploads\\\/2023\\\/10\\\/Distribuidores-contacto.jpg\",\"contentUrl\":\"https:\\\/\\\/agradocosmetic.com\\\/wp-content\\\/uploads\\\/2023\\\/10\\\/Distribuidores-contacto.jpg\",\"width\":353,\"height\":224},{\"@type\":\"BreadcrumbList\",\"@id\":\"https:\\\/\\\/agradocosmetic.com\\\/politica-de-calidad\\\/#breadcrumb\",\"itemListElement\":[{\"@type\":\"ListItem\",\"position\":1,\"name\":\"Portada\",\"item\":\"https:\\\/\\\/agradocosmetic.com\\\/\"},{\"@type\":\"ListItem\",\"position\":2,\"name\":\"Pol\u00edtica de calidad\"}]},{\"@type\":\"WebSite\",\"@id\":\"https:\\\/\\\/agradocosmetic.com\\\/#website\",\"url\":\"https:\\\/\\\/agradocosmetic.com\\\/\",\"name\":\"Agrado\",\"description\":\"Cosmetic\",\"publisher\":{\"@id\":\"https:\\\/\\\/agradocosmetic.com\\\/#organization\"},\"potentialAction\":[{\"@type\":\"SearchAction\",\"target\":{\"@type\":\"EntryPoint\",\"urlTemplate\":\"https:\\\/\\\/agradocosmetic.com\\\/?s={search_term_string}\"},\"query-input\":{\"@type\":\"PropertyValueSpecification\",\"valueRequired\":true,\"valueName\":\"search_term_string\"}}],\"inLanguage\":\"it-IT\"},{\"@type\":\"Organization\",\"@id\":\"https:\\\/\\\/agradocosmetic.com\\\/#organization\",\"name\":\"Agrado\",\"url\":\"https:\\\/\\\/agradocosmetic.com\\\/\",\"logo\":{\"@type\":\"ImageObject\",\"inLanguage\":\"it-IT\",\"@id\":\"https:\\\/\\\/agradocosmetic.com\\\/#\\\/schema\\\/logo\\\/image\\\/\",\"url\":\"https:\\\/\\\/agradocosmetic.com\\\/wp-content\\\/uploads\\\/2023\\\/07\\\/LOGO-AGRADO-WEB-01.png\",\"contentUrl\":\"https:\\\/\\\/agradocosmetic.com\\\/wp-content\\\/uploads\\\/2023\\\/07\\\/LOGO-AGRADO-WEB-01.png\",\"width\":1632,\"height\":300,\"caption\":\"Agrado\"},\"image\":{\"@id\":\"https:\\\/\\\/agradocosmetic.com\\\/#\\\/schema\\\/logo\\\/image\\\/\"}}]}<\/script>\n<!-- \/ Yoast SEO plugin. -->","yoast_head_json":{"title":"Pol\u00edtica de calidad - Agrado","robots":{"index":"index","follow":"follow","max-snippet":"max-snippet:-1","max-image-preview":"max-image-preview:large","max-video-preview":"max-video-preview:-1"},"canonical":"https:\/\/agradocosmetic.com\/it\/politica-de-calidad\/","og_locale":"it_IT","og_type":"article","og_title":"Pol\u00edtica de calidad - Agrado","og_description":"Pol\u00edtica de calidad El Consejo de Administraci\u00f3n del Grupo Romar Global Care (RGC), constituido por la Sociedad QUIMI ROMAR, S.L., la Sociedad AGRADO COSMETICS CARE 3000 S.L. y la SOCIEDAD ENVASADO XIOMARA S.L., mantiene un Sistema de Gesti\u00f3n de la Calidad (SGC) fundamentado en la Pol\u00edtica de la Calidad de la Empresa que considera el [&hellip;]","og_url":"https:\/\/agradocosmetic.com\/it\/politica-de-calidad\/","og_site_name":"Agrado","article_modified_time":"2025-07-09T11:34:11+00:00","og_image":[{"width":353,"height":224,"url":"https:\/\/agradocosmetic.com\/wp-content\/uploads\/2023\/10\/Distribuidores-contacto.jpg","type":"image\/jpeg"}],"twitter_card":"summary_large_image","twitter_misc":{"Tempo di lettura stimato":"3 minuti"},"schema":{"@context":"https:\/\/schema.org","@graph":[{"@type":"WebPage","@id":"https:\/\/agradocosmetic.com\/politica-de-calidad\/","url":"https:\/\/agradocosmetic.com\/politica-de-calidad\/","name":"Pol\u00edtica de calidad - Agrado","isPartOf":{"@id":"https:\/\/agradocosmetic.com\/#website"},"primaryImageOfPage":{"@id":"https:\/\/agradocosmetic.com\/politica-de-calidad\/#primaryimage"},"image":{"@id":"https:\/\/agradocosmetic.com\/politica-de-calidad\/#primaryimage"},"thumbnailUrl":"https:\/\/agradocosmetic.com\/wp-content\/uploads\/2023\/10\/Distribuidores-contacto.jpg","datePublished":"2023-09-11T18:36:58+00:00","dateModified":"2025-07-09T11:34:11+00:00","breadcrumb":{"@id":"https:\/\/agradocosmetic.com\/politica-de-calidad\/#breadcrumb"},"inLanguage":"it-IT","potentialAction":[{"@type":"ReadAction","target":["https:\/\/agradocosmetic.com\/politica-de-calidad\/"]}]},{"@type":"ImageObject","inLanguage":"it-IT","@id":"https:\/\/agradocosmetic.com\/politica-de-calidad\/#primaryimage","url":"https:\/\/agradocosmetic.com\/wp-content\/uploads\/2023\/10\/Distribuidores-contacto.jpg","contentUrl":"https:\/\/agradocosmetic.com\/wp-content\/uploads\/2023\/10\/Distribuidores-contacto.jpg","width":353,"height":224},{"@type":"BreadcrumbList","@id":"https:\/\/agradocosmetic.com\/politica-de-calidad\/#breadcrumb","itemListElement":[{"@type":"ListItem","position":1,"name":"Portada","item":"https:\/\/agradocosmetic.com\/"},{"@type":"ListItem","position":2,"name":"Pol\u00edtica de calidad"}]},{"@type":"WebSite","@id":"https:\/\/agradocosmetic.com\/#website","url":"https:\/\/agradocosmetic.com\/","name":"Mi piace","description":"cosmetico","publisher":{"@id":"https:\/\/agradocosmetic.com\/#organization"},"potentialAction":[{"@type":"SearchAction","target":{"@type":"EntryPoint","urlTemplate":"https:\/\/agradocosmetic.com\/?s={search_term_string}"},"query-input":{"@type":"PropertyValueSpecification","valueRequired":true,"valueName":"search_term_string"}}],"inLanguage":"it-IT"},{"@type":"Organization","@id":"https:\/\/agradocosmetic.com\/#organization","name":"Mi piace","url":"https:\/\/agradocosmetic.com\/","logo":{"@type":"ImageObject","inLanguage":"it-IT","@id":"https:\/\/agradocosmetic.com\/#\/schema\/logo\/image\/","url":"https:\/\/agradocosmetic.com\/wp-content\/uploads\/2023\/07\/LOGO-AGRADO-WEB-01.png","contentUrl":"https:\/\/agradocosmetic.com\/wp-content\/uploads\/2023\/07\/LOGO-AGRADO-WEB-01.png","width":1632,"height":300,"caption":"Agrado"},"image":{"@id":"https:\/\/agradocosmetic.com\/#\/schema\/logo\/image\/"}}]}},"_links":{"self":[{"href":"https:\/\/agradocosmetic.com\/it\/wp-json\/wp\/v2\/pages\/934","targetHints":{"allow":["GET"]}}],"collection":[{"href":"https:\/\/agradocosmetic.com\/it\/wp-json\/wp\/v2\/pages"}],"about":[{"href":"https:\/\/agradocosmetic.com\/it\/wp-json\/wp\/v2\/types\/page"}],"author":[{"embeddable":true,"href":"https:\/\/agradocosmetic.com\/it\/wp-json\/wp\/v2\/users\/1"}],"replies":[{"embeddable":true,"href":"https:\/\/agradocosmetic.com\/it\/wp-json\/wp\/v2\/comments?post=934"}],"version-history":[{"count":10,"href":"https:\/\/agradocosmetic.com\/it\/wp-json\/wp\/v2\/pages\/934\/revisions"}],"predecessor-version":[{"id":32715,"href":"https:\/\/agradocosmetic.com\/it\/wp-json\/wp\/v2\/pages\/934\/revisions\/32715"}],"wp:featuredmedia":[{"embeddable":true,"href":"https:\/\/agradocosmetic.com\/it\/wp-json\/wp\/v2\/media\/22230"}],"wp:attachment":[{"href":"https:\/\/agradocosmetic.com\/it\/wp-json\/wp\/v2\/media?parent=934"}],"curies":[{"name":"parola chiave","href":"https:\/\/api.w.org\/{rel}","templated":true}]}}