{"id":16,"date":"2023-07-21T19:12:39","date_gmt":"2023-07-21T19:12:39","guid":{"rendered":"https:\/\/dev-freelancerweb.site\/?page_id=16"},"modified":"2024-06-24T13:08:35","modified_gmt":"2024-06-24T13:08:35","slug":"compromiso-agrado","status":"publish","type":"page","link":"https:\/\/agradocosmetic.com\/pt\/compromiso-agrado\/","title":{"rendered":"Compromisso Agrado"},"content":{"rendered":"<div data-elementor-type=\"wp-page\" data-elementor-id=\"16\" class=\"elementor elementor-16\" data-elementor-post-type=\"page\">\n\t\t\t\t<div class=\"elementor-element elementor-element-49cb7d2 e-flex e-con-boxed e-con e-parent\" data-id=\"49cb7d2\" data-element_type=\"container\" data-e-type=\"container\" data-settings=\"{&quot;background_background&quot;:&quot;classic&quot;,&quot;jet_parallax_layout_list&quot;:[],&quot;ekit_has_onepagescroll_dot&quot;:&quot;yes&quot;}\">\n\t\t\t\t\t<div class=\"e-con-inner\">\n\t\t<div class=\"elementor-element elementor-element-04a573f e-con-full e-flex e-con e-child\" data-id=\"04a573f\" data-element_type=\"container\" data-e-type=\"container\" data-settings=\"{&quot;jet_parallax_layout_list&quot;:[],&quot;ekit_has_onepagescroll_dot&quot;:&quot;yes&quot;}\">\n\t\t\t\t<div class=\"elementor-element elementor-element-9b1bac2 elementor-widget elementor-widget-heading\" data-id=\"9b1bac2\" data-element_type=\"widget\" data-e-type=\"widget\" data-settings=\"{&quot;ekit_we_effect_on&quot;:&quot;none&quot;}\" data-widget_type=\"heading.default\">\n\t\t\t\t<div class=\"elementor-widget-container\">\n\t\t\t\t\t<h2 class=\"elementor-heading-title elementor-size-default\">Compromisso Agrado<\/h2>\t\t\t\t<\/div>\n\t\t\t\t<\/div>\n\t\t\t\t<\/div>\n\t\t<div class=\"elementor-element elementor-element-6e45bf6 e-con-full e-flex e-con e-child\" data-id=\"6e45bf6\" data-element_type=\"container\" data-e-type=\"container\" data-settings=\"{&quot;jet_parallax_layout_list&quot;:[],&quot;ekit_has_onepagescroll_dot&quot;:&quot;yes&quot;}\">\n\t\t\t\t<div class=\"elementor-element elementor-element-7247aa9 elementor-widget elementor-widget-image\" data-id=\"7247aa9\" data-element_type=\"widget\" data-e-type=\"widget\" data-settings=\"{&quot;ekit_we_effect_on&quot;:&quot;none&quot;}\" data-widget_type=\"image.default\">\n\t\t\t\t<div class=\"elementor-widget-container\">\n\t\t\t\t\t\t\t\t\t\t\t\t\t\t\t<img decoding=\"async\" width=\"143\" height=\"133\" src=\"https:\/\/agradocosmetic.com\/wp-content\/uploads\/2023\/10\/LOGO-LOVE-CARE-PLANET_AZUL_Mesa-de-trabajo-1.png\" class=\"attachment-large size-large wp-image-22754\" alt=\"\" \/>\t\t\t\t\t\t\t\t\t\t\t\t\t\t\t<\/div>\n\t\t\t\t<\/div>\n\t\t\t\t<\/div>\n\t\t\t\t\t<\/div>\n\t\t\t\t<\/div>\n\t\t<div class=\"elementor-element elementor-element-cfddcd4 e-flex e-con-boxed e-con e-parent\" data-id=\"cfddcd4\" data-element_type=\"container\" data-e-type=\"container\" data-settings=\"{&quot;jet_parallax_layout_list&quot;:[],&quot;ekit_has_onepagescroll_dot&quot;:&quot;yes&quot;}\">\n\t\t\t\t\t<div class=\"e-con-inner\">\n\t\t<div class=\"elementor-element elementor-element-7e28a17 e-flex e-con-boxed e-con e-child\" data-id=\"7e28a17\" data-element_type=\"container\" data-e-type=\"container\" data-settings=\"{&quot;background_background&quot;:&quot;classic&quot;,&quot;jet_parallax_layout_list&quot;:[],&quot;ekit_has_onepagescroll_dot&quot;:&quot;yes&quot;}\">\n\t\t\t\t\t<div class=\"e-con-inner\">\n\t\t<div class=\"elementor-element elementor-element-b128b46 e-flex e-con-boxed e-con e-child\" data-id=\"b128b46\" data-element_type=\"container\" data-e-type=\"container\" data-settings=\"{&quot;background_background&quot;:&quot;classic&quot;,&quot;jet_parallax_layout_list&quot;:[],&quot;ekit_has_onepagescroll_dot&quot;:&quot;yes&quot;}\">\n\t\t\t\t\t<div class=\"e-con-inner\">\n\t\t<div class=\"elementor-element elementor-element-0d10e4f e-flex e-con-boxed e-con e-child\" data-id=\"0d10e4f\" data-element_type=\"container\" data-e-type=\"container\" data-settings=\"{&quot;jet_parallax_layout_list&quot;:[],&quot;ekit_has_onepagescroll_dot&quot;:&quot;yes&quot;}\">\n\t\t\t\t\t<div class=\"e-con-inner\">\n\t\t\t\t<div class=\"elementor-element elementor-element-3264f79 elementor-widget elementor-widget-heading\" data-id=\"3264f79\" data-element_type=\"widget\" data-e-type=\"widget\" data-settings=\"{&quot;ekit_we_effect_on&quot;:&quot;none&quot;}\" data-widget_type=\"heading.default\">\n\t\t\t\t<div class=\"elementor-widget-container\">\n\t\t\t\t\t<h2 class=\"elementor-heading-title elementor-size-default\">NOSSA VIS\u00c3O: UM MUNDO ONDE<br> A BELEZA INSPIRA POSITIVAMENTE<\/h2>\t\t\t\t<\/div>\n\t\t\t\t<\/div>\n\t\t\t\t<div class=\"elementor-element elementor-element-4795ecf elementor-widget elementor-widget-text-editor\" data-id=\"4795ecf\" data-element_type=\"widget\" data-e-type=\"widget\" data-settings=\"{&quot;ekit_we_effect_on&quot;:&quot;none&quot;}\" data-widget_type=\"text-editor.default\">\n\t\t\t\t<div class=\"elementor-widget-container\">\n\t\t\t\t\t\t\t\t\tImaginamos um mundo onde a beleza inspira positivamente todos os recantos da vida. Na Agrado, aspiramos a tornar-nos l\u00edderes na ind\u00fastria cosm\u00e9tica ao elevar os standards e desafiando as conven\u00e7\u00f5es. Queremos ser reconhecidos como mais do que uma marca de beleza; queremos ser catalisadores da mudan\u00e7a, inspirando confian\u00e7a, empatia e respeito por n\u00f3s pr\u00f3prios e pelos outros.\t\t\t\t\t\t\t\t<\/div>\n\t\t\t\t<\/div>\n\t\t\t\t\t<\/div>\n\t\t\t\t<\/div>\n\t\t\t\t\t<\/div>\n\t\t\t\t<\/div>\n\t\t<div class=\"elementor-element elementor-element-73c1ceb e-flex e-con-boxed e-con e-child\" data-id=\"73c1ceb\" data-element_type=\"container\" data-e-type=\"container\" data-settings=\"{&quot;background_background&quot;:&quot;classic&quot;,&quot;jet_parallax_layout_list&quot;:[],&quot;ekit_has_onepagescroll_dot&quot;:&quot;yes&quot;}\">\n\t\t\t\t\t<div class=\"e-con-inner\">\n\t\t\t\t<div class=\"elementor-element elementor-element-a0a29bf elementor-widget elementor-widget-image\" data-id=\"a0a29bf\" data-element_type=\"widget\" data-e-type=\"widget\" data-settings=\"{&quot;ekit_we_effect_on&quot;:&quot;none&quot;}\" data-widget_type=\"image.default\">\n\t\t\t\t<div class=\"elementor-widget-container\">\n\t\t\t\t\t\t\t\t\t\t\t\t\t\t\t<img fetchpriority=\"high\" decoding=\"async\" width=\"653\" height=\"616\" src=\"https:\/\/agradocosmetic.com\/wp-content\/uploads\/2023\/09\/Compromiso-agrado-.jpg\" class=\"attachment-large size-large wp-image-864\" alt=\"\" srcset=\"https:\/\/agradocosmetic.com\/wp-content\/uploads\/2023\/09\/Compromiso-agrado-.jpg 653w, https:\/\/agradocosmetic.com\/wp-content\/uploads\/2023\/09\/Compromiso-agrado--300x283.jpg 300w\" sizes=\"(max-width: 653px) 100vw, 653px\" \/>\t\t\t\t\t\t\t\t\t\t\t\t\t\t\t<\/div>\n\t\t\t\t<\/div>\n\t\t\t\t\t<\/div>\n\t\t\t\t<\/div>\n\t\t\t\t\t<\/div>\n\t\t\t\t<\/div>\n\t\t\t\t\t<\/div>\n\t\t\t\t<\/div>\n\t\t<div class=\"elementor-element elementor-element-daecabb e-flex e-con-boxed e-con e-parent\" data-id=\"daecabb\" data-element_type=\"container\" data-e-type=\"container\" data-settings=\"{&quot;background_background&quot;:&quot;classic&quot;,&quot;jet_parallax_layout_list&quot;:[],&quot;ekit_has_onepagescroll_dot&quot;:&quot;yes&quot;}\">\n\t\t\t\t\t<div class=\"e-con-inner\">\n\t\t<div class=\"elementor-element elementor-element-9142723 e-con-full e-flex e-con e-child\" data-id=\"9142723\" data-element_type=\"container\" data-e-type=\"container\" data-settings=\"{&quot;jet_parallax_layout_list&quot;:[],&quot;ekit_has_onepagescroll_dot&quot;:&quot;yes&quot;}\">\n\t\t\t\t<div class=\"elementor-element elementor-element-bc0fd23 elementor-widget elementor-widget-image\" data-id=\"bc0fd23\" data-element_type=\"widget\" data-e-type=\"widget\" data-settings=\"{&quot;ekit_we_effect_on&quot;:&quot;none&quot;}\" data-widget_type=\"image.default\">\n\t\t\t\t<div class=\"elementor-widget-container\">\n\t\t\t\t\t\t\t\t\t\t\t\t\t\t\t<img decoding=\"async\" width=\"800\" height=\"668\" src=\"https:\/\/agradocosmetic.com\/wp-content\/uploads\/2023\/08\/mar-2.png\" class=\"attachment-large size-large wp-image-213\" alt=\"\" srcset=\"https:\/\/agradocosmetic.com\/wp-content\/uploads\/2023\/08\/mar-2.png 1000w, https:\/\/agradocosmetic.com\/wp-content\/uploads\/2023\/08\/mar-2-300x251.png 300w, https:\/\/agradocosmetic.com\/wp-content\/uploads\/2023\/08\/mar-2-768x641.png 768w, https:\/\/agradocosmetic.com\/wp-content\/uploads\/2023\/08\/mar-2-600x501.png 600w\" sizes=\"(max-width: 800px) 100vw, 800px\" \/>\t\t\t\t\t\t\t\t\t\t\t\t\t\t\t<\/div>\n\t\t\t\t<\/div>\n\t\t\t\t<\/div>\n\t\t<div class=\"elementor-element elementor-element-5d0d742 e-con-full e-flex e-con e-child\" data-id=\"5d0d742\" data-element_type=\"container\" data-e-type=\"container\" data-settings=\"{&quot;background_background&quot;:&quot;classic&quot;,&quot;jet_parallax_layout_list&quot;:[],&quot;ekit_has_onepagescroll_dot&quot;:&quot;yes&quot;}\">\n\t\t\t\t<div class=\"elementor-element elementor-element-e104c99 elementor-widget elementor-widget-heading\" data-id=\"e104c99\" data-element_type=\"widget\" data-e-type=\"widget\" data-settings=\"{&quot;ekit_we_effect_on&quot;:&quot;none&quot;}\" data-widget_type=\"heading.default\">\n\t\t\t\t<div class=\"elementor-widget-container\">\n\t\t\t\t\t<h2 class=\"elementor-heading-title elementor-size-default\">COMPROMISSO COM O PLANETA:<br> CUIDAR DO QUE CUIDA DE N\u00d3S.<\/h2>\t\t\t\t<\/div>\n\t\t\t\t<\/div>\n\t\t\t\t<div class=\"elementor-element elementor-element-58e2a33 elementor-widget elementor-widget-text-editor\" data-id=\"58e2a33\" data-element_type=\"widget\" data-e-type=\"widget\" data-settings=\"{&quot;ekit_we_effect_on&quot;:&quot;none&quot;}\" data-widget_type=\"text-editor.default\">\n\t\t\t\t<div class=\"elementor-widget-container\">\n\t\t\t\t\t\t\t\t\tNa Agrado entendemos que a beleza n\u00e3o deve comprometer o bem-estar da nossa casa, a Terra. Estamos empenhados em reduzir o nosso impacto ambiental, procurando constantemente alternativas sustent\u00e1veis e promovendo pr\u00e1ticas amigas do ambiente. Dedicamo-nos a contribuir para a preserva\u00e7\u00e3o da beleza natural que nos rodeia, trabalhando incansavelmente para garantir que as gera\u00e7\u00f5es vindouras tamb\u00e9m possam desfrutar do seu esplendor.\t\t\t\t\t\t\t\t<\/div>\n\t\t\t\t<\/div>\n\t\t\t\t<\/div>\n\t\t\t\t\t<\/div>\n\t\t\t\t<\/div>\n\t\t<div class=\"elementor-element elementor-element-61332bc e-flex e-con-boxed e-con e-parent\" data-id=\"61332bc\" data-element_type=\"container\" data-e-type=\"container\" data-settings=\"{&quot;jet_parallax_layout_list&quot;:[],&quot;ekit_has_onepagescroll_dot&quot;:&quot;yes&quot;}\">\n\t\t\t\t\t<div class=\"e-con-inner\">\n\t\t<div class=\"elementor-element elementor-element-5461fd5 e-flex e-con-boxed e-con e-child\" data-id=\"5461fd5\" data-element_type=\"container\" data-e-type=\"container\" data-settings=\"{&quot;jet_parallax_layout_list&quot;:[],&quot;ekit_has_onepagescroll_dot&quot;:&quot;yes&quot;}\">\n\t\t\t\t\t<div class=\"e-con-inner\">\n\t\t\t\t<div class=\"elementor-element elementor-element-432b88a elementor-widget elementor-widget-text-editor\" data-id=\"432b88a\" data-element_type=\"widget\" data-e-type=\"widget\" data-settings=\"{&quot;ekit_we_effect_on&quot;:&quot;none&quot;}\" data-widget_type=\"text-editor.default\">\n\t\t\t\t<div class=\"elementor-widget-container\">\n\t\t\t\t\t\t\t\t\tNa Agrado, estamos empenhados em elevar a beleza de forma respons\u00e1vel, abra\u00e7ando a autenticidade, cuidando das pessoas e do planeta que nos d\u00e1 tanta inspira\u00e7\u00e3o. Junte-se a n\u00f3s nesta jornada rumo a uma beleza mais significativa e sustent\u00e1vel. \t\t\t\t\t\t\t\t<\/div>\n\t\t\t\t<\/div>\n\t\t\t\t<div class=\"elementor-element elementor-element-bb24688 elementor-widget elementor-widget-text-editor\" data-id=\"bb24688\" data-element_type=\"widget\" data-e-type=\"widget\" data-settings=\"{&quot;ekit_we_effect_on&quot;:&quot;none&quot;}\" data-widget_type=\"text-editor.default\">\n\t\t\t\t<div class=\"elementor-widget-container\">\n\t\t\t\t\t\t\t\t\t<p><span style=\"color: #000000;\"><strong>Juntos, podemos fazer a diferen\u00e7a.<\/strong><\/span><\/p>\t\t\t\t\t\t\t\t<\/div>\n\t\t\t\t<\/div>\n\t\t\t\t\t<\/div>\n\t\t\t\t<\/div>\n\t\t\t\t\t<\/div>\n\t\t\t\t<\/div>\n\t\t\t\t<\/div>","protected":false},"excerpt":{"rendered":"<p>Compromiso Agrado NUESTRA VISI\u00d3N: UN MUNDO D\u00d3NDE LA BELLEZA INSPIRA POSITIVAMENTE Visualizamos un mundo donde la belleza inspira positivamente a todos los rincones de la vida. En Agrado, aspiramos a convertirnos en l\u00edderes en la industria cosm\u00e9tica al elevar los est\u00e1ndares y desafiar las convenciones. Queremos ser reconocidos como m\u00e1s que una marca de belleza; [&hellip;]<\/p>\n","protected":false},"author":1,"featured_media":864,"parent":0,"menu_order":24,"comment_status":"closed","ping_status":"closed","template":"","meta":{"footnotes":"","_wp_rev_ctl_limit":"5"},"class_list":["post-16","page","type-page","status-publish","has-post-thumbnail","hentry"],"yoast_head":"<!-- This site is optimized with the Yoast SEO plugin v26.9 - https:\/\/yoast.com\/product\/yoast-seo-wordpress\/ -->\n<title>Compromiso Agrado - Agrado<\/title>\n<meta name=\"robots\" content=\"index, follow, max-snippet:-1, max-image-preview:large, max-video-preview:-1\" \/>\n<link rel=\"canonical\" href=\"https:\/\/agradocosmetic.com\/pt\/compromiso-agrado\/\" \/>\n<meta property=\"og:locale\" content=\"pt_PT\" \/>\n<meta property=\"og:type\" content=\"article\" \/>\n<meta property=\"og:title\" content=\"Compromiso Agrado - Agrado\" \/>\n<meta property=\"og:description\" content=\"Compromiso Agrado NUESTRA VISI\u00d3N: UN MUNDO D\u00d3NDE LA BELLEZA INSPIRA POSITIVAMENTE Visualizamos un mundo donde la belleza inspira positivamente a todos los rincones de la vida. En Agrado, aspiramos a convertirnos en l\u00edderes en la industria cosm\u00e9tica al elevar los est\u00e1ndares y desafiar las convenciones. Queremos ser reconocidos como m\u00e1s que una marca de belleza; [&hellip;]\" \/>\n<meta property=\"og:url\" content=\"https:\/\/agradocosmetic.com\/pt\/compromiso-agrado\/\" \/>\n<meta property=\"og:site_name\" content=\"Agrado\" \/>\n<meta property=\"article:modified_time\" content=\"2024-06-24T13:08:35+00:00\" \/>\n<meta property=\"og:image\" content=\"https:\/\/agradocosmetic.com\/wp-content\/uploads\/2023\/09\/Compromiso-agrado-.jpg\" \/>\n\t<meta property=\"og:image:width\" content=\"653\" \/>\n\t<meta property=\"og:image:height\" content=\"616\" \/>\n\t<meta property=\"og:image:type\" content=\"image\/jpeg\" \/>\n<meta name=\"twitter:card\" content=\"summary_large_image\" \/>\n<meta name=\"twitter:label1\" content=\"Tempo estimado de leitura\" \/>\n\t<meta name=\"twitter:data1\" content=\"2 minutos\" \/>\n<script type=\"application\/ld+json\" class=\"yoast-schema-graph\">{\"@context\":\"https:\/\/schema.org\",\"@graph\":[{\"@type\":\"WebPage\",\"@id\":\"https:\/\/agradocosmetic.com\/compromiso-agrado\/\",\"url\":\"https:\/\/agradocosmetic.com\/compromiso-agrado\/\",\"name\":\"Compromiso Agrado - Agrado\",\"isPartOf\":{\"@id\":\"https:\/\/agradocosmetic.com\/#website\"},\"primaryImageOfPage\":{\"@id\":\"https:\/\/agradocosmetic.com\/compromiso-agrado\/#primaryimage\"},\"image\":{\"@id\":\"https:\/\/agradocosmetic.com\/compromiso-agrado\/#primaryimage\"},\"thumbnailUrl\":\"https:\/\/agradocosmetic.com\/wp-content\/uploads\/2023\/09\/Compromiso-agrado-.jpg\",\"datePublished\":\"2023-07-21T19:12:39+00:00\",\"dateModified\":\"2024-06-24T13:08:35+00:00\",\"breadcrumb\":{\"@id\":\"https:\/\/agradocosmetic.com\/compromiso-agrado\/#breadcrumb\"},\"inLanguage\":\"pt-PT\",\"potentialAction\":[{\"@type\":\"ReadAction\",\"target\":[\"https:\/\/agradocosmetic.com\/compromiso-agrado\/\"]}]},{\"@type\":\"ImageObject\",\"inLanguage\":\"pt-PT\",\"@id\":\"https:\/\/agradocosmetic.com\/compromiso-agrado\/#primaryimage\",\"url\":\"https:\/\/agradocosmetic.com\/wp-content\/uploads\/2023\/09\/Compromiso-agrado-.jpg\",\"contentUrl\":\"https:\/\/agradocosmetic.com\/wp-content\/uploads\/2023\/09\/Compromiso-agrado-.jpg\",\"width\":653,\"height\":616},{\"@type\":\"BreadcrumbList\",\"@id\":\"https:\/\/agradocosmetic.com\/compromiso-agrado\/#breadcrumb\",\"itemListElement\":[{\"@type\":\"ListItem\",\"position\":1,\"name\":\"Portada\",\"item\":\"https:\/\/agradocosmetic.com\/\"},{\"@type\":\"ListItem\",\"position\":2,\"name\":\"Compromiso Agrado\"}]},{\"@type\":\"WebSite\",\"@id\":\"https:\/\/agradocosmetic.com\/#website\",\"url\":\"https:\/\/agradocosmetic.com\/\",\"name\":\"Agrado\",\"description\":\"Cosmetic\",\"publisher\":{\"@id\":\"https:\/\/agradocosmetic.com\/#organization\"},\"potentialAction\":[{\"@type\":\"SearchAction\",\"target\":{\"@type\":\"EntryPoint\",\"urlTemplate\":\"https:\/\/agradocosmetic.com\/?s={search_term_string}\"},\"query-input\":{\"@type\":\"PropertyValueSpecification\",\"valueRequired\":true,\"valueName\":\"search_term_string\"}}],\"inLanguage\":\"pt-PT\"},{\"@type\":\"Organization\",\"@id\":\"https:\/\/agradocosmetic.com\/#organization\",\"name\":\"Agrado\",\"url\":\"https:\/\/agradocosmetic.com\/\",\"logo\":{\"@type\":\"ImageObject\",\"inLanguage\":\"pt-PT\",\"@id\":\"https:\/\/agradocosmetic.com\/#\/schema\/logo\/image\/\",\"url\":\"https:\/\/agradocosmetic.com\/wp-content\/uploads\/2023\/07\/LOGO-AGRADO-WEB-01.png\",\"contentUrl\":\"https:\/\/agradocosmetic.com\/wp-content\/uploads\/2023\/07\/LOGO-AGRADO-WEB-01.png\",\"width\":1632,\"height\":300,\"caption\":\"Agrado\"},\"image\":{\"@id\":\"https:\/\/agradocosmetic.com\/#\/schema\/logo\/image\/\"}}]}<\/script>\n<!-- \/ Yoast SEO plugin. -->","yoast_head_json":{"title":"Prazer do Compromisso - Prazer","robots":{"index":"index","follow":"follow","max-snippet":"max-snippet:-1","max-image-preview":"max-image-preview:large","max-video-preview":"max-video-preview:-1"},"canonical":"https:\/\/agradocosmetic.com\/pt\/compromiso-agrado\/","og_locale":"pt_PT","og_type":"article","og_title":"Compromiso Agrado - Agrado","og_description":"Compromiso Agrado NUESTRA VISI\u00d3N: UN MUNDO D\u00d3NDE LA BELLEZA INSPIRA POSITIVAMENTE Visualizamos un mundo donde la belleza inspira positivamente a todos los rincones de la vida. En Agrado, aspiramos a convertirnos en l\u00edderes en la industria cosm\u00e9tica al elevar los est\u00e1ndares y desafiar las convenciones. Queremos ser reconocidos como m\u00e1s que una marca de belleza; [&hellip;]","og_url":"https:\/\/agradocosmetic.com\/pt\/compromiso-agrado\/","og_site_name":"Agrado","article_modified_time":"2024-06-24T13:08:35+00:00","og_image":[{"width":653,"height":616,"url":"https:\/\/agradocosmetic.com\/wp-content\/uploads\/2023\/09\/Compromiso-agrado-.jpg","type":"image\/jpeg"}],"twitter_card":"summary_large_image","twitter_misc":{"Tempo estimado de leitura":"2 minutos"},"schema":{"@context":"https:\/\/schema.org","@graph":[{"@type":"WebPage","@id":"https:\/\/agradocosmetic.com\/compromiso-agrado\/","url":"https:\/\/agradocosmetic.com\/compromiso-agrado\/","name":"Prazer do Compromisso - Prazer","isPartOf":{"@id":"https:\/\/agradocosmetic.com\/#website"},"primaryImageOfPage":{"@id":"https:\/\/agradocosmetic.com\/compromiso-agrado\/#primaryimage"},"image":{"@id":"https:\/\/agradocosmetic.com\/compromiso-agrado\/#primaryimage"},"thumbnailUrl":"https:\/\/agradocosmetic.com\/wp-content\/uploads\/2023\/09\/Compromiso-agrado-.jpg","datePublished":"2023-07-21T19:12:39+00:00","dateModified":"2024-06-24T13:08:35+00:00","breadcrumb":{"@id":"https:\/\/agradocosmetic.com\/compromiso-agrado\/#breadcrumb"},"inLanguage":"pt-PT","potentialAction":[{"@type":"ReadAction","target":["https:\/\/agradocosmetic.com\/compromiso-agrado\/"]}]},{"@type":"ImageObject","inLanguage":"pt-PT","@id":"https:\/\/agradocosmetic.com\/compromiso-agrado\/#primaryimage","url":"https:\/\/agradocosmetic.com\/wp-content\/uploads\/2023\/09\/Compromiso-agrado-.jpg","contentUrl":"https:\/\/agradocosmetic.com\/wp-content\/uploads\/2023\/09\/Compromiso-agrado-.jpg","width":653,"height":616},{"@type":"BreadcrumbList","@id":"https:\/\/agradocosmetic.com\/compromiso-agrado\/#breadcrumb","itemListElement":[{"@type":"ListItem","position":1,"name":"Portada","item":"https:\/\/agradocosmetic.com\/"},{"@type":"ListItem","position":2,"name":"Compromiso Agrado"}]},{"@type":"WebSite","@id":"https:\/\/agradocosmetic.com\/#website","url":"https:\/\/agradocosmetic.com\/","name":"Gosto","description":"Cosm\u00e9tico","publisher":{"@id":"https:\/\/agradocosmetic.com\/#organization"},"potentialAction":[{"@type":"SearchAction","target":{"@type":"EntryPoint","urlTemplate":"https:\/\/agradocosmetic.com\/?s={search_term_string}"},"query-input":{"@type":"PropertyValueSpecification","valueRequired":true,"valueName":"search_term_string"}}],"inLanguage":"pt-PT"},{"@type":"Organization","@id":"https:\/\/agradocosmetic.com\/#organization","name":"Gosto","url":"https:\/\/agradocosmetic.com\/","logo":{"@type":"ImageObject","inLanguage":"pt-PT","@id":"https:\/\/agradocosmetic.com\/#\/schema\/logo\/image\/","url":"https:\/\/agradocosmetic.com\/wp-content\/uploads\/2023\/07\/LOGO-AGRADO-WEB-01.png","contentUrl":"https:\/\/agradocosmetic.com\/wp-content\/uploads\/2023\/07\/LOGO-AGRADO-WEB-01.png","width":1632,"height":300,"caption":"Agrado"},"image":{"@id":"https:\/\/agradocosmetic.com\/#\/schema\/logo\/image\/"}}]}},"_links":{"self":[{"href":"https:\/\/agradocosmetic.com\/pt\/wp-json\/wp\/v2\/pages\/16","targetHints":{"allow":["GET"]}}],"collection":[{"href":"https:\/\/agradocosmetic.com\/pt\/wp-json\/wp\/v2\/pages"}],"about":[{"href":"https:\/\/agradocosmetic.com\/pt\/wp-json\/wp\/v2\/types\/page"}],"author":[{"embeddable":true,"href":"https:\/\/agradocosmetic.com\/pt\/wp-json\/wp\/v2\/users\/1"}],"replies":[{"embeddable":true,"href":"https:\/\/agradocosmetic.com\/pt\/wp-json\/wp\/v2\/comments?post=16"}],"version-history":[{"count":5,"href":"https:\/\/agradocosmetic.com\/pt\/wp-json\/wp\/v2\/pages\/16\/revisions"}],"predecessor-version":[{"id":27745,"href":"https:\/\/agradocosmetic.com\/pt\/wp-json\/wp\/v2\/pages\/16\/revisions\/27745"}],"wp:featuredmedia":[{"embeddable":true,"href":"https:\/\/agradocosmetic.com\/pt\/wp-json\/wp\/v2\/media\/864"}],"wp:attachment":[{"href":"https:\/\/agradocosmetic.com\/pt\/wp-json\/wp\/v2\/media?parent=16"}],"curies":[{"name":"wp","href":"https:\/\/api.w.org\/{rel}","templated":true}]}}