{"id":28776,"date":"2024-12-03T10:02:25","date_gmt":"2024-12-03T09:02:25","guid":{"rendered":"https:\/\/agradocosmetic.com\/?page_id=28776"},"modified":"2025-05-05T11:56:24","modified_gmt":"2025-05-05T10:56:24","slug":"skin-positive-storytelling","status":"publish","type":"page","link":"https:\/\/agradocosmetic.com\/pt\/skin-positive-storytelling\/","title":{"rendered":"Hist\u00f3rias de pele"},"content":{"rendered":"<div data-elementor-type=\"wp-page\" data-elementor-id=\"28776\" class=\"elementor elementor-28776\" data-elementor-post-type=\"page\">\n\t\t\t\t<div class=\"elementor-element elementor-element-f1b286b e-flex e-con-boxed e-con e-parent\" data-id=\"f1b286b\" data-element_type=\"container\" data-e-type=\"container\" data-settings=\"{&quot;background_background&quot;:&quot;classic&quot;,&quot;jet_parallax_layout_list&quot;:[],&quot;ekit_has_onepagescroll_dot&quot;:&quot;yes&quot;}\">\n\t\t\t\t\t<div class=\"e-con-inner\">\n\t\t<div class=\"elementor-element elementor-element-651e10d e-con-full e-flex e-con e-child\" data-id=\"651e10d\" data-element_type=\"container\" data-e-type=\"container\" data-settings=\"{&quot;jet_parallax_layout_list&quot;:[],&quot;ekit_has_onepagescroll_dot&quot;:&quot;yes&quot;}\">\n\t\t\t\t<div class=\"elementor-element elementor-element-007394c elementor-widget elementor-widget-text-editor\" data-id=\"007394c\" data-element_type=\"widget\" data-e-type=\"widget\" data-settings=\"{&quot;ekit_we_effect_on&quot;:&quot;none&quot;}\" data-widget_type=\"text-editor.default\">\n\t\t\t\t<div class=\"elementor-widget-container\">\n\t\t\t\t\t\t\t\t\tskin positive\t\t\t\t\t\t\t\t<\/div>\n\t\t\t\t<\/div>\n\t\t\t\t<\/div>\n\t\t<div class=\"elementor-element elementor-element-d5f4d86 e-con-full e-flex e-con e-child\" data-id=\"d5f4d86\" data-element_type=\"container\" data-e-type=\"container\" data-settings=\"{&quot;jet_parallax_layout_list&quot;:[],&quot;ekit_has_onepagescroll_dot&quot;:&quot;yes&quot;}\">\n\t\t\t\t<div class=\"elementor-element elementor-element-f5d5c9d elementor-widget elementor-widget-heading\" data-id=\"f5d5c9d\" data-element_type=\"widget\" data-e-type=\"widget\" data-settings=\"{&quot;ekit_we_effect_on&quot;:&quot;none&quot;}\" data-widget_type=\"heading.default\">\n\t\t\t\t<div class=\"elementor-widget-container\">\n\t\t\t\t\t<h2 class=\"elementor-heading-title elementor-size-default\">Love my skin<\/h2>\t\t\t\t<\/div>\n\t\t\t\t<\/div>\n\t\t\t\t<\/div>\n\t\t<div class=\"elementor-element elementor-element-62f87f9 e-con-full e-flex e-con e-child\" data-id=\"62f87f9\" data-element_type=\"container\" data-e-type=\"container\" data-settings=\"{&quot;jet_parallax_layout_list&quot;:[],&quot;ekit_has_onepagescroll_dot&quot;:&quot;yes&quot;}\">\n\t\t\t\t<div class=\"elementor-element elementor-element-98fff15 elementor-widget__width-initial elementor-widget elementor-widget-text-editor\" data-id=\"98fff15\" data-element_type=\"widget\" data-e-type=\"widget\" data-settings=\"{&quot;ekit_we_effect_on&quot;:&quot;none&quot;}\" data-widget_type=\"text-editor.default\">\n\t\t\t\t<div class=\"elementor-widget-container\">\n\t\t\t\t\t\t\t\t\t<p class=\"translation-block\">Aceitar a nossa pele \u00e9 aceitar-nos. Aceitar os seus diferentes estados \u00e9 incluir-nos. Cuidar dela e dar-lhe o que precisa \u00e9 querer-nos.\nBem-vind@ ao Skin Positive, uma nova forma de cuidar da sua pele, que real\u00e7a o melhor de si respondendo aos seus estados<\/p>\t\t\t\t\t\t\t\t<\/div>\n\t\t\t\t<\/div>\n\t\t\t\t<\/div>\n\t\t<div class=\"elementor-element elementor-element-b1859c1 e-con-full e-flex e-con e-child\" data-id=\"b1859c1\" data-element_type=\"container\" data-e-type=\"container\" data-settings=\"{&quot;jet_parallax_layout_list&quot;:[],&quot;ekit_has_onepagescroll_dot&quot;:&quot;yes&quot;}\">\n\t\t\t\t<div class=\"elementor-element elementor-element-c0dd075 elementor-widget-mobile__width-initial elementor-widget elementor-widget-image\" data-id=\"c0dd075\" data-element_type=\"widget\" data-e-type=\"widget\" data-settings=\"{&quot;ekit_we_effect_on&quot;:&quot;none&quot;}\" data-widget_type=\"image.default\">\n\t\t\t\t<div class=\"elementor-widget-container\">\n\t\t\t\t\t\t\t\t\t\t\t\t\t\t\t<img decoding=\"async\" src=\"https:\/\/agradocosmetic.com\/wp-content\/uploads\/2024\/11\/by-agrado.webp\" title=\"\" alt=\"\" loading=\"lazy\" \/>\t\t\t\t\t\t\t\t\t\t\t\t\t\t\t<\/div>\n\t\t\t\t<\/div>\n\t\t\t\t<\/div>\n\t\t\t\t\t<\/div>\n\t\t\t\t<\/div>\n\t\t<div class=\"elementor-element elementor-element-4d9c786 e-flex e-con-boxed e-con e-parent\" data-id=\"4d9c786\" data-element_type=\"container\" data-e-type=\"container\" data-settings=\"{&quot;background_background&quot;:&quot;classic&quot;,&quot;jet_parallax_layout_list&quot;:[],&quot;ekit_has_onepagescroll_dot&quot;:&quot;yes&quot;}\">\n\t\t\t\t\t<div class=\"e-con-inner\">\n\t\t<div class=\"elementor-element elementor-element-3ca3283 e-con-full e-flex e-con e-child\" data-id=\"3ca3283\" data-element_type=\"container\" data-e-type=\"container\" data-settings=\"{&quot;jet_parallax_layout_list&quot;:[],&quot;ekit_has_onepagescroll_dot&quot;:&quot;yes&quot;}\">\n\t\t\t\t<div class=\"elementor-element elementor-element-3c5d54a elementor-widget elementor-widget-heading\" data-id=\"3c5d54a\" data-element_type=\"widget\" data-e-type=\"widget\" data-settings=\"{&quot;ekit_we_effect_on&quot;:&quot;none&quot;}\" data-widget_type=\"heading.default\">\n\t\t\t\t<div class=\"elementor-widget-container\">\n\t\t\t\t\t<h3 class=\"elementor-heading-title elementor-size-default translation-block\">Para uma <br>\nbeleza positiva<\/h3>\t\t\t\t<\/div>\n\t\t\t\t<\/div>\n\t\t\t\t<\/div>\n\t\t<div class=\"elementor-element elementor-element-b0c4dd6 e-con-full e-flex e-con e-child\" data-id=\"b0c4dd6\" data-element_type=\"container\" data-e-type=\"container\" data-settings=\"{&quot;jet_parallax_layout_list&quot;:[],&quot;ekit_has_onepagescroll_dot&quot;:&quot;yes&quot;}\">\n\t\t\t\t<div class=\"elementor-element elementor-element-6c58b3c elementor-widget__width-initial elementor-widget elementor-widget-text-editor\" data-id=\"6c58b3c\" data-element_type=\"widget\" data-e-type=\"widget\" data-settings=\"{&quot;ekit_we_effect_on&quot;:&quot;none&quot;}\" data-widget_type=\"text-editor.default\">\n\t\t\t\t<div class=\"elementor-widget-container\">\n\t\t\t\t\t\t\t\t\t<p class=\"translation-block\">A beleza positiva \u00e9 uma realidade que se manifesta quando cuidamos de n\u00f3s pr\u00f3prios com amor e nos aceitamos tal como somos. Cada pele, com as suas particularidades, etapas e hist\u00f3rias, \u00e9 bela na sua singularidade.\nNa Agrado Skin Positive, celebramos o que a torna \u00fanica num gesto de abra\u00e7o \u00e0 sua ess\u00eancia.<\/p>\t\t\t\t\t\t\t\t<\/div>\n\t\t\t\t<\/div>\n\t\t\t\t<\/div>\n\t\t\t\t\t<\/div>\n\t\t\t\t<\/div>\n\t\t<div class=\"elementor-element elementor-element-0f69ec6 e-flex e-con-boxed e-con e-parent\" data-id=\"0f69ec6\" data-element_type=\"container\" data-e-type=\"container\" data-settings=\"{&quot;background_background&quot;:&quot;classic&quot;,&quot;jet_parallax_layout_list&quot;:[],&quot;ekit_has_onepagescroll_dot&quot;:&quot;yes&quot;}\">\n\t\t\t\t\t<div class=\"e-con-inner\">\n\t\t<div class=\"elementor-element elementor-element-95e07b3 e-con-full elementor-hidden-mobile e-flex e-con e-child\" data-id=\"95e07b3\" data-element_type=\"container\" data-e-type=\"container\" data-settings=\"{&quot;jet_parallax_layout_list&quot;:[],&quot;ekit_has_onepagescroll_dot&quot;:&quot;yes&quot;}\">\n\t\t\t\t<\/div>\n\t\t<div class=\"elementor-element elementor-element-5f8dd76 e-con-full e-flex e-con e-child\" data-id=\"5f8dd76\" data-element_type=\"container\" data-e-type=\"container\" data-settings=\"{&quot;jet_parallax_layout_list&quot;:[],&quot;ekit_has_onepagescroll_dot&quot;:&quot;yes&quot;}\">\n\t\t\t\t<div class=\"elementor-element elementor-element-af77049 elementor-widget elementor-widget-heading\" data-id=\"af77049\" data-element_type=\"widget\" data-e-type=\"widget\" data-settings=\"{&quot;ekit_we_effect_on&quot;:&quot;none&quot;}\" data-widget_type=\"heading.default\">\n\t\t\t\t<div class=\"elementor-widget-container\">\n\t\t\t\t\t<h3 class=\"elementor-heading-title elementor-size-default translation-block\">Somos \u00fanicos <br>\nsomos especiais<\/h3>\t\t\t\t<\/div>\n\t\t\t\t<\/div>\n\t\t\t\t<div class=\"elementor-element elementor-element-2c3c29f elementor-widget__width-initial elementor-widget elementor-widget-text-editor\" data-id=\"2c3c29f\" data-element_type=\"widget\" data-e-type=\"widget\" data-settings=\"{&quot;ekit_we_effect_on&quot;:&quot;none&quot;}\" data-widget_type=\"text-editor.default\">\n\t\t\t\t<div class=\"elementor-widget-container\">\n\t\t\t\t\t\t\t\t\t<p>Imagine rostos reais: peles com pequenas linhas, texturas \u00fanicas ou marcas que contam hist\u00f3rias. Cada pele lembra-nos que somos \u00fanicos e especiais. Cuidar da sua pele n\u00e3o \u00e9 procurar a perfei\u00e7\u00e3o, sen\u00e3o destacar o melhor de si, entendendo que cada etapa e necessidade merece aten\u00e7\u00e3o e cuidado.<\/p>\t\t\t\t\t\t\t\t<\/div>\n\t\t\t\t<\/div>\n\t\t\t\t<\/div>\n\t\t\t\t\t<\/div>\n\t\t\t\t<\/div>\n\t\t<div class=\"elementor-element elementor-element-e3ecac4 e-flex e-con-boxed e-con e-parent\" data-id=\"e3ecac4\" data-element_type=\"container\" data-e-type=\"container\" data-settings=\"{&quot;background_background&quot;:&quot;classic&quot;,&quot;jet_parallax_layout_list&quot;:[],&quot;ekit_has_onepagescroll_dot&quot;:&quot;yes&quot;}\">\n\t\t\t\t\t<div class=\"e-con-inner\">\n\t\t<div class=\"elementor-element elementor-element-1774840 e-con-full e-flex e-con e-child\" data-id=\"1774840\" data-element_type=\"container\" data-e-type=\"container\" data-settings=\"{&quot;jet_parallax_layout_list&quot;:[],&quot;ekit_has_onepagescroll_dot&quot;:&quot;yes&quot;}\">\n\t\t\t\t<div class=\"elementor-element elementor-element-6d36d73 elementor-widget elementor-widget-heading\" data-id=\"6d36d73\" data-element_type=\"widget\" data-e-type=\"widget\" data-settings=\"{&quot;ekit_we_effect_on&quot;:&quot;none&quot;}\" data-widget_type=\"heading.default\">\n\t\t\t\t<div class=\"elementor-widget-container\">\n\t\t\t\t\t<h3 class=\"elementor-heading-title elementor-size-default translation-block\">Skin positive <br>\nby Agrado<\/h3>\t\t\t\t<\/div>\n\t\t\t\t<\/div>\n\t\t\t\t<\/div>\n\t\t<div class=\"elementor-element elementor-element-091582e e-con-full e-flex e-con e-child\" data-id=\"091582e\" data-element_type=\"container\" data-e-type=\"container\" data-settings=\"{&quot;jet_parallax_layout_list&quot;:[],&quot;ekit_has_onepagescroll_dot&quot;:&quot;yes&quot;}\">\n\t\t\t\t<div class=\"elementor-element elementor-element-81570fc elementor-widget__width-initial elementor-widget elementor-widget-text-editor\" data-id=\"81570fc\" data-element_type=\"widget\" data-e-type=\"widget\" data-settings=\"{&quot;ekit_we_effect_on&quot;:&quot;none&quot;}\" data-widget_type=\"text-editor.default\">\n\t\t\t\t<div class=\"elementor-widget-container\">\n\t\t\t\t\t\t\t\t\t<p class=\"translation-block\">Agrado Skin Positive \u00e9 muito mais que uma linha de produtos para a limpeza e o cuidado facial; \u00e9 um compromisso com o seu bem-estar. Concebida para adaptar-se \u00e0s necessidades de cada pele, a nossa gama limpa, hidrata, cuida e protege.\nDesde as peles jovens \u00e0s peles maduras que procuram hidrata\u00e7\u00e3o, equil\u00edbrio, elasticidade e firmeza. Cada uma das nossas f\u00f3rmulas trabalha consigo para se sentir bem.<\/p>\t\t\t\t\t\t\t\t<\/div>\n\t\t\t\t<\/div>\n\t\t\t\t<\/div>\n\t\t\t\t\t<\/div>\n\t\t\t\t<\/div>\n\t\t\t\t<\/div>","protected":false},"excerpt":{"rendered":"<p>skin positive Love my skin Aceptar nuestra piel es aceptarnos. Aceptar sus diferentes estados es incluirnos. Cuidarla y darle lo que necesita es querernos. Bienvenid@ a Skin Positive una nueva forma de cuidar tu piel, que resalta lo mejor de ti respondiendo a sus estados Hacia una belleza positiva La belleza positiva es una realidad [&hellip;]<\/p>\n","protected":false},"author":5,"featured_media":0,"parent":0,"menu_order":12,"comment_status":"closed","ping_status":"closed","template":"","meta":{"footnotes":"","_wp_rev_ctl_limit":""},"class_list":["post-28776","page","type-page","status-publish","hentry"],"yoast_head":"<!-- This site is optimized with the Yoast SEO plugin v26.9 - https:\/\/yoast.com\/product\/yoast-seo-wordpress\/ -->\n<title>Skin Stories - Agrado<\/title>\n<meta name=\"robots\" content=\"index, follow, max-snippet:-1, max-image-preview:large, max-video-preview:-1\" \/>\n<link rel=\"canonical\" href=\"https:\/\/agradocosmetic.com\/pt\/skin-positive-storytelling\/\" \/>\n<meta property=\"og:locale\" content=\"pt_PT\" \/>\n<meta property=\"og:type\" content=\"article\" \/>\n<meta property=\"og:title\" content=\"Skin Stories - Agrado\" \/>\n<meta property=\"og:description\" content=\"skin positive Love my skin Aceptar nuestra piel es aceptarnos. Aceptar sus diferentes estados es incluirnos. Cuidarla y darle lo que necesita es querernos. Bienvenid@ a Skin Positive una nueva forma de cuidar tu piel, que resalta lo mejor de ti respondiendo a sus estados Hacia una belleza positiva La belleza positiva es una realidad [&hellip;]\" \/>\n<meta property=\"og:url\" content=\"https:\/\/agradocosmetic.com\/pt\/skin-positive-storytelling\/\" \/>\n<meta property=\"og:site_name\" content=\"Agrado\" \/>\n<meta property=\"article:modified_time\" content=\"2025-05-05T10:56:24+00:00\" \/>\n<meta property=\"og:image\" content=\"https:\/\/agradocosmetic.com\/wp-content\/uploads\/2024\/11\/by-agrado.webp\" \/>\n<meta name=\"twitter:card\" content=\"summary_large_image\" \/>\n<meta name=\"twitter:label1\" content=\"Tempo estimado de leitura\" \/>\n\t<meta name=\"twitter:data1\" content=\"2 minutos\" \/>\n<script type=\"application\/ld+json\" class=\"yoast-schema-graph\">{\"@context\":\"https:\/\/schema.org\",\"@graph\":[{\"@type\":\"WebPage\",\"@id\":\"https:\/\/agradocosmetic.com\/skin-positive-storytelling\/\",\"url\":\"https:\/\/agradocosmetic.com\/skin-positive-storytelling\/\",\"name\":\"Skin Stories - Agrado\",\"isPartOf\":{\"@id\":\"https:\/\/agradocosmetic.com\/#website\"},\"primaryImageOfPage\":{\"@id\":\"https:\/\/agradocosmetic.com\/skin-positive-storytelling\/#primaryimage\"},\"image\":{\"@id\":\"https:\/\/agradocosmetic.com\/skin-positive-storytelling\/#primaryimage\"},\"thumbnailUrl\":\"https:\/\/agradocosmetic.com\/wp-content\/uploads\/2024\/11\/by-agrado.webp\",\"datePublished\":\"2024-12-03T09:02:25+00:00\",\"dateModified\":\"2025-05-05T10:56:24+00:00\",\"breadcrumb\":{\"@id\":\"https:\/\/agradocosmetic.com\/skin-positive-storytelling\/#breadcrumb\"},\"inLanguage\":\"pt-PT\",\"potentialAction\":[{\"@type\":\"ReadAction\",\"target\":[\"https:\/\/agradocosmetic.com\/skin-positive-storytelling\/\"]}]},{\"@type\":\"ImageObject\",\"inLanguage\":\"pt-PT\",\"@id\":\"https:\/\/agradocosmetic.com\/skin-positive-storytelling\/#primaryimage\",\"url\":\"https:\/\/agradocosmetic.com\/wp-content\/uploads\/2024\/11\/by-agrado.webp\",\"contentUrl\":\"https:\/\/agradocosmetic.com\/wp-content\/uploads\/2024\/11\/by-agrado.webp\"},{\"@type\":\"BreadcrumbList\",\"@id\":\"https:\/\/agradocosmetic.com\/skin-positive-storytelling\/#breadcrumb\",\"itemListElement\":[{\"@type\":\"ListItem\",\"position\":1,\"name\":\"Portada\",\"item\":\"https:\/\/agradocosmetic.com\/\"},{\"@type\":\"ListItem\",\"position\":2,\"name\":\"Skin Stories\"}]},{\"@type\":\"WebSite\",\"@id\":\"https:\/\/agradocosmetic.com\/#website\",\"url\":\"https:\/\/agradocosmetic.com\/\",\"name\":\"Agrado\",\"description\":\"Cosmetic\",\"publisher\":{\"@id\":\"https:\/\/agradocosmetic.com\/#organization\"},\"potentialAction\":[{\"@type\":\"SearchAction\",\"target\":{\"@type\":\"EntryPoint\",\"urlTemplate\":\"https:\/\/agradocosmetic.com\/?s={search_term_string}\"},\"query-input\":{\"@type\":\"PropertyValueSpecification\",\"valueRequired\":true,\"valueName\":\"search_term_string\"}}],\"inLanguage\":\"pt-PT\"},{\"@type\":\"Organization\",\"@id\":\"https:\/\/agradocosmetic.com\/#organization\",\"name\":\"Agrado\",\"url\":\"https:\/\/agradocosmetic.com\/\",\"logo\":{\"@type\":\"ImageObject\",\"inLanguage\":\"pt-PT\",\"@id\":\"https:\/\/agradocosmetic.com\/#\/schema\/logo\/image\/\",\"url\":\"https:\/\/agradocosmetic.com\/wp-content\/uploads\/2023\/07\/LOGO-AGRADO-WEB-01.png\",\"contentUrl\":\"https:\/\/agradocosmetic.com\/wp-content\/uploads\/2023\/07\/LOGO-AGRADO-WEB-01.png\",\"width\":1632,\"height\":300,\"caption\":\"Agrado\"},\"image\":{\"@id\":\"https:\/\/agradocosmetic.com\/#\/schema\/logo\/image\/\"}}]}<\/script>\n<!-- \/ Yoast SEO plugin. -->","yoast_head_json":{"title":"Hist\u00f3rias de Pele - Agrado","robots":{"index":"index","follow":"follow","max-snippet":"max-snippet:-1","max-image-preview":"max-image-preview:large","max-video-preview":"max-video-preview:-1"},"canonical":"https:\/\/agradocosmetic.com\/pt\/skin-positive-storytelling\/","og_locale":"pt_PT","og_type":"article","og_title":"Skin Stories - Agrado","og_description":"skin positive Love my skin Aceptar nuestra piel es aceptarnos. Aceptar sus diferentes estados es incluirnos. Cuidarla y darle lo que necesita es querernos. Bienvenid@ a Skin Positive una nueva forma de cuidar tu piel, que resalta lo mejor de ti respondiendo a sus estados Hacia una belleza positiva La belleza positiva es una realidad [&hellip;]","og_url":"https:\/\/agradocosmetic.com\/pt\/skin-positive-storytelling\/","og_site_name":"Agrado","article_modified_time":"2025-05-05T10:56:24+00:00","og_image":[{"url":"https:\/\/agradocosmetic.com\/wp-content\/uploads\/2024\/11\/by-agrado.webp","type":"","width":"","height":""}],"twitter_card":"summary_large_image","twitter_misc":{"Tempo estimado de leitura":"2 minutos"},"schema":{"@context":"https:\/\/schema.org","@graph":[{"@type":"WebPage","@id":"https:\/\/agradocosmetic.com\/skin-positive-storytelling\/","url":"https:\/\/agradocosmetic.com\/skin-positive-storytelling\/","name":"Hist\u00f3rias de Pele - Agrado","isPartOf":{"@id":"https:\/\/agradocosmetic.com\/#website"},"primaryImageOfPage":{"@id":"https:\/\/agradocosmetic.com\/skin-positive-storytelling\/#primaryimage"},"image":{"@id":"https:\/\/agradocosmetic.com\/skin-positive-storytelling\/#primaryimage"},"thumbnailUrl":"https:\/\/agradocosmetic.com\/wp-content\/uploads\/2024\/11\/by-agrado.webp","datePublished":"2024-12-03T09:02:25+00:00","dateModified":"2025-05-05T10:56:24+00:00","breadcrumb":{"@id":"https:\/\/agradocosmetic.com\/skin-positive-storytelling\/#breadcrumb"},"inLanguage":"pt-PT","potentialAction":[{"@type":"ReadAction","target":["https:\/\/agradocosmetic.com\/skin-positive-storytelling\/"]}]},{"@type":"ImageObject","inLanguage":"pt-PT","@id":"https:\/\/agradocosmetic.com\/skin-positive-storytelling\/#primaryimage","url":"https:\/\/agradocosmetic.com\/wp-content\/uploads\/2024\/11\/by-agrado.webp","contentUrl":"https:\/\/agradocosmetic.com\/wp-content\/uploads\/2024\/11\/by-agrado.webp"},{"@type":"BreadcrumbList","@id":"https:\/\/agradocosmetic.com\/skin-positive-storytelling\/#breadcrumb","itemListElement":[{"@type":"ListItem","position":1,"name":"Portada","item":"https:\/\/agradocosmetic.com\/"},{"@type":"ListItem","position":2,"name":"Skin Stories"}]},{"@type":"WebSite","@id":"https:\/\/agradocosmetic.com\/#website","url":"https:\/\/agradocosmetic.com\/","name":"Gosto","description":"Cosm\u00e9tico","publisher":{"@id":"https:\/\/agradocosmetic.com\/#organization"},"potentialAction":[{"@type":"SearchAction","target":{"@type":"EntryPoint","urlTemplate":"https:\/\/agradocosmetic.com\/?s={search_term_string}"},"query-input":{"@type":"PropertyValueSpecification","valueRequired":true,"valueName":"search_term_string"}}],"inLanguage":"pt-PT"},{"@type":"Organization","@id":"https:\/\/agradocosmetic.com\/#organization","name":"Gosto","url":"https:\/\/agradocosmetic.com\/","logo":{"@type":"ImageObject","inLanguage":"pt-PT","@id":"https:\/\/agradocosmetic.com\/#\/schema\/logo\/image\/","url":"https:\/\/agradocosmetic.com\/wp-content\/uploads\/2023\/07\/LOGO-AGRADO-WEB-01.png","contentUrl":"https:\/\/agradocosmetic.com\/wp-content\/uploads\/2023\/07\/LOGO-AGRADO-WEB-01.png","width":1632,"height":300,"caption":"Agrado"},"image":{"@id":"https:\/\/agradocosmetic.com\/#\/schema\/logo\/image\/"}}]}},"_links":{"self":[{"href":"https:\/\/agradocosmetic.com\/pt\/wp-json\/wp\/v2\/pages\/28776","targetHints":{"allow":["GET"]}}],"collection":[{"href":"https:\/\/agradocosmetic.com\/pt\/wp-json\/wp\/v2\/pages"}],"about":[{"href":"https:\/\/agradocosmetic.com\/pt\/wp-json\/wp\/v2\/types\/page"}],"author":[{"embeddable":true,"href":"https:\/\/agradocosmetic.com\/pt\/wp-json\/wp\/v2\/users\/5"}],"replies":[{"embeddable":true,"href":"https:\/\/agradocosmetic.com\/pt\/wp-json\/wp\/v2\/comments?post=28776"}],"version-history":[{"count":10,"href":"https:\/\/agradocosmetic.com\/pt\/wp-json\/wp\/v2\/pages\/28776\/revisions"}],"predecessor-version":[{"id":30073,"href":"https:\/\/agradocosmetic.com\/pt\/wp-json\/wp\/v2\/pages\/28776\/revisions\/30073"}],"wp:attachment":[{"href":"https:\/\/agradocosmetic.com\/pt\/wp-json\/wp\/v2\/media?parent=28776"}],"curies":[{"name":"wp","href":"https:\/\/api.w.org\/{rel}","templated":true}]}}