{"id":934,"date":"2023-09-11T18:36:58","date_gmt":"2023-09-11T18:36:58","guid":{"rendered":"https:\/\/dev-freelancerweb.site\/?page_id=934"},"modified":"2025-07-09T12:34:11","modified_gmt":"2025-07-09T11:34:11","slug":"politica-de-calidad","status":"publish","type":"page","link":"https:\/\/agradocosmetic.com\/pt\/politica-de-calidad\/","title":{"rendered":"Pol\u00edtica de qualidade"},"content":{"rendered":"<div data-elementor-type=\"wp-page\" data-elementor-id=\"934\" class=\"elementor elementor-934\" data-elementor-post-type=\"page\">\n\t\t\t\t<div class=\"elementor-element elementor-element-cc36e93 e-flex e-con-boxed e-con e-parent\" data-id=\"cc36e93\" data-element_type=\"container\" data-e-type=\"container\" data-settings=\"{&quot;jet_parallax_layout_list&quot;:[],&quot;ekit_has_onepagescroll_dot&quot;:&quot;yes&quot;}\">\n\t\t\t\t\t<div class=\"e-con-inner\">\n\t\t\t\t<div class=\"elementor-element elementor-element-ae2df97 elementor-widget elementor-widget-heading\" data-id=\"ae2df97\" data-element_type=\"widget\" data-e-type=\"widget\" data-settings=\"{&quot;ekit_we_effect_on&quot;:&quot;none&quot;}\" data-widget_type=\"heading.default\">\n\t\t\t\t<div class=\"elementor-widget-container\">\n\t\t\t\t\t<h2 class=\"elementor-heading-title elementor-size-default\">Pol\u00edtica de qualidade\n<\/h2>\t\t\t\t<\/div>\n\t\t\t\t<\/div>\n\t\t\t\t<div class=\"elementor-element elementor-element-6e9e876 elementor-widget elementor-widget-text-editor\" data-id=\"6e9e876\" data-element_type=\"widget\" data-e-type=\"widget\" data-settings=\"{&quot;ekit_we_effect_on&quot;:&quot;none&quot;}\" data-widget_type=\"text-editor.default\">\n\t\t\t\t<div class=\"elementor-widget-container\">\n\t\t\t\t\t\t\t\t\t<p><span style=\"font-weight: 400;\">O Conselho de Administra\u00e7\u00e3o da <strong>Grupo Romar Global Care (RGC)<\/strong>, constitu\u00edda pela Sociedade <strong>QUIMI ROMAR, SL<\/strong>, a Sociedade <strong>AGRADO COSMETICS CARE 3000 SL<\/strong> e SOCIEDADE <strong>ENVASADO XIOMARA SL<\/strong>, mant\u00e9m um Sistema de Gest\u00e3o da Qualidade (SGQ) baseado na Pol\u00edtica de Qualidade da Empresa que considera o contexto social, econ\u00f3mico e ambiental, bem como as partes interessadas relacionadas com a nossa atividade (ambiente, trabalhadores, concorr\u00eancia...) e gera confian\u00e7a, tanto entre os nossos Clientes e internamente, que a Empresa tem a capacidade de conceber e fornecer produtos conformes que alcancem a satisfa\u00e7\u00e3o dos referidos Clientes, expandindo os mercados da Empresa.<\/span><\/p><p><span style=\"font-weight: 400;\">O Conselho de Administra\u00e7\u00e3o da<strong> Grupo RGC<\/strong>, como maior respons\u00e1vel pela aplica\u00e7\u00e3o da Pol\u00edtica da Qualidade, compromete-se a apoiar a implementa\u00e7\u00e3o e manuten\u00e7\u00e3o do referido Sistema de Gest\u00e3o da Qualidade para alcan\u00e7ar a melhoria cont\u00ednua, e a cumprir e fazer cumprir em todos os n\u00edveis da Empresa as responsabilidades e atividades atribu\u00eddas no SGQ documenta\u00e7\u00e3o.<\/span><\/p><p><span style=\"font-weight: 400;\">A administra\u00e7\u00e3o da empresa, atrav\u00e9s do seu Presidente, assume a responsabilidade pelo cumprimento das Boas Pr\u00e1ticas de Fabrico (GMP-Good Manufacturing Practices) e compromete-se a utilizar todos os meios ao seu alcance; Para atingir estes objectivos \u00e9 necess\u00e1ria a participa\u00e7\u00e3o e empenho de todos os colaboradores da empresa, bem como dos visitantes.<\/span><\/p><p><span style=\"font-weight: 400;\">A Pol\u00edtica de Qualidade da <strong>Grupo RGC<\/strong> se baseia em:<\/span><\/p><ul><li><span style=\"font-weight: 400;\">Desenhar, estabelecer e manter um Sistema de Qualidade adaptado \u00e0s nossas atividades e <\/span><span style=\"font-weight: 400;\">natureza dos produtos de higiene pessoal, limpeza e inseticidas e, particularmente, no <\/span><span style=\"font-weight: 400;\">linhas cosm\u00e9ticas que satisfazem as necessidades e expectativas dos clientes, com a <\/span><span style=\"font-weight: 400;\">melhor tecnologia poss\u00edvel.\u00a0<\/span><\/li><li><span style=\"font-weight: 400;\">Cumprir os requisitos legislativos e regulamentares aplic\u00e1veis.\u00a0<\/span><\/li><li><span style=\"font-weight: 400;\">Garantir que os fornecedores de mat\u00e9rias-primas atendam \u00e0s expectativas de qualidade, pre\u00e7o e servi\u00e7o.\u00a0<\/span><\/li><li><span style=\"font-weight: 400;\">Entregar produtos a pre\u00e7os competitivos e em prazos adequados, alcan\u00e7ando e mantendo uma reputa\u00e7\u00e3o de qualidade com bom servi\u00e7o e pre\u00e7o.<\/span><\/li><li><span style=\"font-weight: 400;\">Desfrute de um esp\u00edrito inovador apoiado num plano de forma\u00e7\u00e3o cont\u00ednua.<\/span><\/li><li><span style=\"font-weight: 400;\">Defesa do Produto: Preven\u00e7\u00e3o da Adultera\u00e7\u00e3o Intencional<\/span><\/li><\/ul><p><span style=\"font-weight: 400;\">O objetivo final do Grupo RGC \u00e9 alcan\u00e7ar um lugar de destaque no mercado e que os nossos clientes beneficiem das melhorias obtidas com a correta aplica\u00e7\u00e3o do Sistema de Gest\u00e3o da Qualidade e cumprimento das BPF. Da mesma forma, compromete-se a informar os seus clientes com a maior brevidade poss\u00edvel sobre qualquer problema relacionado com a seguran\u00e7a ou legalidade do produto, incluindo desvios e n\u00e3o conformidades identificados pelas autoridades competentes.<\/span><\/p><p><span style=\"font-weight: 400;\">Os diferentes riscos f\u00edsicos, qu\u00edmicos e microbiol\u00f3gicos foram considerados no estudo HACCP, bem como todos os aspectos da seguran\u00e7a do produto. Desta forma, o Grupo RGC garante a seguran\u00e7a e inocuidade dos seus produtos colocados no mercado, dotando-se de meios t\u00e9cnicos e humanos para garantir a adequa\u00e7\u00e3o sanit\u00e1ria dos seus produtos e os requisitos especificados pelos clientes e consumidores. Neste sentido, estar\u00e3o dispon\u00edveis os meios necess\u00e1rios para resolver qualquer aspecto exigido pela regulamenta\u00e7\u00e3o e pelos clientes, contribuindo para a melhoria cont\u00ednua da empresa e dos seus clientes. <\/span><span style=\"font-weight: 400;\">seus produtos e servi\u00e7os oferecidos. Pretende-se que a melhoria dos processos e a sua gest\u00e3o seja sustent\u00e1vel e respeitadora do ambiente e do meio social em que a empresa desenvolve a sua atividade, assumindo as suas responsabilidades ambientais, \u00e9ticas e laborais no seu desenvolvimento.<\/span><\/p><p><span style=\"font-weight: 400;\">A Administra\u00e7\u00e3o do Grupo RGC deseja transmitir a import\u00e2ncia da correta compreens\u00e3o, implementa\u00e7\u00e3o e atualiza\u00e7\u00e3o desta pol\u00edtica a todos os n\u00edveis da empresa e compromete-se a disponibilizar os recursos adequados ao seu desenvolvimento e implementa\u00e7\u00e3o, bem como a efetuar o correspondente acompanhamento. da sua efic\u00e1cia.<\/span><\/p><p><span style=\"font-weight: 400;\">Em Sagunto, 26 de agosto de 2024.<\/span><\/p><p><span style=\"font-weight: 400;\">Pablo Rodr\u00edguez-Gimeno<\/span><\/p><p><span style=\"font-weight: 400;\">Diretor geral<\/span><\/p><p><span style=\"font-weight: 400;\">GRUPO ROMAR GLOBAL CARE<\/span><\/p>\t\t\t\t\t\t\t\t<\/div>\n\t\t\t\t<\/div>\n\t\t\t\t\t<\/div>\n\t\t\t\t<\/div>\n\t\t\t\t<\/div>","protected":false},"excerpt":{"rendered":"<p>Pol\u00edtica de calidad El Consejo de Administraci\u00f3n del Grupo Romar Global Care (RGC), constituido por la Sociedad QUIMI ROMAR, S.L., la Sociedad AGRADO COSMETICS CARE 3000 S.L. y la SOCIEDAD ENVASADO XIOMARA S.L., mantiene un Sistema de Gesti\u00f3n de la Calidad (SGC) fundamentado en la Pol\u00edtica de la Calidad de la Empresa que considera el [&hellip;]<\/p>\n","protected":false},"author":1,"featured_media":22230,"parent":0,"menu_order":49,"comment_status":"closed","ping_status":"closed","template":"","meta":{"footnotes":"","_wp_rev_ctl_limit":""},"class_list":["post-934","page","type-page","status-publish","has-post-thumbnail","hentry"],"yoast_head":"<!-- This site is optimized with the Yoast SEO plugin v27.4 - https:\/\/yoast.com\/product\/yoast-seo-wordpress\/ -->\n<title>Pol\u00edtica de calidad - Agrado<\/title>\n<meta name=\"robots\" content=\"index, follow, max-snippet:-1, max-image-preview:large, max-video-preview:-1\" \/>\n<link rel=\"canonical\" href=\"https:\/\/agradocosmetic.com\/pt\/politica-de-calidad\/\" \/>\n<meta property=\"og:locale\" content=\"pt_PT\" \/>\n<meta property=\"og:type\" content=\"article\" \/>\n<meta property=\"og:title\" content=\"Pol\u00edtica de calidad - Agrado\" \/>\n<meta property=\"og:description\" content=\"Pol\u00edtica de calidad El Consejo de Administraci\u00f3n del Grupo Romar Global Care (RGC), constituido por la Sociedad QUIMI ROMAR, S.L., la Sociedad AGRADO COSMETICS CARE 3000 S.L. y la SOCIEDAD ENVASADO XIOMARA S.L., mantiene un Sistema de Gesti\u00f3n de la Calidad (SGC) fundamentado en la Pol\u00edtica de la Calidad de la Empresa que considera el [&hellip;]\" \/>\n<meta property=\"og:url\" content=\"https:\/\/agradocosmetic.com\/pt\/politica-de-calidad\/\" \/>\n<meta property=\"og:site_name\" content=\"Agrado\" \/>\n<meta property=\"article:modified_time\" content=\"2025-07-09T11:34:11+00:00\" \/>\n<meta property=\"og:image\" content=\"https:\/\/agradocosmetic.com\/wp-content\/uploads\/2023\/10\/Distribuidores-contacto.jpg\" \/>\n\t<meta property=\"og:image:width\" content=\"353\" \/>\n\t<meta property=\"og:image:height\" content=\"224\" \/>\n\t<meta property=\"og:image:type\" content=\"image\/jpeg\" \/>\n<meta name=\"twitter:card\" content=\"summary_large_image\" \/>\n<meta name=\"twitter:label1\" content=\"Tempo estimado de leitura\" \/>\n\t<meta name=\"twitter:data1\" content=\"3 minutos\" \/>\n<script type=\"application\/ld+json\" class=\"yoast-schema-graph\">{\"@context\":\"https:\\\/\\\/schema.org\",\"@graph\":[{\"@type\":\"WebPage\",\"@id\":\"https:\\\/\\\/agradocosmetic.com\\\/politica-de-calidad\\\/\",\"url\":\"https:\\\/\\\/agradocosmetic.com\\\/politica-de-calidad\\\/\",\"name\":\"Pol\u00edtica de calidad - Agrado\",\"isPartOf\":{\"@id\":\"https:\\\/\\\/agradocosmetic.com\\\/#website\"},\"primaryImageOfPage\":{\"@id\":\"https:\\\/\\\/agradocosmetic.com\\\/politica-de-calidad\\\/#primaryimage\"},\"image\":{\"@id\":\"https:\\\/\\\/agradocosmetic.com\\\/politica-de-calidad\\\/#primaryimage\"},\"thumbnailUrl\":\"https:\\\/\\\/agradocosmetic.com\\\/wp-content\\\/uploads\\\/2023\\\/10\\\/Distribuidores-contacto.jpg\",\"datePublished\":\"2023-09-11T18:36:58+00:00\",\"dateModified\":\"2025-07-09T11:34:11+00:00\",\"breadcrumb\":{\"@id\":\"https:\\\/\\\/agradocosmetic.com\\\/politica-de-calidad\\\/#breadcrumb\"},\"inLanguage\":\"pt-PT\",\"potentialAction\":[{\"@type\":\"ReadAction\",\"target\":[\"https:\\\/\\\/agradocosmetic.com\\\/politica-de-calidad\\\/\"]}]},{\"@type\":\"ImageObject\",\"inLanguage\":\"pt-PT\",\"@id\":\"https:\\\/\\\/agradocosmetic.com\\\/politica-de-calidad\\\/#primaryimage\",\"url\":\"https:\\\/\\\/agradocosmetic.com\\\/wp-content\\\/uploads\\\/2023\\\/10\\\/Distribuidores-contacto.jpg\",\"contentUrl\":\"https:\\\/\\\/agradocosmetic.com\\\/wp-content\\\/uploads\\\/2023\\\/10\\\/Distribuidores-contacto.jpg\",\"width\":353,\"height\":224},{\"@type\":\"BreadcrumbList\",\"@id\":\"https:\\\/\\\/agradocosmetic.com\\\/politica-de-calidad\\\/#breadcrumb\",\"itemListElement\":[{\"@type\":\"ListItem\",\"position\":1,\"name\":\"Portada\",\"item\":\"https:\\\/\\\/agradocosmetic.com\\\/\"},{\"@type\":\"ListItem\",\"position\":2,\"name\":\"Pol\u00edtica de calidad\"}]},{\"@type\":\"WebSite\",\"@id\":\"https:\\\/\\\/agradocosmetic.com\\\/#website\",\"url\":\"https:\\\/\\\/agradocosmetic.com\\\/\",\"name\":\"Agrado\",\"description\":\"Cosmetic\",\"publisher\":{\"@id\":\"https:\\\/\\\/agradocosmetic.com\\\/#organization\"},\"potentialAction\":[{\"@type\":\"SearchAction\",\"target\":{\"@type\":\"EntryPoint\",\"urlTemplate\":\"https:\\\/\\\/agradocosmetic.com\\\/?s={search_term_string}\"},\"query-input\":{\"@type\":\"PropertyValueSpecification\",\"valueRequired\":true,\"valueName\":\"search_term_string\"}}],\"inLanguage\":\"pt-PT\"},{\"@type\":\"Organization\",\"@id\":\"https:\\\/\\\/agradocosmetic.com\\\/#organization\",\"name\":\"Agrado\",\"url\":\"https:\\\/\\\/agradocosmetic.com\\\/\",\"logo\":{\"@type\":\"ImageObject\",\"inLanguage\":\"pt-PT\",\"@id\":\"https:\\\/\\\/agradocosmetic.com\\\/#\\\/schema\\\/logo\\\/image\\\/\",\"url\":\"https:\\\/\\\/agradocosmetic.com\\\/wp-content\\\/uploads\\\/2023\\\/07\\\/LOGO-AGRADO-WEB-01.png\",\"contentUrl\":\"https:\\\/\\\/agradocosmetic.com\\\/wp-content\\\/uploads\\\/2023\\\/07\\\/LOGO-AGRADO-WEB-01.png\",\"width\":1632,\"height\":300,\"caption\":\"Agrado\"},\"image\":{\"@id\":\"https:\\\/\\\/agradocosmetic.com\\\/#\\\/schema\\\/logo\\\/image\\\/\"}}]}<\/script>\n<!-- \/ Yoast SEO plugin. -->","yoast_head_json":{"title":"Pol\u00edtica de calidad - Agrado","robots":{"index":"index","follow":"follow","max-snippet":"max-snippet:-1","max-image-preview":"max-image-preview:large","max-video-preview":"max-video-preview:-1"},"canonical":"https:\/\/agradocosmetic.com\/pt\/politica-de-calidad\/","og_locale":"pt_PT","og_type":"article","og_title":"Pol\u00edtica de calidad - Agrado","og_description":"Pol\u00edtica de calidad El Consejo de Administraci\u00f3n del Grupo Romar Global Care (RGC), constituido por la Sociedad QUIMI ROMAR, S.L., la Sociedad AGRADO COSMETICS CARE 3000 S.L. y la SOCIEDAD ENVASADO XIOMARA S.L., mantiene un Sistema de Gesti\u00f3n de la Calidad (SGC) fundamentado en la Pol\u00edtica de la Calidad de la Empresa que considera el [&hellip;]","og_url":"https:\/\/agradocosmetic.com\/pt\/politica-de-calidad\/","og_site_name":"Agrado","article_modified_time":"2025-07-09T11:34:11+00:00","og_image":[{"width":353,"height":224,"url":"https:\/\/agradocosmetic.com\/wp-content\/uploads\/2023\/10\/Distribuidores-contacto.jpg","type":"image\/jpeg"}],"twitter_card":"summary_large_image","twitter_misc":{"Tempo estimado de leitura":"3 minutos"},"schema":{"@context":"https:\/\/schema.org","@graph":[{"@type":"WebPage","@id":"https:\/\/agradocosmetic.com\/politica-de-calidad\/","url":"https:\/\/agradocosmetic.com\/politica-de-calidad\/","name":"Pol\u00edtica de calidad - Agrado","isPartOf":{"@id":"https:\/\/agradocosmetic.com\/#website"},"primaryImageOfPage":{"@id":"https:\/\/agradocosmetic.com\/politica-de-calidad\/#primaryimage"},"image":{"@id":"https:\/\/agradocosmetic.com\/politica-de-calidad\/#primaryimage"},"thumbnailUrl":"https:\/\/agradocosmetic.com\/wp-content\/uploads\/2023\/10\/Distribuidores-contacto.jpg","datePublished":"2023-09-11T18:36:58+00:00","dateModified":"2025-07-09T11:34:11+00:00","breadcrumb":{"@id":"https:\/\/agradocosmetic.com\/politica-de-calidad\/#breadcrumb"},"inLanguage":"pt-PT","potentialAction":[{"@type":"ReadAction","target":["https:\/\/agradocosmetic.com\/politica-de-calidad\/"]}]},{"@type":"ImageObject","inLanguage":"pt-PT","@id":"https:\/\/agradocosmetic.com\/politica-de-calidad\/#primaryimage","url":"https:\/\/agradocosmetic.com\/wp-content\/uploads\/2023\/10\/Distribuidores-contacto.jpg","contentUrl":"https:\/\/agradocosmetic.com\/wp-content\/uploads\/2023\/10\/Distribuidores-contacto.jpg","width":353,"height":224},{"@type":"BreadcrumbList","@id":"https:\/\/agradocosmetic.com\/politica-de-calidad\/#breadcrumb","itemListElement":[{"@type":"ListItem","position":1,"name":"Portada","item":"https:\/\/agradocosmetic.com\/"},{"@type":"ListItem","position":2,"name":"Pol\u00edtica de calidad"}]},{"@type":"WebSite","@id":"https:\/\/agradocosmetic.com\/#website","url":"https:\/\/agradocosmetic.com\/","name":"Gosto","description":"Cosm\u00e9tico","publisher":{"@id":"https:\/\/agradocosmetic.com\/#organization"},"potentialAction":[{"@type":"SearchAction","target":{"@type":"EntryPoint","urlTemplate":"https:\/\/agradocosmetic.com\/?s={search_term_string}"},"query-input":{"@type":"PropertyValueSpecification","valueRequired":true,"valueName":"search_term_string"}}],"inLanguage":"pt-PT"},{"@type":"Organization","@id":"https:\/\/agradocosmetic.com\/#organization","name":"Gosto","url":"https:\/\/agradocosmetic.com\/","logo":{"@type":"ImageObject","inLanguage":"pt-PT","@id":"https:\/\/agradocosmetic.com\/#\/schema\/logo\/image\/","url":"https:\/\/agradocosmetic.com\/wp-content\/uploads\/2023\/07\/LOGO-AGRADO-WEB-01.png","contentUrl":"https:\/\/agradocosmetic.com\/wp-content\/uploads\/2023\/07\/LOGO-AGRADO-WEB-01.png","width":1632,"height":300,"caption":"Agrado"},"image":{"@id":"https:\/\/agradocosmetic.com\/#\/schema\/logo\/image\/"}}]}},"_links":{"self":[{"href":"https:\/\/agradocosmetic.com\/pt\/wp-json\/wp\/v2\/pages\/934","targetHints":{"allow":["GET"]}}],"collection":[{"href":"https:\/\/agradocosmetic.com\/pt\/wp-json\/wp\/v2\/pages"}],"about":[{"href":"https:\/\/agradocosmetic.com\/pt\/wp-json\/wp\/v2\/types\/page"}],"author":[{"embeddable":true,"href":"https:\/\/agradocosmetic.com\/pt\/wp-json\/wp\/v2\/users\/1"}],"replies":[{"embeddable":true,"href":"https:\/\/agradocosmetic.com\/pt\/wp-json\/wp\/v2\/comments?post=934"}],"version-history":[{"count":10,"href":"https:\/\/agradocosmetic.com\/pt\/wp-json\/wp\/v2\/pages\/934\/revisions"}],"predecessor-version":[{"id":32715,"href":"https:\/\/agradocosmetic.com\/pt\/wp-json\/wp\/v2\/pages\/934\/revisions\/32715"}],"wp:featuredmedia":[{"embeddable":true,"href":"https:\/\/agradocosmetic.com\/pt\/wp-json\/wp\/v2\/media\/22230"}],"wp:attachment":[{"href":"https:\/\/agradocosmetic.com\/pt\/wp-json\/wp\/v2\/media?parent=934"}],"curies":[{"name":"wp","href":"https:\/\/api.w.org\/{rel}","templated":true}]}}